{"id":8281,"date":"2024-05-15T23:06:08","date_gmt":"2024-05-15T21:06:08","guid":{"rendered":"https:\/\/marialepucka.pl\/produkt\/pusha-appointments\/"},"modified":"2026-02-09T22:12:20","modified_gmt":"2026-02-09T21:12:20","slug":"maly-brzuszek-wielki-problem-ebook","status":"publish","type":"product","link":"https:\/\/marialepucka.pl\/en\/product\/maly-brzuszek-wielki-problem-ebook\/","title":{"rendered":"Ma\u0142y Brzuszek &#8211; Wielki Problem. Poradnik o kolkach, ulewaniu i alergiach u niemowl\u0105t [ebook]"},"content":{"rendered":"","protected":false},"excerpt":{"rendered":"<pre><span aria-hidden=\"true\">Najni\u017csza cena z 30 dni przed obni\u017ck\u0105:\u00a0<\/span><span class=\"lowest-price__omnibus-price-text\" aria-hidden=\"true\">115 z\u0142<\/span><\/pre>\n<ul class=\"-features ui-t-xs ui-pt-1\">\n<li>Autor: <strong>Maria Lepucka<\/strong><\/li>\n<li><span class=\"ui-t-gray-600\">Liczba stron: <strong>136<\/strong><\/span><\/li>\n<li>Format: <strong>PDF<\/strong><\/li>\n<\/ul>\n<p>Po zakupie otrzymasz link do pobrania e-booka.\u200b<\/p>","protected":false},"featured_media":9243,"template":"","meta":{"pmpro_default_level":"","inline_featured_image":false},"product_cat":[15],"product_tag":[],"class_list":["post-8281","product","type-product","status-publish","has-post-thumbnail","hentry","product_cat-uncategorized","pmpro-has-access"],"yoast_head":"<!-- This site is optimized with the Yoast SEO plugin v26.9 - https:\/\/yoast.com\/product\/yoast-seo-wordpress\/ -->\n<title>Ma\u0142y Brzuszek - Wielki Problem. Poradnik o kolkach, ulewaniu i alergiach u niemowl\u0105t [ebook] - Maria Lepucka - po\u0142o\u017cna, certyfikowany doradca laktacyjny<\/title>\n<meta name=\"description\" content=\"Kompleksowy poradnik dla rodzic\u00f3w niemowl\u0105t z kolkami, gazami, ulewaniem i alergiami. Rozwi\u0105zania oparte na dowodach medycznych i wieloletnim do\u015bwiadczeniu po\u0142o\u017cnej i CDL. Naucz si\u0119 rozr\u00f3\u017cnia\u0107 norm\u0119 od problemu i skutecznie wspiera\u0107 brzuszek dziecka.\" \/>\n<meta name=\"robots\" content=\"index, follow, max-snippet:-1, max-image-preview:large, max-video-preview:-1\" \/>\n<link rel=\"canonical\" href=\"https:\/\/marialepucka.pl\/en\/product\/maly-brzuszek-wielki-problem-ebook\/\" \/>\n<meta property=\"og:locale\" content=\"en_US\" \/>\n<meta property=\"og:type\" content=\"article\" \/>\n<meta property=\"og:title\" content=\"Ma\u0142y Brzuszek - Wielki Problem. Poradnik o kolkach, ulewaniu i alergiach u niemowl\u0105t [ebook] - Maria Lepucka - po\u0142o\u017cna, certyfikowany doradca laktacyjny\" \/>\n<meta property=\"og:description\" content=\"Kompleksowy poradnik dla rodzic\u00f3w niemowl\u0105t z kolkami, gazami, ulewaniem i alergiami. Rozwi\u0105zania oparte na dowodach medycznych i wieloletnim do\u015bwiadczeniu po\u0142o\u017cnej i CDL. Naucz si\u0119 rozr\u00f3\u017cnia\u0107 norm\u0119 od problemu i skutecznie wspiera\u0107 brzuszek dziecka.\" \/>\n<meta property=\"og:url\" content=\"https:\/\/marialepucka.pl\/en\/product\/maly-brzuszek-wielki-problem-ebook\/\" \/>\n<meta property=\"og:site_name\" content=\"Maria Lepucka - po\u0142o\u017cna, certyfikowany doradca laktacyjny\" \/>\n<meta property=\"article:publisher\" content=\"https:\/\/www.facebook.com\/maria.lepucka.polozna\/\" \/>\n<meta property=\"article:modified_time\" content=\"2026-02-09T21:12:20+00:00\" \/>\n<meta property=\"og:image\" content=\"https:\/\/marialepucka.pl\/wp-content\/uploads\/2026\/02\/Maly-brzuszek-wielki-problem-ebook.png\" \/>\n\t<meta property=\"og:image:width\" content=\"1545\" \/>\n\t<meta property=\"og:image:height\" content=\"1999\" \/>\n\t<meta property=\"og:image:type\" content=\"image\/png\" \/>\n<meta name=\"twitter:card\" content=\"summary_large_image\" \/>\n<meta name=\"twitter:label1\" content=\"Est. reading time\" \/>\n\t<meta name=\"twitter:data1\" content=\"1 minute\" \/>\n<script type=\"application\/ld+json\" class=\"yoast-schema-graph\">{\"@context\":\"https:\/\/schema.org\",\"@graph\":[{\"@type\":\"WebPage\",\"@id\":\"https:\/\/marialepucka.pl\/produkt\/maly-brzuszek-wielki-problem-ebook\/\",\"url\":\"https:\/\/marialepucka.pl\/produkt\/maly-brzuszek-wielki-problem-ebook\/\",\"name\":\"Ma\u0142y Brzuszek - Wielki Problem. Poradnik o kolkach, ulewaniu i alergiach u niemowl\u0105t [ebook] - Maria Lepucka - po\u0142o\u017cna, certyfikowany doradca laktacyjny\",\"isPartOf\":{\"@id\":\"https:\/\/marialepucka.pl\/#website\"},\"primaryImageOfPage\":{\"@id\":\"https:\/\/marialepucka.pl\/produkt\/maly-brzuszek-wielki-problem-ebook\/#primaryimage\"},\"image\":{\"@id\":\"https:\/\/marialepucka.pl\/produkt\/maly-brzuszek-wielki-problem-ebook\/#primaryimage\"},\"thumbnailUrl\":\"https:\/\/marialepucka.pl\/wp-content\/uploads\/2026\/02\/Maly-brzuszek-wielki-problem-ebook.png\",\"datePublished\":\"2024-05-15T21:06:08+00:00\",\"dateModified\":\"2026-02-09T21:12:20+00:00\",\"description\":\"Kompleksowy poradnik dla rodzic\u00f3w niemowl\u0105t z kolkami, gazami, ulewaniem i alergiami. Rozwi\u0105zania oparte na dowodach medycznych i wieloletnim do\u015bwiadczeniu po\u0142o\u017cnej i CDL. Naucz si\u0119 rozr\u00f3\u017cnia\u0107 norm\u0119 od problemu i skutecznie wspiera\u0107 brzuszek dziecka.\",\"breadcrumb\":{\"@id\":\"https:\/\/marialepucka.pl\/produkt\/maly-brzuszek-wielki-problem-ebook\/#breadcrumb\"},\"inLanguage\":\"en-US\",\"potentialAction\":[{\"@type\":\"ReadAction\",\"target\":[\"https:\/\/marialepucka.pl\/produkt\/maly-brzuszek-wielki-problem-ebook\/\"]}]},{\"@type\":\"ImageObject\",\"inLanguage\":\"en-US\",\"@id\":\"https:\/\/marialepucka.pl\/produkt\/maly-brzuszek-wielki-problem-ebook\/#primaryimage\",\"url\":\"https:\/\/marialepucka.pl\/wp-content\/uploads\/2026\/02\/Maly-brzuszek-wielki-problem-ebook.png\",\"contentUrl\":\"https:\/\/marialepucka.pl\/wp-content\/uploads\/2026\/02\/Maly-brzuszek-wielki-problem-ebook.png\",\"width\":1545,\"height\":1999,\"caption\":\"Ma\u0142y Brzuszek - Wielki Problem [ebook]\"},{\"@type\":\"BreadcrumbList\",\"@id\":\"https:\/\/marialepucka.pl\/produkt\/maly-brzuszek-wielki-problem-ebook\/#breadcrumb\",\"itemListElement\":[{\"@type\":\"ListItem\",\"position\":1,\"name\":\"Strona g\u0142\u00f3wna\",\"item\":\"https:\/\/marialepucka.pl\/\"},{\"@type\":\"ListItem\",\"position\":2,\"name\":\"Konsultacje\",\"item\":\"https:\/\/marialepucka.pl\/konsultacje\/\"},{\"@type\":\"ListItem\",\"position\":3,\"name\":\"Ma\u0142y Brzuszek &#8211; Wielki Problem. Poradnik o kolkach, ulewaniu i alergiach u niemowl\u0105t [ebook]\"}]},{\"@type\":\"WebSite\",\"@id\":\"https:\/\/marialepucka.pl\/#website\",\"url\":\"https:\/\/marialepucka.pl\/\",\"name\":\"Maria Lepucka - po\u0142o\u017cna, certyfikowany doradca laktacyjny\",\"description\":\"Maria Lepucka - po\u0142o\u017cna, certyfikowany doradca laktacyjny, specjalista z zakresu psychodietetyki. Sprawd\u017a referencje, zapisz si\u0119 na szkolenia i konsultacje.\",\"publisher\":{\"@id\":\"https:\/\/marialepucka.pl\/#\/schema\/person\/1ef7936d3440d25cd095172c104a774e\"},\"potentialAction\":[{\"@type\":\"SearchAction\",\"target\":{\"@type\":\"EntryPoint\",\"urlTemplate\":\"https:\/\/marialepucka.pl\/?s={search_term_string}\"},\"query-input\":{\"@type\":\"PropertyValueSpecification\",\"valueRequired\":true,\"valueName\":\"search_term_string\"}}],\"inLanguage\":\"en-US\"},{\"@type\":[\"Person\",\"Organization\"],\"@id\":\"https:\/\/marialepucka.pl\/#\/schema\/person\/1ef7936d3440d25cd095172c104a774e\",\"name\":\"Maria Lepucka\",\"image\":{\"@type\":\"ImageObject\",\"inLanguage\":\"en-US\",\"@id\":\"https:\/\/marialepucka.pl\/#\/schema\/person\/image\/\",\"url\":\"https:\/\/marialepucka.pl\/wp-content\/uploads\/2021\/03\/Maria_Lepucka-96x96.png\",\"contentUrl\":\"https:\/\/marialepucka.pl\/wp-content\/uploads\/2021\/03\/Maria_Lepucka-96x96.png\",\"caption\":\"Maria Lepucka\"},\"logo\":{\"@id\":\"https:\/\/marialepucka.pl\/#\/schema\/person\/image\/\"},\"sameAs\":[\"https:\/\/marialepucka.pl\",\"https:\/\/www.facebook.com\/maria.lepucka.polozna\/\",\"https:\/\/www.instagram.com\/maria.lepucka.polozna\/\",\"https:\/\/www.youtube.com\/c\/MariaLepucka\"]}]}<\/script>\n<!-- \/ Yoast SEO plugin. -->","yoast_head_json":{"title":"Ma\u0142y Brzuszek - Wielki Problem. Poradnik o kolkach, ulewaniu i alergiach u niemowl\u0105t [ebook] - Maria Lepucka - po\u0142o\u017cna, certyfikowany doradca laktacyjny","description":"Kompleksowy poradnik dla rodzic\u00f3w niemowl\u0105t z kolkami, gazami, ulewaniem i alergiami. Rozwi\u0105zania oparte na dowodach medycznych i wieloletnim do\u015bwiadczeniu po\u0142o\u017cnej i CDL. Naucz si\u0119 rozr\u00f3\u017cnia\u0107 norm\u0119 od problemu i skutecznie wspiera\u0107 brzuszek dziecka.","robots":{"index":"index","follow":"follow","max-snippet":"max-snippet:-1","max-image-preview":"max-image-preview:large","max-video-preview":"max-video-preview:-1"},"canonical":"https:\/\/marialepucka.pl\/en\/product\/maly-brzuszek-wielki-problem-ebook\/","og_locale":"en_US","og_type":"article","og_title":"Ma\u0142y Brzuszek - Wielki Problem. Poradnik o kolkach, ulewaniu i alergiach u niemowl\u0105t [ebook] - Maria Lepucka - po\u0142o\u017cna, certyfikowany doradca laktacyjny","og_description":"Kompleksowy poradnik dla rodzic\u00f3w niemowl\u0105t z kolkami, gazami, ulewaniem i alergiami. Rozwi\u0105zania oparte na dowodach medycznych i wieloletnim do\u015bwiadczeniu po\u0142o\u017cnej i CDL. Naucz si\u0119 rozr\u00f3\u017cnia\u0107 norm\u0119 od problemu i skutecznie wspiera\u0107 brzuszek dziecka.","og_url":"https:\/\/marialepucka.pl\/en\/product\/maly-brzuszek-wielki-problem-ebook\/","og_site_name":"Maria Lepucka - po\u0142o\u017cna, certyfikowany doradca laktacyjny","article_publisher":"https:\/\/www.facebook.com\/maria.lepucka.polozna\/","article_modified_time":"2026-02-09T21:12:20+00:00","og_image":[{"width":1545,"height":1999,"url":"https:\/\/marialepucka.pl\/wp-content\/uploads\/2026\/02\/Maly-brzuszek-wielki-problem-ebook.png","type":"image\/png"}],"twitter_card":"summary_large_image","twitter_misc":{"Est. reading time":"1 minute"},"schema":{"@context":"https:\/\/schema.org","@graph":[{"@type":"WebPage","@id":"https:\/\/marialepucka.pl\/produkt\/maly-brzuszek-wielki-problem-ebook\/","url":"https:\/\/marialepucka.pl\/produkt\/maly-brzuszek-wielki-problem-ebook\/","name":"Ma\u0142y Brzuszek - Wielki Problem. Poradnik o kolkach, ulewaniu i alergiach u niemowl\u0105t [ebook] - Maria Lepucka - po\u0142o\u017cna, certyfikowany doradca laktacyjny","isPartOf":{"@id":"https:\/\/marialepucka.pl\/#website"},"primaryImageOfPage":{"@id":"https:\/\/marialepucka.pl\/produkt\/maly-brzuszek-wielki-problem-ebook\/#primaryimage"},"image":{"@id":"https:\/\/marialepucka.pl\/produkt\/maly-brzuszek-wielki-problem-ebook\/#primaryimage"},"thumbnailUrl":"https:\/\/marialepucka.pl\/wp-content\/uploads\/2026\/02\/Maly-brzuszek-wielki-problem-ebook.png","datePublished":"2024-05-15T21:06:08+00:00","dateModified":"2026-02-09T21:12:20+00:00","description":"Kompleksowy poradnik dla rodzic\u00f3w niemowl\u0105t z kolkami, gazami, ulewaniem i alergiami. Rozwi\u0105zania oparte na dowodach medycznych i wieloletnim do\u015bwiadczeniu po\u0142o\u017cnej i CDL. Naucz si\u0119 rozr\u00f3\u017cnia\u0107 norm\u0119 od problemu i skutecznie wspiera\u0107 brzuszek dziecka.","breadcrumb":{"@id":"https:\/\/marialepucka.pl\/produkt\/maly-brzuszek-wielki-problem-ebook\/#breadcrumb"},"inLanguage":"en-US","potentialAction":[{"@type":"ReadAction","target":["https:\/\/marialepucka.pl\/produkt\/maly-brzuszek-wielki-problem-ebook\/"]}]},{"@type":"ImageObject","inLanguage":"en-US","@id":"https:\/\/marialepucka.pl\/produkt\/maly-brzuszek-wielki-problem-ebook\/#primaryimage","url":"https:\/\/marialepucka.pl\/wp-content\/uploads\/2026\/02\/Maly-brzuszek-wielki-problem-ebook.png","contentUrl":"https:\/\/marialepucka.pl\/wp-content\/uploads\/2026\/02\/Maly-brzuszek-wielki-problem-ebook.png","width":1545,"height":1999,"caption":"Ma\u0142y Brzuszek - Wielki Problem [ebook]"},{"@type":"BreadcrumbList","@id":"https:\/\/marialepucka.pl\/produkt\/maly-brzuszek-wielki-problem-ebook\/#breadcrumb","itemListElement":[{"@type":"ListItem","position":1,"name":"Strona g\u0142\u00f3wna","item":"https:\/\/marialepucka.pl\/"},{"@type":"ListItem","position":2,"name":"Konsultacje","item":"https:\/\/marialepucka.pl\/konsultacje\/"},{"@type":"ListItem","position":3,"name":"Ma\u0142y Brzuszek &#8211; Wielki Problem. Poradnik o kolkach, ulewaniu i alergiach u niemowl\u0105t [ebook]"}]},{"@type":"WebSite","@id":"https:\/\/marialepucka.pl\/#website","url":"https:\/\/marialepucka.pl\/","name":"Maria Lepucka - po\u0142o\u017cna, certyfikowany doradca laktacyjny","description":"Maria Lepucka - po\u0142o\u017cna, certyfikowany doradca laktacyjny, specjalista z zakresu psychodietetyki. Sprawd\u017a referencje, zapisz si\u0119 na szkolenia i konsultacje.","publisher":{"@id":"https:\/\/marialepucka.pl\/#\/schema\/person\/1ef7936d3440d25cd095172c104a774e"},"potentialAction":[{"@type":"SearchAction","target":{"@type":"EntryPoint","urlTemplate":"https:\/\/marialepucka.pl\/?s={search_term_string}"},"query-input":{"@type":"PropertyValueSpecification","valueRequired":true,"valueName":"search_term_string"}}],"inLanguage":"en-US"},{"@type":["Person","Organization"],"@id":"https:\/\/marialepucka.pl\/#\/schema\/person\/1ef7936d3440d25cd095172c104a774e","name":"Maria Lepucka","image":{"@type":"ImageObject","inLanguage":"en-US","@id":"https:\/\/marialepucka.pl\/#\/schema\/person\/image\/","url":"https:\/\/marialepucka.pl\/wp-content\/uploads\/2021\/03\/Maria_Lepucka-96x96.png","contentUrl":"https:\/\/marialepucka.pl\/wp-content\/uploads\/2021\/03\/Maria_Lepucka-96x96.png","caption":"Maria Lepucka"},"logo":{"@id":"https:\/\/marialepucka.pl\/#\/schema\/person\/image\/"},"sameAs":["https:\/\/marialepucka.pl","https:\/\/www.facebook.com\/maria.lepucka.polozna\/","https:\/\/www.instagram.com\/maria.lepucka.polozna\/","https:\/\/www.youtube.com\/c\/MariaLepucka"]}]}},"_links":{"self":[{"href":"https:\/\/marialepucka.pl\/en\/wp-json\/wp\/v2\/product\/8281","targetHints":{"allow":["GET"]}}],"collection":[{"href":"https:\/\/marialepucka.pl\/en\/wp-json\/wp\/v2\/product"}],"about":[{"href":"https:\/\/marialepucka.pl\/en\/wp-json\/wp\/v2\/types\/product"}],"version-history":[{"count":18,"href":"https:\/\/marialepucka.pl\/en\/wp-json\/wp\/v2\/product\/8281\/revisions"}],"predecessor-version":[{"id":8817,"href":"https:\/\/marialepucka.pl\/en\/wp-json\/wp\/v2\/product\/8281\/revisions\/8817"}],"wp:featuredmedia":[{"embeddable":true,"href":"https:\/\/marialepucka.pl\/en\/wp-json\/wp\/v2\/media\/9243"}],"wp:attachment":[{"href":"https:\/\/marialepucka.pl\/en\/wp-json\/wp\/v2\/media?parent=8281"}],"wp:term":[{"taxonomy":"product_cat","embeddable":true,"href":"https:\/\/marialepucka.pl\/en\/wp-json\/wp\/v2\/product_cat?post=8281"},{"taxonomy":"product_tag","embeddable":true,"href":"https:\/\/marialepucka.pl\/en\/wp-json\/wp\/v2\/product_tag?post=8281"}],"curies":[{"name":"wp","href":"https:\/\/api.w.org\/{rel}","templated":true}]}}