{"id":8084,"date":"2023-11-08T21:10:42","date_gmt":"2023-11-08T20:10:42","guid":{"rendered":"https:\/\/marialepucka.pl\/?post_type=product&#038;p=8084"},"modified":"2026-01-12T20:45:29","modified_gmt":"2026-01-12T19:45:29","slug":"przygotowanie-do-karmienia-piersia-konsultacja-online","status":"publish","type":"product","link":"https:\/\/marialepucka.pl\/en\/product\/przygotowanie-do-karmienia-piersia-konsultacja-online\/","title":{"rendered":"Przygotowanie do karmienia piersi\u0105 &#8211; konsultacja online"},"content":{"rendered":"","protected":false},"excerpt":{"rendered":"<p><span style=\"letter-spacing: 0px;\">Przygotuj si\u0119 do karmienia piersi\u0105 jeszcze w ci\u0105\u017cy! <\/span>Najlepszym sposobem jest spotkanie z po\u0142o\u017cn\u0105, certyfikowan\u0105 doradczyni\u0105 laktacyjn\u0105 i psychodietetyczk\u0105 w jednej osobie! Dzi\u0119ki temu mo\u017cesz liczy\u0107 na bardzo kompleksow\u0105, indywidualn\u0105 porad\u0119.<\/p>\n<p><strong>W czasie konsultacji:<\/strong><\/p>\n<ul>\n<li>przeanalizuj\u0119 Tw\u00f3j stan zdrowia i wyniki Twoich bada\u0144,<\/li>\n<li>oceni\u0119 Twoje brodawki,<\/li>\n<li>pomog\u0119 w doborze akcesori\u00f3w do karmienia dostosowanych do Twojej anatomii oraz Twoich potrzeb,<\/li>\n<li>udziel\u0119 Ci wskaz\u00f3wek jak dobrze wystartowa\u0107 z karmieniem i potem utrzyma\u0107 laktacj\u0119,<\/li>\n<li>otrzymasz spersonalizowane porady dobrane do Twojej sytuacji, Twoich oczekiwa\u0144 i stylu \u017cycia, uwzgl\u0119dniaj\u0105ce Tw\u00f3j stan zdrowia i ewentualnie Twoje choroby, przyjmowane leki, przewidywan\u0105 drog\u0119 porodu (naturaln\u0105, por\u00f3d indukowany czy ci\u0119ciem cesarskim), przesz\u0142o\u015b\u0107 po\u0142o\u017cnicz\u0105 i laktacyjn\u0105 i wiele innych czynnik\u00f3w.<\/li>\n<\/ul>\n<p>Spotkania prowadzone s\u0105 na profesjonalnej, interaktywnej platformie webinarowej i maj\u0105 form\u0119 wideokonsultacji.<\/p>\n<p>\u2013<\/p>\n<p>Po zakupie konsultacji skontaktuj si\u0119 ze mn\u0105, aby ustali\u0107 termin i otrzyma\u0107 wskaz\u00f3wki jak przygotowa\u0107 si\u0119 do spotkania (mog\u0105 by\u0107 potrzebne wyniki bada\u0144 krwi czy zdj\u0119cia brodawek).<\/p>","protected":false},"featured_media":8086,"template":"","meta":{"pmpro_default_level":"","inline_featured_image":false},"product_cat":[124],"product_tag":[],"class_list":["post-8084","product","type-product","status-publish","has-post-thumbnail","hentry","product_cat-online","pmpro-has-access"],"yoast_head":"<!-- This site is optimized with the Yoast SEO plugin v26.9 - https:\/\/yoast.com\/product\/yoast-seo-wordpress\/ -->\n<title>Przygotowanie do karmienia piersi\u0105 - konsultacja online - Maria Lepucka - po\u0142o\u017cna, certyfikowany doradca laktacyjny<\/title>\n<meta name=\"robots\" content=\"index, follow, max-snippet:-1, max-image-preview:large, max-video-preview:-1\" \/>\n<link rel=\"canonical\" href=\"https:\/\/marialepucka.pl\/en\/product\/przygotowanie-do-karmienia-piersia-konsultacja-online\/\" \/>\n<meta property=\"og:locale\" content=\"en_US\" \/>\n<meta property=\"og:type\" content=\"article\" \/>\n<meta property=\"og:title\" content=\"Przygotowanie do karmienia piersi\u0105 - konsultacja online - Maria Lepucka - po\u0142o\u017cna, certyfikowany doradca laktacyjny\" \/>\n<meta property=\"og:description\" content=\"Przygotuj si\u0119 do karmienia piersi\u0105 jeszcze w ci\u0105\u017cy! Najlepszym sposobem jest spotkanie z po\u0142o\u017cn\u0105, certyfikowan\u0105 doradczyni\u0105 laktacyjn\u0105 i psychodietetyczk\u0105 w jednej osobie! Dzi\u0119ki temu mo\u017cesz liczy\u0107 na bardzo kompleksow\u0105, indywidualn\u0105 porad\u0119.  W czasie konsultacji:   przeanalizuj\u0119 Tw\u00f3j stan zdrowia i wyniki Twoich bada\u0144,  oceni\u0119 Twoje brodawki,  pomog\u0119 w doborze akcesori\u00f3w do karmienia dostosowanych do Twojej anatomii oraz Twoich potrzeb,  udziel\u0119 Ci wskaz\u00f3wek jak dobrze wystartowa\u0107 z karmieniem i potem utrzyma\u0107 laktacj\u0119,  otrzymasz spersonalizowane porady dobrane do Twojej sytuacji, Twoich oczekiwa\u0144 i stylu \u017cycia, uwzgl\u0119dniaj\u0105ce Tw\u00f3j stan zdrowia i ewentualnie Twoje choroby, przyjmowane leki, przewidywan\u0105 drog\u0119 porodu (naturaln\u0105, por\u00f3d indukowany czy ci\u0119ciem cesarskim), przesz\u0142o\u015b\u0107 po\u0142o\u017cnicz\u0105 i laktacyjn\u0105 i wiele innych czynnik\u00f3w.  Spotkania prowadzone s\u0105 na profesjonalnej, interaktywnej platformie webinarowej i maj\u0105 form\u0119 wideokonsultacji.  \u2013  Po zakupie konsultacji skontaktuj si\u0119 ze mn\u0105, aby ustali\u0107 termin i otrzyma\u0107 wskaz\u00f3wki jak przygotowa\u0107 si\u0119 do spotkania (mog\u0105 by\u0107 potrzebne wyniki bada\u0144 krwi czy zdj\u0119cia brodawek).\" \/>\n<meta property=\"og:url\" content=\"https:\/\/marialepucka.pl\/en\/product\/przygotowanie-do-karmienia-piersia-konsultacja-online\/\" \/>\n<meta property=\"og:site_name\" content=\"Maria Lepucka - po\u0142o\u017cna, certyfikowany doradca laktacyjny\" \/>\n<meta property=\"article:publisher\" content=\"https:\/\/www.facebook.com\/maria.lepucka.polozna\/\" \/>\n<meta property=\"article:modified_time\" content=\"2026-01-12T19:45:29+00:00\" \/>\n<meta property=\"og:image\" content=\"https:\/\/marialepucka.pl\/wp-content\/uploads\/2023\/11\/przygotowanie-do-karmienia-piersia-online.png\" \/>\n\t<meta property=\"og:image:width\" content=\"1200\" \/>\n\t<meta property=\"og:image:height\" content=\"788\" \/>\n\t<meta property=\"og:image:type\" content=\"image\/png\" \/>\n<meta name=\"twitter:card\" content=\"summary_large_image\" \/>\n<meta name=\"twitter:label1\" content=\"Est. reading time\" \/>\n\t<meta name=\"twitter:data1\" content=\"1 minute\" \/>\n<script type=\"application\/ld+json\" class=\"yoast-schema-graph\">{\"@context\":\"https:\/\/schema.org\",\"@graph\":[{\"@type\":\"WebPage\",\"@id\":\"https:\/\/marialepucka.pl\/produkt\/przygotowanie-do-karmienia-piersia-konsultacja-online\/\",\"url\":\"https:\/\/marialepucka.pl\/produkt\/przygotowanie-do-karmienia-piersia-konsultacja-online\/\",\"name\":\"Przygotowanie do karmienia piersi\u0105 - konsultacja online - Maria Lepucka - po\u0142o\u017cna, certyfikowany doradca laktacyjny\",\"isPartOf\":{\"@id\":\"https:\/\/marialepucka.pl\/#website\"},\"primaryImageOfPage\":{\"@id\":\"https:\/\/marialepucka.pl\/produkt\/przygotowanie-do-karmienia-piersia-konsultacja-online\/#primaryimage\"},\"image\":{\"@id\":\"https:\/\/marialepucka.pl\/produkt\/przygotowanie-do-karmienia-piersia-konsultacja-online\/#primaryimage\"},\"thumbnailUrl\":\"https:\/\/marialepucka.pl\/wp-content\/uploads\/2023\/11\/przygotowanie-do-karmienia-piersia-online.png\",\"datePublished\":\"2023-11-08T20:10:42+00:00\",\"dateModified\":\"2026-01-12T19:45:29+00:00\",\"breadcrumb\":{\"@id\":\"https:\/\/marialepucka.pl\/produkt\/przygotowanie-do-karmienia-piersia-konsultacja-online\/#breadcrumb\"},\"inLanguage\":\"en-US\",\"potentialAction\":[{\"@type\":\"ReadAction\",\"target\":[\"https:\/\/marialepucka.pl\/produkt\/przygotowanie-do-karmienia-piersia-konsultacja-online\/\"]}]},{\"@type\":\"ImageObject\",\"inLanguage\":\"en-US\",\"@id\":\"https:\/\/marialepucka.pl\/produkt\/przygotowanie-do-karmienia-piersia-konsultacja-online\/#primaryimage\",\"url\":\"https:\/\/marialepucka.pl\/wp-content\/uploads\/2023\/11\/przygotowanie-do-karmienia-piersia-online.png\",\"contentUrl\":\"https:\/\/marialepucka.pl\/wp-content\/uploads\/2023\/11\/przygotowanie-do-karmienia-piersia-online.png\",\"width\":1200,\"height\":788,\"caption\":\"Przygotowanie do karmienia piersi\u0105 online\"},{\"@type\":\"BreadcrumbList\",\"@id\":\"https:\/\/marialepucka.pl\/produkt\/przygotowanie-do-karmienia-piersia-konsultacja-online\/#breadcrumb\",\"itemListElement\":[{\"@type\":\"ListItem\",\"position\":1,\"name\":\"Strona g\u0142\u00f3wna\",\"item\":\"https:\/\/marialepucka.pl\/\"},{\"@type\":\"ListItem\",\"position\":2,\"name\":\"Konsultacje\",\"item\":\"https:\/\/marialepucka.pl\/konsultacje\/\"},{\"@type\":\"ListItem\",\"position\":3,\"name\":\"Przygotowanie do karmienia piersi\u0105 &#8211; konsultacja online\"}]},{\"@type\":\"WebSite\",\"@id\":\"https:\/\/marialepucka.pl\/#website\",\"url\":\"https:\/\/marialepucka.pl\/\",\"name\":\"Maria Lepucka - po\u0142o\u017cna, certyfikowany doradca laktacyjny\",\"description\":\"Maria Lepucka - po\u0142o\u017cna, certyfikowany doradca laktacyjny, specjalista z zakresu psychodietetyki. Sprawd\u017a referencje, zapisz si\u0119 na szkolenia i konsultacje.\",\"publisher\":{\"@id\":\"https:\/\/marialepucka.pl\/#\/schema\/person\/1ef7936d3440d25cd095172c104a774e\"},\"potentialAction\":[{\"@type\":\"SearchAction\",\"target\":{\"@type\":\"EntryPoint\",\"urlTemplate\":\"https:\/\/marialepucka.pl\/?s={search_term_string}\"},\"query-input\":{\"@type\":\"PropertyValueSpecification\",\"valueRequired\":true,\"valueName\":\"search_term_string\"}}],\"inLanguage\":\"en-US\"},{\"@type\":[\"Person\",\"Organization\"],\"@id\":\"https:\/\/marialepucka.pl\/#\/schema\/person\/1ef7936d3440d25cd095172c104a774e\",\"name\":\"Maria Lepucka\",\"image\":{\"@type\":\"ImageObject\",\"inLanguage\":\"en-US\",\"@id\":\"https:\/\/marialepucka.pl\/#\/schema\/person\/image\/\",\"url\":\"https:\/\/marialepucka.pl\/wp-content\/uploads\/2021\/03\/Maria_Lepucka-96x96.png\",\"contentUrl\":\"https:\/\/marialepucka.pl\/wp-content\/uploads\/2021\/03\/Maria_Lepucka-96x96.png\",\"caption\":\"Maria Lepucka\"},\"logo\":{\"@id\":\"https:\/\/marialepucka.pl\/#\/schema\/person\/image\/\"},\"sameAs\":[\"https:\/\/marialepucka.pl\",\"https:\/\/www.facebook.com\/maria.lepucka.polozna\/\",\"https:\/\/www.instagram.com\/maria.lepucka.polozna\/\",\"https:\/\/www.youtube.com\/c\/MariaLepucka\"]}]}<\/script>\n<!-- \/ Yoast SEO plugin. -->","yoast_head_json":{"title":"Przygotowanie do karmienia piersi\u0105 - konsultacja online - Maria Lepucka - po\u0142o\u017cna, certyfikowany doradca laktacyjny","robots":{"index":"index","follow":"follow","max-snippet":"max-snippet:-1","max-image-preview":"max-image-preview:large","max-video-preview":"max-video-preview:-1"},"canonical":"https:\/\/marialepucka.pl\/en\/product\/przygotowanie-do-karmienia-piersia-konsultacja-online\/","og_locale":"en_US","og_type":"article","og_title":"Przygotowanie do karmienia piersi\u0105 - konsultacja online - Maria Lepucka - po\u0142o\u017cna, certyfikowany doradca laktacyjny","og_description":"Przygotuj si\u0119 do karmienia piersi\u0105 jeszcze w ci\u0105\u017cy! Najlepszym sposobem jest spotkanie z po\u0142o\u017cn\u0105, certyfikowan\u0105 doradczyni\u0105 laktacyjn\u0105 i psychodietetyczk\u0105 w jednej osobie! Dzi\u0119ki temu mo\u017cesz liczy\u0107 na bardzo kompleksow\u0105, indywidualn\u0105 porad\u0119.  W czasie konsultacji:   przeanalizuj\u0119 Tw\u00f3j stan zdrowia i wyniki Twoich bada\u0144,  oceni\u0119 Twoje brodawki,  pomog\u0119 w doborze akcesori\u00f3w do karmienia dostosowanych do Twojej anatomii oraz Twoich potrzeb,  udziel\u0119 Ci wskaz\u00f3wek jak dobrze wystartowa\u0107 z karmieniem i potem utrzyma\u0107 laktacj\u0119,  otrzymasz spersonalizowane porady dobrane do Twojej sytuacji, Twoich oczekiwa\u0144 i stylu \u017cycia, uwzgl\u0119dniaj\u0105ce Tw\u00f3j stan zdrowia i ewentualnie Twoje choroby, przyjmowane leki, przewidywan\u0105 drog\u0119 porodu (naturaln\u0105, por\u00f3d indukowany czy ci\u0119ciem cesarskim), przesz\u0142o\u015b\u0107 po\u0142o\u017cnicz\u0105 i laktacyjn\u0105 i wiele innych czynnik\u00f3w.  Spotkania prowadzone s\u0105 na profesjonalnej, interaktywnej platformie webinarowej i maj\u0105 form\u0119 wideokonsultacji.  \u2013  Po zakupie konsultacji skontaktuj si\u0119 ze mn\u0105, aby ustali\u0107 termin i otrzyma\u0107 wskaz\u00f3wki jak przygotowa\u0107 si\u0119 do spotkania (mog\u0105 by\u0107 potrzebne wyniki bada\u0144 krwi czy zdj\u0119cia brodawek).","og_url":"https:\/\/marialepucka.pl\/en\/product\/przygotowanie-do-karmienia-piersia-konsultacja-online\/","og_site_name":"Maria Lepucka - po\u0142o\u017cna, certyfikowany doradca laktacyjny","article_publisher":"https:\/\/www.facebook.com\/maria.lepucka.polozna\/","article_modified_time":"2026-01-12T19:45:29+00:00","og_image":[{"width":1200,"height":788,"url":"https:\/\/marialepucka.pl\/wp-content\/uploads\/2023\/11\/przygotowanie-do-karmienia-piersia-online.png","type":"image\/png"}],"twitter_card":"summary_large_image","twitter_misc":{"Est. reading time":"1 minute"},"schema":{"@context":"https:\/\/schema.org","@graph":[{"@type":"WebPage","@id":"https:\/\/marialepucka.pl\/produkt\/przygotowanie-do-karmienia-piersia-konsultacja-online\/","url":"https:\/\/marialepucka.pl\/produkt\/przygotowanie-do-karmienia-piersia-konsultacja-online\/","name":"Przygotowanie do karmienia piersi\u0105 - konsultacja online - Maria Lepucka - po\u0142o\u017cna, certyfikowany doradca laktacyjny","isPartOf":{"@id":"https:\/\/marialepucka.pl\/#website"},"primaryImageOfPage":{"@id":"https:\/\/marialepucka.pl\/produkt\/przygotowanie-do-karmienia-piersia-konsultacja-online\/#primaryimage"},"image":{"@id":"https:\/\/marialepucka.pl\/produkt\/przygotowanie-do-karmienia-piersia-konsultacja-online\/#primaryimage"},"thumbnailUrl":"https:\/\/marialepucka.pl\/wp-content\/uploads\/2023\/11\/przygotowanie-do-karmienia-piersia-online.png","datePublished":"2023-11-08T20:10:42+00:00","dateModified":"2026-01-12T19:45:29+00:00","breadcrumb":{"@id":"https:\/\/marialepucka.pl\/produkt\/przygotowanie-do-karmienia-piersia-konsultacja-online\/#breadcrumb"},"inLanguage":"en-US","potentialAction":[{"@type":"ReadAction","target":["https:\/\/marialepucka.pl\/produkt\/przygotowanie-do-karmienia-piersia-konsultacja-online\/"]}]},{"@type":"ImageObject","inLanguage":"en-US","@id":"https:\/\/marialepucka.pl\/produkt\/przygotowanie-do-karmienia-piersia-konsultacja-online\/#primaryimage","url":"https:\/\/marialepucka.pl\/wp-content\/uploads\/2023\/11\/przygotowanie-do-karmienia-piersia-online.png","contentUrl":"https:\/\/marialepucka.pl\/wp-content\/uploads\/2023\/11\/przygotowanie-do-karmienia-piersia-online.png","width":1200,"height":788,"caption":"Przygotowanie do karmienia piersi\u0105 online"},{"@type":"BreadcrumbList","@id":"https:\/\/marialepucka.pl\/produkt\/przygotowanie-do-karmienia-piersia-konsultacja-online\/#breadcrumb","itemListElement":[{"@type":"ListItem","position":1,"name":"Strona g\u0142\u00f3wna","item":"https:\/\/marialepucka.pl\/"},{"@type":"ListItem","position":2,"name":"Konsultacje","item":"https:\/\/marialepucka.pl\/konsultacje\/"},{"@type":"ListItem","position":3,"name":"Przygotowanie do karmienia piersi\u0105 &#8211; konsultacja online"}]},{"@type":"WebSite","@id":"https:\/\/marialepucka.pl\/#website","url":"https:\/\/marialepucka.pl\/","name":"Maria Lepucka - po\u0142o\u017cna, certyfikowany doradca laktacyjny","description":"Maria Lepucka - po\u0142o\u017cna, certyfikowany doradca laktacyjny, specjalista z zakresu psychodietetyki. Sprawd\u017a referencje, zapisz si\u0119 na szkolenia i konsultacje.","publisher":{"@id":"https:\/\/marialepucka.pl\/#\/schema\/person\/1ef7936d3440d25cd095172c104a774e"},"potentialAction":[{"@type":"SearchAction","target":{"@type":"EntryPoint","urlTemplate":"https:\/\/marialepucka.pl\/?s={search_term_string}"},"query-input":{"@type":"PropertyValueSpecification","valueRequired":true,"valueName":"search_term_string"}}],"inLanguage":"en-US"},{"@type":["Person","Organization"],"@id":"https:\/\/marialepucka.pl\/#\/schema\/person\/1ef7936d3440d25cd095172c104a774e","name":"Maria Lepucka","image":{"@type":"ImageObject","inLanguage":"en-US","@id":"https:\/\/marialepucka.pl\/#\/schema\/person\/image\/","url":"https:\/\/marialepucka.pl\/wp-content\/uploads\/2021\/03\/Maria_Lepucka-96x96.png","contentUrl":"https:\/\/marialepucka.pl\/wp-content\/uploads\/2021\/03\/Maria_Lepucka-96x96.png","caption":"Maria Lepucka"},"logo":{"@id":"https:\/\/marialepucka.pl\/#\/schema\/person\/image\/"},"sameAs":["https:\/\/marialepucka.pl","https:\/\/www.facebook.com\/maria.lepucka.polozna\/","https:\/\/www.instagram.com\/maria.lepucka.polozna\/","https:\/\/www.youtube.com\/c\/MariaLepucka"]}]}},"_links":{"self":[{"href":"https:\/\/marialepucka.pl\/en\/wp-json\/wp\/v2\/product\/8084","targetHints":{"allow":["GET"]}}],"collection":[{"href":"https:\/\/marialepucka.pl\/en\/wp-json\/wp\/v2\/product"}],"about":[{"href":"https:\/\/marialepucka.pl\/en\/wp-json\/wp\/v2\/types\/product"}],"version-history":[{"count":2,"href":"https:\/\/marialepucka.pl\/en\/wp-json\/wp\/v2\/product\/8084\/revisions"}],"predecessor-version":[{"id":8087,"href":"https:\/\/marialepucka.pl\/en\/wp-json\/wp\/v2\/product\/8084\/revisions\/8087"}],"wp:featuredmedia":[{"embeddable":true,"href":"https:\/\/marialepucka.pl\/en\/wp-json\/wp\/v2\/media\/8086"}],"wp:attachment":[{"href":"https:\/\/marialepucka.pl\/en\/wp-json\/wp\/v2\/media?parent=8084"}],"wp:term":[{"taxonomy":"product_cat","embeddable":true,"href":"https:\/\/marialepucka.pl\/en\/wp-json\/wp\/v2\/product_cat?post=8084"},{"taxonomy":"product_tag","embeddable":true,"href":"https:\/\/marialepucka.pl\/en\/wp-json\/wp\/v2\/product_tag?post=8084"}],"curies":[{"name":"wp","href":"https:\/\/api.w.org\/{rel}","templated":true}]}}