{"id":6828,"date":"2022-01-04T21:41:48","date_gmt":"2022-01-04T20:41:48","guid":{"rendered":"https:\/\/marialepucka.pl\/?post_type=product&#038;p=6828"},"modified":"2025-08-05T21:01:37","modified_gmt":"2025-08-05T19:01:37","slug":"konsultacja-psychodietetyczna-online","status":"publish","type":"product","link":"https:\/\/marialepucka.pl\/en\/product\/konsultacja-psychodietetyczna-online\/","title":{"rendered":"Konsultacja psychodietetyczna online"},"content":{"rendered":"","protected":false},"excerpt":{"rendered":"<p>Jako specjalistka w dziedzinie psychodietetyki, a jednocze\u015bnie po\u0142o\u017cna i doradca laktacyjny (CDL), oferuj\u0119 kompleksow\u0105 i holistyczn\u0105 opiek\u0119 w zakresie \u017cywienia Mamy i Dziecka.<\/p>\n<div><strong>Jak wygl\u0105da taka porada?<\/strong><\/div>\n<div>Porady online prowadzone s\u0105 na wygodnej platformie w formie wideokonsultacji, w czasie kt\u00f3rej mo\u017cemy si\u0119 widzie\u0107 i s\u0142ysze\u0107. Je\u015bli jednak bardziej odpowiada Ci forma teleporady, jest ona oczywi\u015bcie tak\u017ce mo\u017cliwa. Na pocz\u0105tku konsultacji przedstawiasz sw\u00f3j problem, a nast\u0119pnie pr\u00f3bujemy znale\u017a\u0107 jego przyczyny. Na tym etapie przeprowadzam szczeg\u00f3\u0142owy wywiad, analizuj\u0119 wszystkie informacje oraz wyniki Twoich bada\u0144. Je\u015bli jest taka potrzeba, zlecam wykonanie dodatkowych bada\u0144 lub konsultacji. Nast\u0119pnie ustalamy wsp\u00f3lnie wst\u0119pny plan dzia\u0142ania oraz termin ewentualnej wizyty kontrolnej. Pierwsza konsultacja trwa oko\u0142o 60 minut, natomiast konsultacja kontrolna 30-60 minut.<\/div>\n<p>&nbsp;<\/p>\n<div><strong>W czym mog\u0119 Ci pom\u00f3c?<\/strong><\/div>\n<div>G\u0142\u00f3wne obszary mojej opieki\u00a0psychodietetycznej to:<\/div>\n<ul>\n<li>odchudzanie,<\/li>\n<li>prawid\u0142owe od\u017cywianie, utrzymanie zdrowia i prawid\u0142owej masy cia\u0142a w ci\u0105\u017cy,<\/li>\n<li>suplementacja dobrana indywidualnie na okres planowania ci\u0105\u017cy, w czasie ci\u0105\u017cy i karmienia piersi\u0105, a tak\u017ce w okresie po\u0142ogu i p\u00f3\u017aniejszym,<\/li>\n<li>powr\u00f3t do formy po ci\u0105\u017cy,<\/li>\n<li>\u017cywienie i suplementacja w najcz\u0119stszych problemach utrudniaj\u0105cych zaj\u015bcie w ci\u0105\u017c\u0119, a tak\u017ce wp\u0142ywaj\u0105cych na przebieg ci\u0105\u017cy i laktacji. np.: insulinooporno\u015b\u0107, cukrzyca ci\u0105\u017cowa, niedoczynno\u015b\u0107 tarczycy,<\/li>\n<li>\u017cywienie w okresie laktacji,<\/li>\n<li>od\u017cywianie matki karmi\u0105cej piersi\u0105 alergika,<\/li>\n<li>rozszerzanie diety dziecka, w tym dziecka z alergi\u0105.<\/li>\n<\/ul>\n<p>&nbsp;<\/p>\n<div><strong>Czym si\u0119 nie zajmuj\u0119?<\/strong><\/div>\n<div>Na pocz\u0105tek skupiam si\u0119 na pomocy mamie i dziecku, gdy\u017c przede wszystkim jestem po\u0142o\u017cn\u0105. Na ten moment nie zajmuj\u0119 si\u0119 dietoterapi\u0105 os\u00f3b z chorobami nowotworowymi, chorobami uk\u0142adu pokarmowego, czy te\u017c \u017cywieniem specjalistycznym os\u00f3b zdrowych, np. sportowc\u00f3w. Je\u015bli masz w\u0105tpliwo\u015bci, czy Twoja potrzeba\u00a0mie\u015bci si\u0119 w zakresie moich kompetencji, zapytaj przed zakupem konsultacji.<\/div>\n<p>&nbsp;<\/p>\n<div><strong>Jak przygotowa\u0107 si\u0119 do konsultacji online?<\/strong><\/div>\n<ul>\n<li>przygotuj wyniki swoich ostatnich bada\u0144 krwi, a tak\u017ce pomiary masy cia\u0142a (lub masy i sk\u0142adu cia\u0142a, je\u015bli posiadasz),<\/li>\n<li>zapisz przez dzie\u0144 lub kilka dni wszystko co jesz i pijesz wraz z ilo\u015bci\u0105,<\/li>\n<li>przygotuj list\u0119 suplement\u00f3w i lek\u00f3w, kt\u00f3re przyjmujesz,<\/li>\n<li>je\u015bli masz opisy aktualnych konsultacji lekarskich, przygotuj je tak\u017ce,<\/li>\n<li>spisz swoje pytania, aby o \u017cadnym nie zapomnie\u0107,<\/li>\n<li>swoje notatki oraz wyniki bada\u0144 mo\u017cesz wygodnie wys\u0142a\u0107 wcze\u015bniej na maila: <strong><a href=\"mailto:kontakt@marialepucka.pl\">kontakt@marialepucka.pl<\/a>.<\/strong><\/li>\n<\/ul>\n<p>&nbsp;<\/p>\n<div><strong>Od czego zale\u017cy cena konsultacji?<\/strong><\/div>\n<div>Cena pierwszej konsultacji wynosi 170 z\u0142, natomiast ka\u017cda kolejna konsultacja kontrolna: 120 z\u0142.<\/div>","protected":false},"featured_media":6833,"template":"","meta":{"pmpro_default_level":"","inline_featured_image":false},"product_cat":[124],"product_tag":[],"class_list":["post-6828","product","type-product","status-publish","has-post-thumbnail","hentry","product_cat-online","pmpro-has-access"],"yoast_head":"<!-- This site is optimized with the Yoast SEO plugin v26.9 - https:\/\/yoast.com\/product\/yoast-seo-wordpress\/ -->\n<title>Konsultacja psychodietetyczna online - Maria Lepucka - po\u0142o\u017cna, certyfikowany doradca laktacyjny<\/title>\n<meta name=\"robots\" content=\"index, follow, max-snippet:-1, max-image-preview:large, max-video-preview:-1\" \/>\n<link rel=\"canonical\" href=\"https:\/\/marialepucka.pl\/en\/product\/konsultacja-psychodietetyczna-online\/\" \/>\n<meta property=\"og:locale\" content=\"en_US\" \/>\n<meta property=\"og:type\" content=\"article\" \/>\n<meta property=\"og:title\" content=\"Konsultacja psychodietetyczna online - Maria Lepucka - po\u0142o\u017cna, certyfikowany doradca laktacyjny\" \/>\n<meta property=\"og:description\" content=\"Jako specjalistka w dziedzinie psychodietetyki, a jednocze\u015bnie po\u0142o\u017cna i doradca laktacyjny (CDL), oferuj\u0119 kompleksow\u0105 i holistyczn\u0105 opiek\u0119 w zakresie \u017cywienia Mamy i Dziecka. Jak wygl\u0105da taka porada? Porady online prowadzone s\u0105 na wygodnej platformie w formie wideokonsultacji, w czasie kt\u00f3rej mo\u017cemy si\u0119 widzie\u0107 i s\u0142ysze\u0107. Je\u015bli jednak bardziej odpowiada Ci forma teleporady, jest ona oczywi\u015bcie tak\u017ce mo\u017cliwa. Na pocz\u0105tku konsultacji przedstawiasz sw\u00f3j problem, a nast\u0119pnie pr\u00f3bujemy znale\u017a\u0107 jego przyczyny. Na tym etapie przeprowadzam szczeg\u00f3\u0142owy wywiad, analizuj\u0119 wszystkie informacje oraz wyniki Twoich bada\u0144. Je\u015bli jest taka potrzeba, zlecam wykonanie dodatkowych bada\u0144 lub konsultacji. Nast\u0119pnie ustalamy wsp\u00f3lnie wst\u0119pny plan dzia\u0142ania oraz termin ewentualnej wizyty kontrolnej. Pierwsza konsultacja trwa oko\u0142o 60 minut, natomiast konsultacja kontrolna 30-60 minut. &nbsp; W czym mog\u0119 Ci pom\u00f3c? G\u0142\u00f3wne obszary mojej opieki\u00a0psychodietetycznej to:   odchudzanie,  prawid\u0142owe od\u017cywianie, utrzymanie zdrowia i prawid\u0142owej masy cia\u0142a w ci\u0105\u017cy,  suplementacja dobrana indywidualnie na okres planowania ci\u0105\u017cy, w czasie ci\u0105\u017cy i karmienia piersi\u0105, a tak\u017ce w okresie po\u0142ogu i p\u00f3\u017aniejszym,  powr\u00f3t do formy po ci\u0105\u017cy,  \u017cywienie i suplementacja w najcz\u0119stszych problemach utrudniaj\u0105cych zaj\u015bcie w ci\u0105\u017c\u0119, a tak\u017ce wp\u0142ywaj\u0105cych na przebieg ci\u0105\u017cy i laktacji. np.: insulinooporno\u015b\u0107, cukrzyca ci\u0105\u017cowa, niedoczynno\u015b\u0107 tarczycy,  \u017cywienie w okresie laktacji,  od\u017cywianie matki karmi\u0105cej piersi\u0105 alergika,  rozszerzanie diety dziecka, w tym dziecka z alergi\u0105.  &nbsp; Czym si\u0119 nie zajmuj\u0119? Na pocz\u0105tek skupiam si\u0119 na pomocy mamie i dziecku, gdy\u017c przede wszystkim jestem po\u0142o\u017cn\u0105. Na ten moment nie zajmuj\u0119 si\u0119 dietoterapi\u0105 os\u00f3b z chorobami nowotworowymi, chorobami uk\u0142adu pokarmowego, czy te\u017c \u017cywieniem specjalistycznym os\u00f3b zdrowych, np. sportowc\u00f3w. Je\u015bli masz w\u0105tpliwo\u015bci, czy Twoja potrzeba\u00a0mie\u015bci si\u0119 w zakresie moich kompetencji, zapytaj przed zakupem konsultacji. &nbsp; Jak przygotowa\u0107 si\u0119 do konsultacji online?   przygotuj wyniki swoich ostatnich bada\u0144 krwi, a tak\u017ce pomiary masy cia\u0142a (lub masy i sk\u0142adu cia\u0142a, je\u015bli posiadasz),  zapisz przez dzie\u0144 lub kilka dni wszystko co jesz i pijesz wraz z ilo\u015bci\u0105,  przygotuj list\u0119 suplement\u00f3w i lek\u00f3w, kt\u00f3re przyjmujesz,  je\u015bli masz opisy aktualnych konsultacji lekarskich, przygotuj je tak\u017ce,  spisz swoje pytania, aby o \u017cadnym nie zapomnie\u0107,  swoje notatki oraz wyniki bada\u0144 mo\u017cesz wygodnie wys\u0142a\u0107 wcze\u015bniej na maila: kontakt@marialepucka.pl.  &nbsp; Od czego zale\u017cy cena konsultacji? Cena pierwszej konsultacji wynosi 170 z\u0142, natomiast ka\u017cda kolejna konsultacja kontrolna: 120 z\u0142.\" \/>\n<meta property=\"og:url\" content=\"https:\/\/marialepucka.pl\/en\/product\/konsultacja-psychodietetyczna-online\/\" \/>\n<meta property=\"og:site_name\" content=\"Maria Lepucka - po\u0142o\u017cna, certyfikowany doradca laktacyjny\" \/>\n<meta property=\"article:publisher\" content=\"https:\/\/www.facebook.com\/maria.lepucka.polozna\/\" \/>\n<meta property=\"article:modified_time\" content=\"2025-08-05T19:01:37+00:00\" \/>\n<meta property=\"og:image\" content=\"https:\/\/marialepucka.pl\/wp-content\/uploads\/2022\/01\/Konsultacja_psychodietetyczna_online.png\" \/>\n\t<meta property=\"og:image:width\" content=\"1200\" \/>\n\t<meta property=\"og:image:height\" content=\"1000\" \/>\n\t<meta property=\"og:image:type\" content=\"image\/png\" \/>\n<meta name=\"twitter:card\" content=\"summary_large_image\" \/>\n<script type=\"application\/ld+json\" class=\"yoast-schema-graph\">{\"@context\":\"https:\/\/schema.org\",\"@graph\":[{\"@type\":\"WebPage\",\"@id\":\"https:\/\/marialepucka.pl\/produkt\/konsultacja-psychodietetyczna-online\/\",\"url\":\"https:\/\/marialepucka.pl\/produkt\/konsultacja-psychodietetyczna-online\/\",\"name\":\"Konsultacja psychodietetyczna online - Maria Lepucka - po\u0142o\u017cna, certyfikowany doradca laktacyjny\",\"isPartOf\":{\"@id\":\"https:\/\/marialepucka.pl\/#website\"},\"primaryImageOfPage\":{\"@id\":\"https:\/\/marialepucka.pl\/produkt\/konsultacja-psychodietetyczna-online\/#primaryimage\"},\"image\":{\"@id\":\"https:\/\/marialepucka.pl\/produkt\/konsultacja-psychodietetyczna-online\/#primaryimage\"},\"thumbnailUrl\":\"https:\/\/marialepucka.pl\/wp-content\/uploads\/2022\/01\/Konsultacja_psychodietetyczna_online.png\",\"datePublished\":\"2022-01-04T20:41:48+00:00\",\"dateModified\":\"2025-08-05T19:01:37+00:00\",\"breadcrumb\":{\"@id\":\"https:\/\/marialepucka.pl\/produkt\/konsultacja-psychodietetyczna-online\/#breadcrumb\"},\"inLanguage\":\"en-US\",\"potentialAction\":[{\"@type\":\"ReadAction\",\"target\":[\"https:\/\/marialepucka.pl\/produkt\/konsultacja-psychodietetyczna-online\/\"]}]},{\"@type\":\"ImageObject\",\"inLanguage\":\"en-US\",\"@id\":\"https:\/\/marialepucka.pl\/produkt\/konsultacja-psychodietetyczna-online\/#primaryimage\",\"url\":\"https:\/\/marialepucka.pl\/wp-content\/uploads\/2022\/01\/Konsultacja_psychodietetyczna_online.png\",\"contentUrl\":\"https:\/\/marialepucka.pl\/wp-content\/uploads\/2022\/01\/Konsultacja_psychodietetyczna_online.png\",\"width\":1200,\"height\":1000,\"caption\":\"Konsultacja psychodietetyczna online\"},{\"@type\":\"BreadcrumbList\",\"@id\":\"https:\/\/marialepucka.pl\/produkt\/konsultacja-psychodietetyczna-online\/#breadcrumb\",\"itemListElement\":[{\"@type\":\"ListItem\",\"position\":1,\"name\":\"Strona g\u0142\u00f3wna\",\"item\":\"https:\/\/marialepucka.pl\/\"},{\"@type\":\"ListItem\",\"position\":2,\"name\":\"Konsultacje\",\"item\":\"https:\/\/marialepucka.pl\/konsultacje\/\"},{\"@type\":\"ListItem\",\"position\":3,\"name\":\"Konsultacja psychodietetyczna online\"}]},{\"@type\":\"WebSite\",\"@id\":\"https:\/\/marialepucka.pl\/#website\",\"url\":\"https:\/\/marialepucka.pl\/\",\"name\":\"Maria Lepucka - po\u0142o\u017cna, certyfikowany doradca laktacyjny\",\"description\":\"Maria Lepucka - po\u0142o\u017cna, certyfikowany doradca laktacyjny, specjalista z zakresu psychodietetyki. Sprawd\u017a referencje, zapisz si\u0119 na szkolenia i konsultacje.\",\"publisher\":{\"@id\":\"https:\/\/marialepucka.pl\/#\/schema\/person\/1ef7936d3440d25cd095172c104a774e\"},\"potentialAction\":[{\"@type\":\"SearchAction\",\"target\":{\"@type\":\"EntryPoint\",\"urlTemplate\":\"https:\/\/marialepucka.pl\/?s={search_term_string}\"},\"query-input\":{\"@type\":\"PropertyValueSpecification\",\"valueRequired\":true,\"valueName\":\"search_term_string\"}}],\"inLanguage\":\"en-US\"},{\"@type\":[\"Person\",\"Organization\"],\"@id\":\"https:\/\/marialepucka.pl\/#\/schema\/person\/1ef7936d3440d25cd095172c104a774e\",\"name\":\"Maria Lepucka\",\"image\":{\"@type\":\"ImageObject\",\"inLanguage\":\"en-US\",\"@id\":\"https:\/\/marialepucka.pl\/#\/schema\/person\/image\/\",\"url\":\"https:\/\/marialepucka.pl\/wp-content\/uploads\/2021\/03\/Maria_Lepucka-96x96.png\",\"contentUrl\":\"https:\/\/marialepucka.pl\/wp-content\/uploads\/2021\/03\/Maria_Lepucka-96x96.png\",\"caption\":\"Maria Lepucka\"},\"logo\":{\"@id\":\"https:\/\/marialepucka.pl\/#\/schema\/person\/image\/\"},\"sameAs\":[\"https:\/\/marialepucka.pl\",\"https:\/\/www.facebook.com\/maria.lepucka.polozna\/\",\"https:\/\/www.instagram.com\/maria.lepucka.polozna\/\",\"https:\/\/www.youtube.com\/c\/MariaLepucka\"]}]}<\/script>\n<!-- \/ Yoast SEO plugin. -->","yoast_head_json":{"title":"Konsultacja psychodietetyczna online - Maria Lepucka - po\u0142o\u017cna, certyfikowany doradca laktacyjny","robots":{"index":"index","follow":"follow","max-snippet":"max-snippet:-1","max-image-preview":"max-image-preview:large","max-video-preview":"max-video-preview:-1"},"canonical":"https:\/\/marialepucka.pl\/en\/product\/konsultacja-psychodietetyczna-online\/","og_locale":"en_US","og_type":"article","og_title":"Konsultacja psychodietetyczna online - Maria Lepucka - po\u0142o\u017cna, certyfikowany doradca laktacyjny","og_description":"Jako specjalistka w dziedzinie psychodietetyki, a jednocze\u015bnie po\u0142o\u017cna i doradca laktacyjny (CDL), oferuj\u0119 kompleksow\u0105 i holistyczn\u0105 opiek\u0119 w zakresie \u017cywienia Mamy i Dziecka. Jak wygl\u0105da taka porada? Porady online prowadzone s\u0105 na wygodnej platformie w formie wideokonsultacji, w czasie kt\u00f3rej mo\u017cemy si\u0119 widzie\u0107 i s\u0142ysze\u0107. Je\u015bli jednak bardziej odpowiada Ci forma teleporady, jest ona oczywi\u015bcie tak\u017ce mo\u017cliwa. Na pocz\u0105tku konsultacji przedstawiasz sw\u00f3j problem, a nast\u0119pnie pr\u00f3bujemy znale\u017a\u0107 jego przyczyny. Na tym etapie przeprowadzam szczeg\u00f3\u0142owy wywiad, analizuj\u0119 wszystkie informacje oraz wyniki Twoich bada\u0144. Je\u015bli jest taka potrzeba, zlecam wykonanie dodatkowych bada\u0144 lub konsultacji. Nast\u0119pnie ustalamy wsp\u00f3lnie wst\u0119pny plan dzia\u0142ania oraz termin ewentualnej wizyty kontrolnej. Pierwsza konsultacja trwa oko\u0142o 60 minut, natomiast konsultacja kontrolna 30-60 minut. &nbsp; W czym mog\u0119 Ci pom\u00f3c? G\u0142\u00f3wne obszary mojej opieki\u00a0psychodietetycznej to:   odchudzanie,  prawid\u0142owe od\u017cywianie, utrzymanie zdrowia i prawid\u0142owej masy cia\u0142a w ci\u0105\u017cy,  suplementacja dobrana indywidualnie na okres planowania ci\u0105\u017cy, w czasie ci\u0105\u017cy i karmienia piersi\u0105, a tak\u017ce w okresie po\u0142ogu i p\u00f3\u017aniejszym,  powr\u00f3t do formy po ci\u0105\u017cy,  \u017cywienie i suplementacja w najcz\u0119stszych problemach utrudniaj\u0105cych zaj\u015bcie w ci\u0105\u017c\u0119, a tak\u017ce wp\u0142ywaj\u0105cych na przebieg ci\u0105\u017cy i laktacji. np.: insulinooporno\u015b\u0107, cukrzyca ci\u0105\u017cowa, niedoczynno\u015b\u0107 tarczycy,  \u017cywienie w okresie laktacji,  od\u017cywianie matki karmi\u0105cej piersi\u0105 alergika,  rozszerzanie diety dziecka, w tym dziecka z alergi\u0105.  &nbsp; Czym si\u0119 nie zajmuj\u0119? Na pocz\u0105tek skupiam si\u0119 na pomocy mamie i dziecku, gdy\u017c przede wszystkim jestem po\u0142o\u017cn\u0105. Na ten moment nie zajmuj\u0119 si\u0119 dietoterapi\u0105 os\u00f3b z chorobami nowotworowymi, chorobami uk\u0142adu pokarmowego, czy te\u017c \u017cywieniem specjalistycznym os\u00f3b zdrowych, np. sportowc\u00f3w. Je\u015bli masz w\u0105tpliwo\u015bci, czy Twoja potrzeba\u00a0mie\u015bci si\u0119 w zakresie moich kompetencji, zapytaj przed zakupem konsultacji. &nbsp; Jak przygotowa\u0107 si\u0119 do konsultacji online?   przygotuj wyniki swoich ostatnich bada\u0144 krwi, a tak\u017ce pomiary masy cia\u0142a (lub masy i sk\u0142adu cia\u0142a, je\u015bli posiadasz),  zapisz przez dzie\u0144 lub kilka dni wszystko co jesz i pijesz wraz z ilo\u015bci\u0105,  przygotuj list\u0119 suplement\u00f3w i lek\u00f3w, kt\u00f3re przyjmujesz,  je\u015bli masz opisy aktualnych konsultacji lekarskich, przygotuj je tak\u017ce,  spisz swoje pytania, aby o \u017cadnym nie zapomnie\u0107,  swoje notatki oraz wyniki bada\u0144 mo\u017cesz wygodnie wys\u0142a\u0107 wcze\u015bniej na maila: kontakt@marialepucka.pl.  &nbsp; Od czego zale\u017cy cena konsultacji? Cena pierwszej konsultacji wynosi 170 z\u0142, natomiast ka\u017cda kolejna konsultacja kontrolna: 120 z\u0142.","og_url":"https:\/\/marialepucka.pl\/en\/product\/konsultacja-psychodietetyczna-online\/","og_site_name":"Maria Lepucka - po\u0142o\u017cna, certyfikowany doradca laktacyjny","article_publisher":"https:\/\/www.facebook.com\/maria.lepucka.polozna\/","article_modified_time":"2025-08-05T19:01:37+00:00","og_image":[{"width":1200,"height":1000,"url":"https:\/\/marialepucka.pl\/wp-content\/uploads\/2022\/01\/Konsultacja_psychodietetyczna_online.png","type":"image\/png"}],"twitter_card":"summary_large_image","schema":{"@context":"https:\/\/schema.org","@graph":[{"@type":"WebPage","@id":"https:\/\/marialepucka.pl\/produkt\/konsultacja-psychodietetyczna-online\/","url":"https:\/\/marialepucka.pl\/produkt\/konsultacja-psychodietetyczna-online\/","name":"Konsultacja psychodietetyczna online - Maria Lepucka - po\u0142o\u017cna, certyfikowany doradca laktacyjny","isPartOf":{"@id":"https:\/\/marialepucka.pl\/#website"},"primaryImageOfPage":{"@id":"https:\/\/marialepucka.pl\/produkt\/konsultacja-psychodietetyczna-online\/#primaryimage"},"image":{"@id":"https:\/\/marialepucka.pl\/produkt\/konsultacja-psychodietetyczna-online\/#primaryimage"},"thumbnailUrl":"https:\/\/marialepucka.pl\/wp-content\/uploads\/2022\/01\/Konsultacja_psychodietetyczna_online.png","datePublished":"2022-01-04T20:41:48+00:00","dateModified":"2025-08-05T19:01:37+00:00","breadcrumb":{"@id":"https:\/\/marialepucka.pl\/produkt\/konsultacja-psychodietetyczna-online\/#breadcrumb"},"inLanguage":"en-US","potentialAction":[{"@type":"ReadAction","target":["https:\/\/marialepucka.pl\/produkt\/konsultacja-psychodietetyczna-online\/"]}]},{"@type":"ImageObject","inLanguage":"en-US","@id":"https:\/\/marialepucka.pl\/produkt\/konsultacja-psychodietetyczna-online\/#primaryimage","url":"https:\/\/marialepucka.pl\/wp-content\/uploads\/2022\/01\/Konsultacja_psychodietetyczna_online.png","contentUrl":"https:\/\/marialepucka.pl\/wp-content\/uploads\/2022\/01\/Konsultacja_psychodietetyczna_online.png","width":1200,"height":1000,"caption":"Konsultacja psychodietetyczna online"},{"@type":"BreadcrumbList","@id":"https:\/\/marialepucka.pl\/produkt\/konsultacja-psychodietetyczna-online\/#breadcrumb","itemListElement":[{"@type":"ListItem","position":1,"name":"Strona g\u0142\u00f3wna","item":"https:\/\/marialepucka.pl\/"},{"@type":"ListItem","position":2,"name":"Konsultacje","item":"https:\/\/marialepucka.pl\/konsultacje\/"},{"@type":"ListItem","position":3,"name":"Konsultacja psychodietetyczna online"}]},{"@type":"WebSite","@id":"https:\/\/marialepucka.pl\/#website","url":"https:\/\/marialepucka.pl\/","name":"Maria Lepucka - po\u0142o\u017cna, certyfikowany doradca laktacyjny","description":"Maria Lepucka - po\u0142o\u017cna, certyfikowany doradca laktacyjny, specjalista z zakresu psychodietetyki. Sprawd\u017a referencje, zapisz si\u0119 na szkolenia i konsultacje.","publisher":{"@id":"https:\/\/marialepucka.pl\/#\/schema\/person\/1ef7936d3440d25cd095172c104a774e"},"potentialAction":[{"@type":"SearchAction","target":{"@type":"EntryPoint","urlTemplate":"https:\/\/marialepucka.pl\/?s={search_term_string}"},"query-input":{"@type":"PropertyValueSpecification","valueRequired":true,"valueName":"search_term_string"}}],"inLanguage":"en-US"},{"@type":["Person","Organization"],"@id":"https:\/\/marialepucka.pl\/#\/schema\/person\/1ef7936d3440d25cd095172c104a774e","name":"Maria Lepucka","image":{"@type":"ImageObject","inLanguage":"en-US","@id":"https:\/\/marialepucka.pl\/#\/schema\/person\/image\/","url":"https:\/\/marialepucka.pl\/wp-content\/uploads\/2021\/03\/Maria_Lepucka-96x96.png","contentUrl":"https:\/\/marialepucka.pl\/wp-content\/uploads\/2021\/03\/Maria_Lepucka-96x96.png","caption":"Maria Lepucka"},"logo":{"@id":"https:\/\/marialepucka.pl\/#\/schema\/person\/image\/"},"sameAs":["https:\/\/marialepucka.pl","https:\/\/www.facebook.com\/maria.lepucka.polozna\/","https:\/\/www.instagram.com\/maria.lepucka.polozna\/","https:\/\/www.youtube.com\/c\/MariaLepucka"]}]}},"_links":{"self":[{"href":"https:\/\/marialepucka.pl\/en\/wp-json\/wp\/v2\/product\/6828","targetHints":{"allow":["GET"]}}],"collection":[{"href":"https:\/\/marialepucka.pl\/en\/wp-json\/wp\/v2\/product"}],"about":[{"href":"https:\/\/marialepucka.pl\/en\/wp-json\/wp\/v2\/types\/product"}],"version-history":[{"count":1,"href":"https:\/\/marialepucka.pl\/en\/wp-json\/wp\/v2\/product\/6828\/revisions"}],"predecessor-version":[{"id":8027,"href":"https:\/\/marialepucka.pl\/en\/wp-json\/wp\/v2\/product\/6828\/revisions\/8027"}],"wp:featuredmedia":[{"embeddable":true,"href":"https:\/\/marialepucka.pl\/en\/wp-json\/wp\/v2\/media\/6833"}],"wp:attachment":[{"href":"https:\/\/marialepucka.pl\/en\/wp-json\/wp\/v2\/media?parent=6828"}],"wp:term":[{"taxonomy":"product_cat","embeddable":true,"href":"https:\/\/marialepucka.pl\/en\/wp-json\/wp\/v2\/product_cat?post=6828"},{"taxonomy":"product_tag","embeddable":true,"href":"https:\/\/marialepucka.pl\/en\/wp-json\/wp\/v2\/product_tag?post=6828"}],"curies":[{"name":"wp","href":"https:\/\/api.w.org\/{rel}","templated":true}]}}