{"id":6560,"date":"2021-06-01T20:03:06","date_gmt":"2021-06-01T18:03:06","guid":{"rendered":"https:\/\/marialepucka.pl\/?post_type=product&#038;p=6560"},"modified":"2025-08-05T21:00:43","modified_gmt":"2025-08-05T19:00:43","slug":"indywidualna-szkola-rodzenia-online","status":"publish","type":"product","link":"https:\/\/marialepucka.pl\/en\/product\/indywidualna-szkola-rodzenia-online\/","title":{"rendered":"Indywidualna szko\u0142a rodzenia online"},"content":{"rendered":"","protected":false},"excerpt":{"rendered":"<div>Indywidualne spotkania szko\u0142y rodzenia online to przygotowanie do rodzicielstwa na miar\u0119 Twoich potrzeb. Mo\u017cesz sama wybra\u0107 tematyk\u0119 lub skorzysta\u0107 z zaj\u0119\u0107 wg autorskiego programu po\u0142o\u017cnej i certyfikowanej doradczyni laktacyjnej (CDL) Marii Lepuckiej. Zaj\u0119cia prowadzone s\u0105 na profesjonalnej, interaktywnej platformie webinarowej. Spotkania indywidualne maj\u0105 form\u0119 wideokonferencji, a terminy ustalane s\u0105 indywidualnie. Tre\u015bci oparte s\u0105 o aktualn\u0105 wiedz\u0119 medyczn\u0105, naukow\u0105, a tak\u017ce ponad 15 letnie do\u015bwiadczenie. To kompleksowe przygotowanie do rodzicielstwa z punktu widzenia praktyka, po\u0142o\u017cnej, pod kt\u00f3rej opiek\u0105 znalaz\u0142o si\u0119 ju\u017c wiele tysi\u0119cy rodzin.<\/div>\n<p>&nbsp;<\/p>\n<p>Szczeg\u00f3\u0142owy program szko\u0142y rodzenia online dost\u0119pny jest tutaj: <strong><a href=\"\/en\/szkola-rodzenia-online-program\/\">Program szko\u0142y rodzenia online<\/a><\/strong>.<\/p>\n<p><strong>Cena uzale\u017cniona jest od wybranego pakietu spotka\u0144. Pojedyncze spotkanie trwa 90 minut. Po zakupie skontaktuj si\u0119 ze mn\u0105 telefonicznie lub mailowo aby ustali\u0107 dogodny termin spotkania lub pakietu spotka\u0144.<\/strong><\/p>","protected":false},"featured_media":6563,"template":"","meta":{"pmpro_default_level":"","inline_featured_image":false},"product_cat":[124],"product_tag":[],"class_list":["post-6560","product","type-product","status-publish","has-post-thumbnail","hentry","product_cat-online","pmpro-has-access"],"yoast_head":"<!-- This site is optimized with the Yoast SEO plugin v26.9 - https:\/\/yoast.com\/product\/yoast-seo-wordpress\/ -->\n<title>Indywidualna szko\u0142a rodzenia online - Maria Lepucka - po\u0142o\u017cna, certyfikowany doradca laktacyjny<\/title>\n<meta name=\"robots\" content=\"index, follow, max-snippet:-1, max-image-preview:large, max-video-preview:-1\" \/>\n<link rel=\"canonical\" href=\"https:\/\/marialepucka.pl\/en\/product\/indywidualna-szkola-rodzenia-online\/\" \/>\n<meta property=\"og:locale\" content=\"en_US\" \/>\n<meta property=\"og:type\" content=\"article\" \/>\n<meta property=\"og:title\" content=\"Indywidualna szko\u0142a rodzenia online - Maria Lepucka - po\u0142o\u017cna, certyfikowany doradca laktacyjny\" \/>\n<meta property=\"og:description\" content=\"Indywidualne spotkania szko\u0142y rodzenia online to przygotowanie do rodzicielstwa na miar\u0119 Twoich potrzeb. Mo\u017cesz sama wybra\u0107 tematyk\u0119 lub skorzysta\u0107 z zaj\u0119\u0107 wg autorskiego programu po\u0142o\u017cnej i certyfikowanej doradczyni laktacyjnej (CDL) Marii Lepuckiej. Zaj\u0119cia prowadzone s\u0105 na profesjonalnej, interaktywnej platformie webinarowej. Spotkania indywidualne maj\u0105 form\u0119 wideokonferencji, a terminy ustalane s\u0105 indywidualnie. Tre\u015bci oparte s\u0105 o aktualn\u0105 wiedz\u0119 medyczn\u0105, naukow\u0105, a tak\u017ce ponad 15 letnie do\u015bwiadczenie. To kompleksowe przygotowanie do rodzicielstwa z punktu widzenia praktyka, po\u0142o\u017cnej, pod kt\u00f3rej opiek\u0105 znalaz\u0142o si\u0119 ju\u017c wiele tysi\u0119cy rodzin. &nbsp;  Szczeg\u00f3\u0142owy program szko\u0142y rodzenia online dost\u0119pny jest tutaj: Program szko\u0142y rodzenia online.  Cena uzale\u017cniona jest od wybranego pakietu spotka\u0144. Pojedyncze spotkanie trwa 90 minut. Po zakupie skontaktuj si\u0119 ze mn\u0105 telefonicznie lub mailowo aby ustali\u0107 dogodny termin spotkania lub pakietu spotka\u0144.\" \/>\n<meta property=\"og:url\" content=\"https:\/\/marialepucka.pl\/en\/product\/indywidualna-szkola-rodzenia-online\/\" \/>\n<meta property=\"og:site_name\" content=\"Maria Lepucka - po\u0142o\u017cna, certyfikowany doradca laktacyjny\" \/>\n<meta property=\"article:publisher\" content=\"https:\/\/www.facebook.com\/maria.lepucka.polozna\/\" \/>\n<meta property=\"article:modified_time\" content=\"2025-08-05T19:00:43+00:00\" \/>\n<meta property=\"og:image\" content=\"https:\/\/marialepucka.pl\/wp-content\/uploads\/2021\/06\/szkola-rodzenia-indywidualna.png\" \/>\n\t<meta property=\"og:image:width\" content=\"1200\" \/>\n\t<meta property=\"og:image:height\" content=\"788\" \/>\n\t<meta property=\"og:image:type\" content=\"image\/png\" \/>\n<meta name=\"twitter:card\" content=\"summary_large_image\" \/>\n<script type=\"application\/ld+json\" class=\"yoast-schema-graph\">{\"@context\":\"https:\/\/schema.org\",\"@graph\":[{\"@type\":\"WebPage\",\"@id\":\"https:\/\/marialepucka.pl\/produkt\/indywidualna-szkola-rodzenia-online\/\",\"url\":\"https:\/\/marialepucka.pl\/produkt\/indywidualna-szkola-rodzenia-online\/\",\"name\":\"Indywidualna szko\u0142a rodzenia online - Maria Lepucka - po\u0142o\u017cna, certyfikowany doradca laktacyjny\",\"isPartOf\":{\"@id\":\"https:\/\/marialepucka.pl\/#website\"},\"primaryImageOfPage\":{\"@id\":\"https:\/\/marialepucka.pl\/produkt\/indywidualna-szkola-rodzenia-online\/#primaryimage\"},\"image\":{\"@id\":\"https:\/\/marialepucka.pl\/produkt\/indywidualna-szkola-rodzenia-online\/#primaryimage\"},\"thumbnailUrl\":\"https:\/\/marialepucka.pl\/wp-content\/uploads\/2021\/06\/szkola-rodzenia-indywidualna.png\",\"datePublished\":\"2021-06-01T18:03:06+00:00\",\"dateModified\":\"2025-08-05T19:00:43+00:00\",\"breadcrumb\":{\"@id\":\"https:\/\/marialepucka.pl\/produkt\/indywidualna-szkola-rodzenia-online\/#breadcrumb\"},\"inLanguage\":\"en-US\",\"potentialAction\":[{\"@type\":\"ReadAction\",\"target\":[\"https:\/\/marialepucka.pl\/produkt\/indywidualna-szkola-rodzenia-online\/\"]}]},{\"@type\":\"ImageObject\",\"inLanguage\":\"en-US\",\"@id\":\"https:\/\/marialepucka.pl\/produkt\/indywidualna-szkola-rodzenia-online\/#primaryimage\",\"url\":\"https:\/\/marialepucka.pl\/wp-content\/uploads\/2021\/06\/szkola-rodzenia-indywidualna.png\",\"contentUrl\":\"https:\/\/marialepucka.pl\/wp-content\/uploads\/2021\/06\/szkola-rodzenia-indywidualna.png\",\"width\":1200,\"height\":788,\"caption\":\"Szko\u0142a rodzenia online\"},{\"@type\":\"BreadcrumbList\",\"@id\":\"https:\/\/marialepucka.pl\/produkt\/indywidualna-szkola-rodzenia-online\/#breadcrumb\",\"itemListElement\":[{\"@type\":\"ListItem\",\"position\":1,\"name\":\"Strona g\u0142\u00f3wna\",\"item\":\"https:\/\/marialepucka.pl\/\"},{\"@type\":\"ListItem\",\"position\":2,\"name\":\"Konsultacje\",\"item\":\"https:\/\/marialepucka.pl\/konsultacje\/\"},{\"@type\":\"ListItem\",\"position\":3,\"name\":\"Indywidualna szko\u0142a rodzenia online\"}]},{\"@type\":\"WebSite\",\"@id\":\"https:\/\/marialepucka.pl\/#website\",\"url\":\"https:\/\/marialepucka.pl\/\",\"name\":\"Maria Lepucka - po\u0142o\u017cna, certyfikowany doradca laktacyjny\",\"description\":\"Maria Lepucka - po\u0142o\u017cna, certyfikowany doradca laktacyjny, specjalista z zakresu psychodietetyki. Sprawd\u017a referencje, zapisz si\u0119 na szkolenia i konsultacje.\",\"publisher\":{\"@id\":\"https:\/\/marialepucka.pl\/#\/schema\/person\/1ef7936d3440d25cd095172c104a774e\"},\"potentialAction\":[{\"@type\":\"SearchAction\",\"target\":{\"@type\":\"EntryPoint\",\"urlTemplate\":\"https:\/\/marialepucka.pl\/?s={search_term_string}\"},\"query-input\":{\"@type\":\"PropertyValueSpecification\",\"valueRequired\":true,\"valueName\":\"search_term_string\"}}],\"inLanguage\":\"en-US\"},{\"@type\":[\"Person\",\"Organization\"],\"@id\":\"https:\/\/marialepucka.pl\/#\/schema\/person\/1ef7936d3440d25cd095172c104a774e\",\"name\":\"Maria Lepucka\",\"image\":{\"@type\":\"ImageObject\",\"inLanguage\":\"en-US\",\"@id\":\"https:\/\/marialepucka.pl\/#\/schema\/person\/image\/\",\"url\":\"https:\/\/marialepucka.pl\/wp-content\/uploads\/2021\/03\/Maria_Lepucka-96x96.png\",\"contentUrl\":\"https:\/\/marialepucka.pl\/wp-content\/uploads\/2021\/03\/Maria_Lepucka-96x96.png\",\"caption\":\"Maria Lepucka\"},\"logo\":{\"@id\":\"https:\/\/marialepucka.pl\/#\/schema\/person\/image\/\"},\"sameAs\":[\"https:\/\/marialepucka.pl\",\"https:\/\/www.facebook.com\/maria.lepucka.polozna\/\",\"https:\/\/www.instagram.com\/maria.lepucka.polozna\/\",\"https:\/\/www.youtube.com\/c\/MariaLepucka\"]}]}<\/script>\n<!-- \/ Yoast SEO plugin. -->","yoast_head_json":{"title":"Indywidualna szko\u0142a rodzenia online - Maria Lepucka - po\u0142o\u017cna, certyfikowany doradca laktacyjny","robots":{"index":"index","follow":"follow","max-snippet":"max-snippet:-1","max-image-preview":"max-image-preview:large","max-video-preview":"max-video-preview:-1"},"canonical":"https:\/\/marialepucka.pl\/en\/product\/indywidualna-szkola-rodzenia-online\/","og_locale":"en_US","og_type":"article","og_title":"Indywidualna szko\u0142a rodzenia online - Maria Lepucka - po\u0142o\u017cna, certyfikowany doradca laktacyjny","og_description":"Indywidualne spotkania szko\u0142y rodzenia online to przygotowanie do rodzicielstwa na miar\u0119 Twoich potrzeb. Mo\u017cesz sama wybra\u0107 tematyk\u0119 lub skorzysta\u0107 z zaj\u0119\u0107 wg autorskiego programu po\u0142o\u017cnej i certyfikowanej doradczyni laktacyjnej (CDL) Marii Lepuckiej. Zaj\u0119cia prowadzone s\u0105 na profesjonalnej, interaktywnej platformie webinarowej. Spotkania indywidualne maj\u0105 form\u0119 wideokonferencji, a terminy ustalane s\u0105 indywidualnie. Tre\u015bci oparte s\u0105 o aktualn\u0105 wiedz\u0119 medyczn\u0105, naukow\u0105, a tak\u017ce ponad 15 letnie do\u015bwiadczenie. To kompleksowe przygotowanie do rodzicielstwa z punktu widzenia praktyka, po\u0142o\u017cnej, pod kt\u00f3rej opiek\u0105 znalaz\u0142o si\u0119 ju\u017c wiele tysi\u0119cy rodzin. &nbsp;  Szczeg\u00f3\u0142owy program szko\u0142y rodzenia online dost\u0119pny jest tutaj: Program szko\u0142y rodzenia online.  Cena uzale\u017cniona jest od wybranego pakietu spotka\u0144. Pojedyncze spotkanie trwa 90 minut. Po zakupie skontaktuj si\u0119 ze mn\u0105 telefonicznie lub mailowo aby ustali\u0107 dogodny termin spotkania lub pakietu spotka\u0144.","og_url":"https:\/\/marialepucka.pl\/en\/product\/indywidualna-szkola-rodzenia-online\/","og_site_name":"Maria Lepucka - po\u0142o\u017cna, certyfikowany doradca laktacyjny","article_publisher":"https:\/\/www.facebook.com\/maria.lepucka.polozna\/","article_modified_time":"2025-08-05T19:00:43+00:00","og_image":[{"width":1200,"height":788,"url":"https:\/\/marialepucka.pl\/wp-content\/uploads\/2021\/06\/szkola-rodzenia-indywidualna.png","type":"image\/png"}],"twitter_card":"summary_large_image","schema":{"@context":"https:\/\/schema.org","@graph":[{"@type":"WebPage","@id":"https:\/\/marialepucka.pl\/produkt\/indywidualna-szkola-rodzenia-online\/","url":"https:\/\/marialepucka.pl\/produkt\/indywidualna-szkola-rodzenia-online\/","name":"Indywidualna szko\u0142a rodzenia online - Maria Lepucka - po\u0142o\u017cna, certyfikowany doradca laktacyjny","isPartOf":{"@id":"https:\/\/marialepucka.pl\/#website"},"primaryImageOfPage":{"@id":"https:\/\/marialepucka.pl\/produkt\/indywidualna-szkola-rodzenia-online\/#primaryimage"},"image":{"@id":"https:\/\/marialepucka.pl\/produkt\/indywidualna-szkola-rodzenia-online\/#primaryimage"},"thumbnailUrl":"https:\/\/marialepucka.pl\/wp-content\/uploads\/2021\/06\/szkola-rodzenia-indywidualna.png","datePublished":"2021-06-01T18:03:06+00:00","dateModified":"2025-08-05T19:00:43+00:00","breadcrumb":{"@id":"https:\/\/marialepucka.pl\/produkt\/indywidualna-szkola-rodzenia-online\/#breadcrumb"},"inLanguage":"en-US","potentialAction":[{"@type":"ReadAction","target":["https:\/\/marialepucka.pl\/produkt\/indywidualna-szkola-rodzenia-online\/"]}]},{"@type":"ImageObject","inLanguage":"en-US","@id":"https:\/\/marialepucka.pl\/produkt\/indywidualna-szkola-rodzenia-online\/#primaryimage","url":"https:\/\/marialepucka.pl\/wp-content\/uploads\/2021\/06\/szkola-rodzenia-indywidualna.png","contentUrl":"https:\/\/marialepucka.pl\/wp-content\/uploads\/2021\/06\/szkola-rodzenia-indywidualna.png","width":1200,"height":788,"caption":"Szko\u0142a rodzenia online"},{"@type":"BreadcrumbList","@id":"https:\/\/marialepucka.pl\/produkt\/indywidualna-szkola-rodzenia-online\/#breadcrumb","itemListElement":[{"@type":"ListItem","position":1,"name":"Strona g\u0142\u00f3wna","item":"https:\/\/marialepucka.pl\/"},{"@type":"ListItem","position":2,"name":"Konsultacje","item":"https:\/\/marialepucka.pl\/konsultacje\/"},{"@type":"ListItem","position":3,"name":"Indywidualna szko\u0142a rodzenia online"}]},{"@type":"WebSite","@id":"https:\/\/marialepucka.pl\/#website","url":"https:\/\/marialepucka.pl\/","name":"Maria Lepucka - po\u0142o\u017cna, certyfikowany doradca laktacyjny","description":"Maria Lepucka - po\u0142o\u017cna, certyfikowany doradca laktacyjny, specjalista z zakresu psychodietetyki. Sprawd\u017a referencje, zapisz si\u0119 na szkolenia i konsultacje.","publisher":{"@id":"https:\/\/marialepucka.pl\/#\/schema\/person\/1ef7936d3440d25cd095172c104a774e"},"potentialAction":[{"@type":"SearchAction","target":{"@type":"EntryPoint","urlTemplate":"https:\/\/marialepucka.pl\/?s={search_term_string}"},"query-input":{"@type":"PropertyValueSpecification","valueRequired":true,"valueName":"search_term_string"}}],"inLanguage":"en-US"},{"@type":["Person","Organization"],"@id":"https:\/\/marialepucka.pl\/#\/schema\/person\/1ef7936d3440d25cd095172c104a774e","name":"Maria Lepucka","image":{"@type":"ImageObject","inLanguage":"en-US","@id":"https:\/\/marialepucka.pl\/#\/schema\/person\/image\/","url":"https:\/\/marialepucka.pl\/wp-content\/uploads\/2021\/03\/Maria_Lepucka-96x96.png","contentUrl":"https:\/\/marialepucka.pl\/wp-content\/uploads\/2021\/03\/Maria_Lepucka-96x96.png","caption":"Maria Lepucka"},"logo":{"@id":"https:\/\/marialepucka.pl\/#\/schema\/person\/image\/"},"sameAs":["https:\/\/marialepucka.pl","https:\/\/www.facebook.com\/maria.lepucka.polozna\/","https:\/\/www.instagram.com\/maria.lepucka.polozna\/","https:\/\/www.youtube.com\/c\/MariaLepucka"]}]}},"_links":{"self":[{"href":"https:\/\/marialepucka.pl\/en\/wp-json\/wp\/v2\/product\/6560","targetHints":{"allow":["GET"]}}],"collection":[{"href":"https:\/\/marialepucka.pl\/en\/wp-json\/wp\/v2\/product"}],"about":[{"href":"https:\/\/marialepucka.pl\/en\/wp-json\/wp\/v2\/types\/product"}],"version-history":[{"count":2,"href":"https:\/\/marialepucka.pl\/en\/wp-json\/wp\/v2\/product\/6560\/revisions"}],"predecessor-version":[{"id":8035,"href":"https:\/\/marialepucka.pl\/en\/wp-json\/wp\/v2\/product\/6560\/revisions\/8035"}],"wp:featuredmedia":[{"embeddable":true,"href":"https:\/\/marialepucka.pl\/en\/wp-json\/wp\/v2\/media\/6563"}],"wp:attachment":[{"href":"https:\/\/marialepucka.pl\/en\/wp-json\/wp\/v2\/media?parent=6560"}],"wp:term":[{"taxonomy":"product_cat","embeddable":true,"href":"https:\/\/marialepucka.pl\/en\/wp-json\/wp\/v2\/product_cat?post=6560"},{"taxonomy":"product_tag","embeddable":true,"href":"https:\/\/marialepucka.pl\/en\/wp-json\/wp\/v2\/product_tag?post=6560"}],"curies":[{"name":"wp","href":"https:\/\/api.w.org\/{rel}","templated":true}]}}