{"id":6554,"date":"2021-06-01T19:38:17","date_gmt":"2021-06-01T17:38:17","guid":{"rendered":"https:\/\/marialepucka.pl\/?post_type=product&#038;p=6554"},"modified":"2026-01-12T20:44:54","modified_gmt":"2026-01-12T19:44:54","slug":"rozszerzanie-diety-niemowlecia-konsultacja-online","status":"publish","type":"product","link":"https:\/\/marialepucka.pl\/en\/product\/rozszerzanie-diety-niemowlecia-konsultacja-online\/","title":{"rendered":"Rozszerzanie diety niemowl\u0119cia &#8211; konsultacja online"},"content":{"rendered":"","protected":false},"excerpt":{"rendered":"<p>Rozszerzanie diety niemowl\u0119cia \u2013 konsultacja indywidualna online, \u201ena \u017cywo\u201d z po\u0142o\u017cn\u0105, certyfikowan\u0105 doradczyni\u0105 laktacyjn\u0105 (CDL) Mari\u0105 Lepuck\u0105.<\/p>\n<p>Spotkanie indywidualne trwa oko\u0142o 60-90 minut. Dodatkowo ka\u017cdy uczestnik konsultacji indywidualnej otrzymuje po spotkaniu materia\u0142y edukacyjne &#8211; streszczenie najwa\u017cniejszych informacji oraz gotowy jad\u0142ospis na pierwsze 3 tygodnie rozszerzania diety dziecka.<\/p>\n<p>W czasie spotkania dowiesz si\u0119 mi\u0119dzy innymi:<\/p>\n<ul>\n<li>jak rozszerza\u0107 diet\u0119 metod\u0105 BLW i metod\u0105 papek,<\/li>\n<li>kiedy rozszerzy\u0107 diet\u0119 dziecka, jak pozna\u0107, \u017ce jest ju\u017c gotowe,<\/li>\n<li>jakie akcesoria mog\u0105 si\u0119 przyda\u0107,<\/li>\n<li>co to jest programowanie \u017cywieniowe, jak dieta w pierwszych 2 latach \u017cycia wp\u0142ywa na zdrowie i preferencje \u017cywieniowe Twojego dziecka,<\/li>\n<li>jakie produkty wybiera\u0107 i jak przygotowa\u0107 pierwsze posi\u0142ki dla dziecka,<\/li>\n<li>jakie s\u0105 prawid\u0142owe reakcje organizmu na nowy produkt,<\/li>\n<li>jak rozpozna\u0107 reakcje niepokoj\u0105ce i alergiczne i jak na nie reagowa\u0107,<\/li>\n<li>jak rozszerza\u0107 diet\u0119 alergika i dziecka z niedoborami \u017cywieniowymi,<\/li>\n<li>co zrobi\u0107, gdy dziecko si\u0119 zad\u0142awi,<\/li>\n<li>jak zapobiega\u0107 niedoborom \u017cywieniowym i prawid\u0142owo komponowa\u0107 diet\u0119.<\/li>\n<\/ul>\n<p>\u2013<\/p>\n<p>Po zakupie konsultacji indywidualnej skontaktuj si\u0119 ze mn\u0105 telefonicznie lub mailowo aby ustali\u0107 termin spotkania.<\/p>","protected":false},"featured_media":6558,"template":"","meta":{"pmpro_default_level":"","inline_featured_image":false},"product_cat":[124],"product_tag":[],"class_list":["post-6554","product","type-product","status-publish","has-post-thumbnail","hentry","product_cat-online","pmpro-has-access"],"yoast_head":"<!-- This site is optimized with the Yoast SEO plugin v26.9 - https:\/\/yoast.com\/product\/yoast-seo-wordpress\/ -->\n<title>Rozszerzanie diety niemowl\u0119cia - konsultacja online - Maria Lepucka - po\u0142o\u017cna, certyfikowany doradca laktacyjny<\/title>\n<meta name=\"robots\" content=\"index, follow, max-snippet:-1, max-image-preview:large, max-video-preview:-1\" \/>\n<link rel=\"canonical\" href=\"https:\/\/marialepucka.pl\/en\/product\/rozszerzanie-diety-niemowlecia-konsultacja-online\/\" \/>\n<meta property=\"og:locale\" content=\"en_US\" \/>\n<meta property=\"og:type\" content=\"article\" \/>\n<meta property=\"og:title\" content=\"Rozszerzanie diety niemowl\u0119cia - konsultacja online - Maria Lepucka - po\u0142o\u017cna, certyfikowany doradca laktacyjny\" \/>\n<meta property=\"og:description\" content=\"Rozszerzanie diety niemowl\u0119cia \u2013 konsultacja indywidualna online, \u201ena \u017cywo\u201d z po\u0142o\u017cn\u0105, certyfikowan\u0105 doradczyni\u0105 laktacyjn\u0105 (CDL) Mari\u0105 Lepuck\u0105.  Spotkanie indywidualne trwa oko\u0142o 60-90 minut. Dodatkowo ka\u017cdy uczestnik konsultacji indywidualnej otrzymuje po spotkaniu materia\u0142y edukacyjne - streszczenie najwa\u017cniejszych informacji oraz gotowy jad\u0142ospis na pierwsze 3 tygodnie rozszerzania diety dziecka.  W czasie spotkania dowiesz si\u0119 mi\u0119dzy innymi:   jak rozszerza\u0107 diet\u0119 metod\u0105 BLW i metod\u0105 papek,  kiedy rozszerzy\u0107 diet\u0119 dziecka, jak pozna\u0107, \u017ce jest ju\u017c gotowe,  jakie akcesoria mog\u0105 si\u0119 przyda\u0107,  co to jest programowanie \u017cywieniowe, jak dieta w pierwszych 2 latach \u017cycia wp\u0142ywa na zdrowie i preferencje \u017cywieniowe Twojego dziecka,  jakie produkty wybiera\u0107 i jak przygotowa\u0107 pierwsze posi\u0142ki dla dziecka,  jakie s\u0105 prawid\u0142owe reakcje organizmu na nowy produkt,  jak rozpozna\u0107 reakcje niepokoj\u0105ce i alergiczne i jak na nie reagowa\u0107,  jak rozszerza\u0107 diet\u0119 alergika i dziecka z niedoborami \u017cywieniowymi,  co zrobi\u0107, gdy dziecko si\u0119 zad\u0142awi,  jak zapobiega\u0107 niedoborom \u017cywieniowym i prawid\u0142owo komponowa\u0107 diet\u0119.  \u2013  Po zakupie konsultacji indywidualnej skontaktuj si\u0119 ze mn\u0105 telefonicznie lub mailowo aby ustali\u0107 termin spotkania.\" \/>\n<meta property=\"og:url\" content=\"https:\/\/marialepucka.pl\/en\/product\/rozszerzanie-diety-niemowlecia-konsultacja-online\/\" \/>\n<meta property=\"og:site_name\" content=\"Maria Lepucka - po\u0142o\u017cna, certyfikowany doradca laktacyjny\" \/>\n<meta property=\"article:publisher\" content=\"https:\/\/www.facebook.com\/maria.lepucka.polozna\/\" \/>\n<meta property=\"article:modified_time\" content=\"2026-01-12T19:44:54+00:00\" \/>\n<meta property=\"og:image\" content=\"https:\/\/marialepucka.pl\/wp-content\/uploads\/2021\/06\/rozszerzanie-diety-niemowlecia-online.png\" \/>\n\t<meta property=\"og:image:width\" content=\"1200\" \/>\n\t<meta property=\"og:image:height\" content=\"788\" \/>\n\t<meta property=\"og:image:type\" content=\"image\/png\" \/>\n<meta name=\"twitter:card\" content=\"summary_large_image\" \/>\n<meta name=\"twitter:label1\" content=\"Est. reading time\" \/>\n\t<meta name=\"twitter:data1\" content=\"1 minute\" \/>\n<script type=\"application\/ld+json\" class=\"yoast-schema-graph\">{\"@context\":\"https:\/\/schema.org\",\"@graph\":[{\"@type\":\"WebPage\",\"@id\":\"https:\/\/marialepucka.pl\/produkt\/rozszerzanie-diety-niemowlecia-konsultacja-online\/\",\"url\":\"https:\/\/marialepucka.pl\/produkt\/rozszerzanie-diety-niemowlecia-konsultacja-online\/\",\"name\":\"Rozszerzanie diety niemowl\u0119cia - konsultacja online - Maria Lepucka - po\u0142o\u017cna, certyfikowany doradca laktacyjny\",\"isPartOf\":{\"@id\":\"https:\/\/marialepucka.pl\/#website\"},\"primaryImageOfPage\":{\"@id\":\"https:\/\/marialepucka.pl\/produkt\/rozszerzanie-diety-niemowlecia-konsultacja-online\/#primaryimage\"},\"image\":{\"@id\":\"https:\/\/marialepucka.pl\/produkt\/rozszerzanie-diety-niemowlecia-konsultacja-online\/#primaryimage\"},\"thumbnailUrl\":\"https:\/\/marialepucka.pl\/wp-content\/uploads\/2021\/06\/rozszerzanie-diety-niemowlecia-online.png\",\"datePublished\":\"2021-06-01T17:38:17+00:00\",\"dateModified\":\"2026-01-12T19:44:54+00:00\",\"breadcrumb\":{\"@id\":\"https:\/\/marialepucka.pl\/produkt\/rozszerzanie-diety-niemowlecia-konsultacja-online\/#breadcrumb\"},\"inLanguage\":\"en-US\",\"potentialAction\":[{\"@type\":\"ReadAction\",\"target\":[\"https:\/\/marialepucka.pl\/produkt\/rozszerzanie-diety-niemowlecia-konsultacja-online\/\"]}]},{\"@type\":\"ImageObject\",\"inLanguage\":\"en-US\",\"@id\":\"https:\/\/marialepucka.pl\/produkt\/rozszerzanie-diety-niemowlecia-konsultacja-online\/#primaryimage\",\"url\":\"https:\/\/marialepucka.pl\/wp-content\/uploads\/2021\/06\/rozszerzanie-diety-niemowlecia-online.png\",\"contentUrl\":\"https:\/\/marialepucka.pl\/wp-content\/uploads\/2021\/06\/rozszerzanie-diety-niemowlecia-online.png\",\"width\":1200,\"height\":788,\"caption\":\"Rozszerzanie diety niemowl\u0119cia online\"},{\"@type\":\"BreadcrumbList\",\"@id\":\"https:\/\/marialepucka.pl\/produkt\/rozszerzanie-diety-niemowlecia-konsultacja-online\/#breadcrumb\",\"itemListElement\":[{\"@type\":\"ListItem\",\"position\":1,\"name\":\"Strona g\u0142\u00f3wna\",\"item\":\"https:\/\/marialepucka.pl\/\"},{\"@type\":\"ListItem\",\"position\":2,\"name\":\"Konsultacje\",\"item\":\"https:\/\/marialepucka.pl\/konsultacje\/\"},{\"@type\":\"ListItem\",\"position\":3,\"name\":\"Rozszerzanie diety niemowl\u0119cia &#8211; konsultacja online\"}]},{\"@type\":\"WebSite\",\"@id\":\"https:\/\/marialepucka.pl\/#website\",\"url\":\"https:\/\/marialepucka.pl\/\",\"name\":\"Maria Lepucka - po\u0142o\u017cna, certyfikowany doradca laktacyjny\",\"description\":\"Maria Lepucka - po\u0142o\u017cna, certyfikowany doradca laktacyjny, specjalista z zakresu psychodietetyki. Sprawd\u017a referencje, zapisz si\u0119 na szkolenia i konsultacje.\",\"publisher\":{\"@id\":\"https:\/\/marialepucka.pl\/#\/schema\/person\/1ef7936d3440d25cd095172c104a774e\"},\"potentialAction\":[{\"@type\":\"SearchAction\",\"target\":{\"@type\":\"EntryPoint\",\"urlTemplate\":\"https:\/\/marialepucka.pl\/?s={search_term_string}\"},\"query-input\":{\"@type\":\"PropertyValueSpecification\",\"valueRequired\":true,\"valueName\":\"search_term_string\"}}],\"inLanguage\":\"en-US\"},{\"@type\":[\"Person\",\"Organization\"],\"@id\":\"https:\/\/marialepucka.pl\/#\/schema\/person\/1ef7936d3440d25cd095172c104a774e\",\"name\":\"Maria Lepucka\",\"image\":{\"@type\":\"ImageObject\",\"inLanguage\":\"en-US\",\"@id\":\"https:\/\/marialepucka.pl\/#\/schema\/person\/image\/\",\"url\":\"https:\/\/marialepucka.pl\/wp-content\/uploads\/2021\/03\/Maria_Lepucka-96x96.png\",\"contentUrl\":\"https:\/\/marialepucka.pl\/wp-content\/uploads\/2021\/03\/Maria_Lepucka-96x96.png\",\"caption\":\"Maria Lepucka\"},\"logo\":{\"@id\":\"https:\/\/marialepucka.pl\/#\/schema\/person\/image\/\"},\"sameAs\":[\"https:\/\/marialepucka.pl\",\"https:\/\/www.facebook.com\/maria.lepucka.polozna\/\",\"https:\/\/www.instagram.com\/maria.lepucka.polozna\/\",\"https:\/\/www.youtube.com\/c\/MariaLepucka\"]}]}<\/script>\n<!-- \/ Yoast SEO plugin. -->","yoast_head_json":{"title":"Rozszerzanie diety niemowl\u0119cia - konsultacja online - Maria Lepucka - po\u0142o\u017cna, certyfikowany doradca laktacyjny","robots":{"index":"index","follow":"follow","max-snippet":"max-snippet:-1","max-image-preview":"max-image-preview:large","max-video-preview":"max-video-preview:-1"},"canonical":"https:\/\/marialepucka.pl\/en\/product\/rozszerzanie-diety-niemowlecia-konsultacja-online\/","og_locale":"en_US","og_type":"article","og_title":"Rozszerzanie diety niemowl\u0119cia - konsultacja online - Maria Lepucka - po\u0142o\u017cna, certyfikowany doradca laktacyjny","og_description":"Rozszerzanie diety niemowl\u0119cia \u2013 konsultacja indywidualna online, \u201ena \u017cywo\u201d z po\u0142o\u017cn\u0105, certyfikowan\u0105 doradczyni\u0105 laktacyjn\u0105 (CDL) Mari\u0105 Lepuck\u0105.  Spotkanie indywidualne trwa oko\u0142o 60-90 minut. Dodatkowo ka\u017cdy uczestnik konsultacji indywidualnej otrzymuje po spotkaniu materia\u0142y edukacyjne - streszczenie najwa\u017cniejszych informacji oraz gotowy jad\u0142ospis na pierwsze 3 tygodnie rozszerzania diety dziecka.  W czasie spotkania dowiesz si\u0119 mi\u0119dzy innymi:   jak rozszerza\u0107 diet\u0119 metod\u0105 BLW i metod\u0105 papek,  kiedy rozszerzy\u0107 diet\u0119 dziecka, jak pozna\u0107, \u017ce jest ju\u017c gotowe,  jakie akcesoria mog\u0105 si\u0119 przyda\u0107,  co to jest programowanie \u017cywieniowe, jak dieta w pierwszych 2 latach \u017cycia wp\u0142ywa na zdrowie i preferencje \u017cywieniowe Twojego dziecka,  jakie produkty wybiera\u0107 i jak przygotowa\u0107 pierwsze posi\u0142ki dla dziecka,  jakie s\u0105 prawid\u0142owe reakcje organizmu na nowy produkt,  jak rozpozna\u0107 reakcje niepokoj\u0105ce i alergiczne i jak na nie reagowa\u0107,  jak rozszerza\u0107 diet\u0119 alergika i dziecka z niedoborami \u017cywieniowymi,  co zrobi\u0107, gdy dziecko si\u0119 zad\u0142awi,  jak zapobiega\u0107 niedoborom \u017cywieniowym i prawid\u0142owo komponowa\u0107 diet\u0119.  \u2013  Po zakupie konsultacji indywidualnej skontaktuj si\u0119 ze mn\u0105 telefonicznie lub mailowo aby ustali\u0107 termin spotkania.","og_url":"https:\/\/marialepucka.pl\/en\/product\/rozszerzanie-diety-niemowlecia-konsultacja-online\/","og_site_name":"Maria Lepucka - po\u0142o\u017cna, certyfikowany doradca laktacyjny","article_publisher":"https:\/\/www.facebook.com\/maria.lepucka.polozna\/","article_modified_time":"2026-01-12T19:44:54+00:00","og_image":[{"width":1200,"height":788,"url":"https:\/\/marialepucka.pl\/wp-content\/uploads\/2021\/06\/rozszerzanie-diety-niemowlecia-online.png","type":"image\/png"}],"twitter_card":"summary_large_image","twitter_misc":{"Est. reading time":"1 minute"},"schema":{"@context":"https:\/\/schema.org","@graph":[{"@type":"WebPage","@id":"https:\/\/marialepucka.pl\/produkt\/rozszerzanie-diety-niemowlecia-konsultacja-online\/","url":"https:\/\/marialepucka.pl\/produkt\/rozszerzanie-diety-niemowlecia-konsultacja-online\/","name":"Rozszerzanie diety niemowl\u0119cia - konsultacja online - Maria Lepucka - po\u0142o\u017cna, certyfikowany doradca laktacyjny","isPartOf":{"@id":"https:\/\/marialepucka.pl\/#website"},"primaryImageOfPage":{"@id":"https:\/\/marialepucka.pl\/produkt\/rozszerzanie-diety-niemowlecia-konsultacja-online\/#primaryimage"},"image":{"@id":"https:\/\/marialepucka.pl\/produkt\/rozszerzanie-diety-niemowlecia-konsultacja-online\/#primaryimage"},"thumbnailUrl":"https:\/\/marialepucka.pl\/wp-content\/uploads\/2021\/06\/rozszerzanie-diety-niemowlecia-online.png","datePublished":"2021-06-01T17:38:17+00:00","dateModified":"2026-01-12T19:44:54+00:00","breadcrumb":{"@id":"https:\/\/marialepucka.pl\/produkt\/rozszerzanie-diety-niemowlecia-konsultacja-online\/#breadcrumb"},"inLanguage":"en-US","potentialAction":[{"@type":"ReadAction","target":["https:\/\/marialepucka.pl\/produkt\/rozszerzanie-diety-niemowlecia-konsultacja-online\/"]}]},{"@type":"ImageObject","inLanguage":"en-US","@id":"https:\/\/marialepucka.pl\/produkt\/rozszerzanie-diety-niemowlecia-konsultacja-online\/#primaryimage","url":"https:\/\/marialepucka.pl\/wp-content\/uploads\/2021\/06\/rozszerzanie-diety-niemowlecia-online.png","contentUrl":"https:\/\/marialepucka.pl\/wp-content\/uploads\/2021\/06\/rozszerzanie-diety-niemowlecia-online.png","width":1200,"height":788,"caption":"Rozszerzanie diety niemowl\u0119cia online"},{"@type":"BreadcrumbList","@id":"https:\/\/marialepucka.pl\/produkt\/rozszerzanie-diety-niemowlecia-konsultacja-online\/#breadcrumb","itemListElement":[{"@type":"ListItem","position":1,"name":"Strona g\u0142\u00f3wna","item":"https:\/\/marialepucka.pl\/"},{"@type":"ListItem","position":2,"name":"Konsultacje","item":"https:\/\/marialepucka.pl\/konsultacje\/"},{"@type":"ListItem","position":3,"name":"Rozszerzanie diety niemowl\u0119cia &#8211; konsultacja online"}]},{"@type":"WebSite","@id":"https:\/\/marialepucka.pl\/#website","url":"https:\/\/marialepucka.pl\/","name":"Maria Lepucka - po\u0142o\u017cna, certyfikowany doradca laktacyjny","description":"Maria Lepucka - po\u0142o\u017cna, certyfikowany doradca laktacyjny, specjalista z zakresu psychodietetyki. Sprawd\u017a referencje, zapisz si\u0119 na szkolenia i konsultacje.","publisher":{"@id":"https:\/\/marialepucka.pl\/#\/schema\/person\/1ef7936d3440d25cd095172c104a774e"},"potentialAction":[{"@type":"SearchAction","target":{"@type":"EntryPoint","urlTemplate":"https:\/\/marialepucka.pl\/?s={search_term_string}"},"query-input":{"@type":"PropertyValueSpecification","valueRequired":true,"valueName":"search_term_string"}}],"inLanguage":"en-US"},{"@type":["Person","Organization"],"@id":"https:\/\/marialepucka.pl\/#\/schema\/person\/1ef7936d3440d25cd095172c104a774e","name":"Maria Lepucka","image":{"@type":"ImageObject","inLanguage":"en-US","@id":"https:\/\/marialepucka.pl\/#\/schema\/person\/image\/","url":"https:\/\/marialepucka.pl\/wp-content\/uploads\/2021\/03\/Maria_Lepucka-96x96.png","contentUrl":"https:\/\/marialepucka.pl\/wp-content\/uploads\/2021\/03\/Maria_Lepucka-96x96.png","caption":"Maria Lepucka"},"logo":{"@id":"https:\/\/marialepucka.pl\/#\/schema\/person\/image\/"},"sameAs":["https:\/\/marialepucka.pl","https:\/\/www.facebook.com\/maria.lepucka.polozna\/","https:\/\/www.instagram.com\/maria.lepucka.polozna\/","https:\/\/www.youtube.com\/c\/MariaLepucka"]}]}},"_links":{"self":[{"href":"https:\/\/marialepucka.pl\/en\/wp-json\/wp\/v2\/product\/6554","targetHints":{"allow":["GET"]}}],"collection":[{"href":"https:\/\/marialepucka.pl\/en\/wp-json\/wp\/v2\/product"}],"about":[{"href":"https:\/\/marialepucka.pl\/en\/wp-json\/wp\/v2\/types\/product"}],"version-history":[{"count":1,"href":"https:\/\/marialepucka.pl\/en\/wp-json\/wp\/v2\/product\/6554\/revisions"}],"predecessor-version":[{"id":7839,"href":"https:\/\/marialepucka.pl\/en\/wp-json\/wp\/v2\/product\/6554\/revisions\/7839"}],"wp:featuredmedia":[{"embeddable":true,"href":"https:\/\/marialepucka.pl\/en\/wp-json\/wp\/v2\/media\/6558"}],"wp:attachment":[{"href":"https:\/\/marialepucka.pl\/en\/wp-json\/wp\/v2\/media?parent=6554"}],"wp:term":[{"taxonomy":"product_cat","embeddable":true,"href":"https:\/\/marialepucka.pl\/en\/wp-json\/wp\/v2\/product_cat?post=6554"},{"taxonomy":"product_tag","embeddable":true,"href":"https:\/\/marialepucka.pl\/en\/wp-json\/wp\/v2\/product_tag?post=6554"}],"curies":[{"name":"wp","href":"https:\/\/api.w.org\/{rel}","templated":true}]}}