{"id":6549,"date":"2021-06-01T19:28:07","date_gmt":"2021-06-01T17:28:07","guid":{"rendered":"https:\/\/marialepucka.pl\/?post_type=product&#038;p=6549"},"modified":"2025-08-05T21:11:00","modified_gmt":"2025-08-05T19:11:00","slug":"konsultacja-poloznej-online","status":"publish","type":"product","link":"https:\/\/marialepucka.pl\/en\/product\/konsultacja-poloznej-online\/","title":{"rendered":"Konsultacja po\u0142o\u017cnej online"},"content":{"rendered":"","protected":false},"excerpt":{"rendered":"<p>Konsultacja online z po\u0142o\u017cn\u0105 i certyfikowan\u0105 doradczyni\u0105 laktacyjn\u0105 (CDL) Mari\u0105 Lepuck\u0105 kierowana jest do pa\u0144 z ca\u0142ej Polski i nie tylko. Spotkanie odbywa si\u0119 w formie wideo-konwersacji na profesjonalnej i wygodnej platformie webinarowej, a terminy ustalane s\u0105 indywidualnie w dogodnym dla Ciebie czasie. W trakcie konsultacji mo\u017cesz zada\u0107 pytania dotycz\u0105ce swojego zdrowia, zdrowia dziecka, a tak\u017ce dotycz\u0105ce karmienia piersi\u0105 czy przygotowania do porodu i opieki nad dzieckiem. Mo\u017cesz tak\u017ce uzyska\u0107 pomoc i wskaz\u00f3wki w problemach laktacyjnych czy piel\u0119gnacyjnych.<\/p>\n<p><strong>Cena jest uzale\u017cniona od d\u0142ugo\u015bci spotkania. Przed zakupem skontaktuj si\u0119 ze mn\u0105 telefonicznie lub mailowo, aby si\u0119 upewni\u0107 czy Tw\u00f3j problem mo\u017cna rozwi\u0105za\u0107 online.<\/strong><\/p>","protected":false},"featured_media":6119,"template":"","meta":{"pmpro_default_level":"","inline_featured_image":false},"product_cat":[124],"product_tag":[],"class_list":["post-6549","product","type-product","status-publish","has-post-thumbnail","hentry","product_cat-online","pmpro-has-access"],"yoast_head":"<!-- This site is optimized with the Yoast SEO plugin v26.9 - https:\/\/yoast.com\/product\/yoast-seo-wordpress\/ -->\n<title>Konsultacja po\u0142o\u017cnej online - Maria Lepucka - po\u0142o\u017cna, certyfikowany doradca laktacyjny<\/title>\n<meta name=\"robots\" content=\"index, follow, max-snippet:-1, max-image-preview:large, max-video-preview:-1\" \/>\n<link rel=\"canonical\" href=\"https:\/\/marialepucka.pl\/en\/product\/konsultacja-poloznej-online\/\" \/>\n<meta property=\"og:locale\" content=\"en_US\" \/>\n<meta property=\"og:type\" content=\"article\" \/>\n<meta property=\"og:title\" content=\"Konsultacja po\u0142o\u017cnej online - Maria Lepucka - po\u0142o\u017cna, certyfikowany doradca laktacyjny\" \/>\n<meta property=\"og:description\" content=\"Konsultacja online z po\u0142o\u017cn\u0105 i certyfikowan\u0105 doradczyni\u0105 laktacyjn\u0105 (CDL) Mari\u0105 Lepuck\u0105 kierowana jest do pa\u0144 z ca\u0142ej Polski i nie tylko. Spotkanie odbywa si\u0119 w formie wideo-konwersacji na profesjonalnej i wygodnej platformie webinarowej, a terminy ustalane s\u0105 indywidualnie w dogodnym dla Ciebie czasie. W trakcie konsultacji mo\u017cesz zada\u0107 pytania dotycz\u0105ce swojego zdrowia, zdrowia dziecka, a tak\u017ce dotycz\u0105ce karmienia piersi\u0105 czy przygotowania do porodu i opieki nad dzieckiem. Mo\u017cesz tak\u017ce uzyska\u0107 pomoc i wskaz\u00f3wki w problemach laktacyjnych czy piel\u0119gnacyjnych.  Cena jest uzale\u017cniona od d\u0142ugo\u015bci spotkania. Przed zakupem skontaktuj si\u0119 ze mn\u0105 telefonicznie lub mailowo, aby si\u0119 upewni\u0107 czy Tw\u00f3j problem mo\u017cna rozwi\u0105za\u0107 online.\" \/>\n<meta property=\"og:url\" content=\"https:\/\/marialepucka.pl\/en\/product\/konsultacja-poloznej-online\/\" \/>\n<meta property=\"og:site_name\" content=\"Maria Lepucka - po\u0142o\u017cna, certyfikowany doradca laktacyjny\" \/>\n<meta property=\"article:publisher\" content=\"https:\/\/www.facebook.com\/maria.lepucka.polozna\/\" \/>\n<meta property=\"article:modified_time\" content=\"2025-08-05T19:11:00+00:00\" \/>\n<meta property=\"og:image\" content=\"https:\/\/marialepucka.pl\/wp-content\/uploads\/2021\/04\/konsultacje-online.png\" \/>\n\t<meta property=\"og:image:width\" content=\"1400\" \/>\n\t<meta property=\"og:image:height\" content=\"1000\" \/>\n\t<meta property=\"og:image:type\" content=\"image\/png\" \/>\n<meta name=\"twitter:card\" content=\"summary_large_image\" \/>\n<script type=\"application\/ld+json\" class=\"yoast-schema-graph\">{\"@context\":\"https:\/\/schema.org\",\"@graph\":[{\"@type\":\"WebPage\",\"@id\":\"https:\/\/marialepucka.pl\/produkt\/konsultacja-poloznej-online\/\",\"url\":\"https:\/\/marialepucka.pl\/produkt\/konsultacja-poloznej-online\/\",\"name\":\"Konsultacja po\u0142o\u017cnej online - Maria Lepucka - po\u0142o\u017cna, certyfikowany doradca laktacyjny\",\"isPartOf\":{\"@id\":\"https:\/\/marialepucka.pl\/#website\"},\"primaryImageOfPage\":{\"@id\":\"https:\/\/marialepucka.pl\/produkt\/konsultacja-poloznej-online\/#primaryimage\"},\"image\":{\"@id\":\"https:\/\/marialepucka.pl\/produkt\/konsultacja-poloznej-online\/#primaryimage\"},\"thumbnailUrl\":\"https:\/\/marialepucka.pl\/wp-content\/uploads\/2021\/04\/konsultacje-online.png\",\"datePublished\":\"2021-06-01T17:28:07+00:00\",\"dateModified\":\"2025-08-05T19:11:00+00:00\",\"breadcrumb\":{\"@id\":\"https:\/\/marialepucka.pl\/produkt\/konsultacja-poloznej-online\/#breadcrumb\"},\"inLanguage\":\"en-US\",\"potentialAction\":[{\"@type\":\"ReadAction\",\"target\":[\"https:\/\/marialepucka.pl\/produkt\/konsultacja-poloznej-online\/\"]}]},{\"@type\":\"ImageObject\",\"inLanguage\":\"en-US\",\"@id\":\"https:\/\/marialepucka.pl\/produkt\/konsultacja-poloznej-online\/#primaryimage\",\"url\":\"https:\/\/marialepucka.pl\/wp-content\/uploads\/2021\/04\/konsultacje-online.png\",\"contentUrl\":\"https:\/\/marialepucka.pl\/wp-content\/uploads\/2021\/04\/konsultacje-online.png\",\"width\":1400,\"height\":1000,\"caption\":\"Konsultacja online\"},{\"@type\":\"BreadcrumbList\",\"@id\":\"https:\/\/marialepucka.pl\/produkt\/konsultacja-poloznej-online\/#breadcrumb\",\"itemListElement\":[{\"@type\":\"ListItem\",\"position\":1,\"name\":\"Strona g\u0142\u00f3wna\",\"item\":\"https:\/\/marialepucka.pl\/\"},{\"@type\":\"ListItem\",\"position\":2,\"name\":\"Konsultacje\",\"item\":\"https:\/\/marialepucka.pl\/konsultacje\/\"},{\"@type\":\"ListItem\",\"position\":3,\"name\":\"Konsultacja po\u0142o\u017cnej online\"}]},{\"@type\":\"WebSite\",\"@id\":\"https:\/\/marialepucka.pl\/#website\",\"url\":\"https:\/\/marialepucka.pl\/\",\"name\":\"Maria Lepucka - po\u0142o\u017cna, certyfikowany doradca laktacyjny\",\"description\":\"Maria Lepucka - po\u0142o\u017cna, certyfikowany doradca laktacyjny, specjalista z zakresu psychodietetyki. Sprawd\u017a referencje, zapisz si\u0119 na szkolenia i konsultacje.\",\"publisher\":{\"@id\":\"https:\/\/marialepucka.pl\/#\/schema\/person\/1ef7936d3440d25cd095172c104a774e\"},\"potentialAction\":[{\"@type\":\"SearchAction\",\"target\":{\"@type\":\"EntryPoint\",\"urlTemplate\":\"https:\/\/marialepucka.pl\/?s={search_term_string}\"},\"query-input\":{\"@type\":\"PropertyValueSpecification\",\"valueRequired\":true,\"valueName\":\"search_term_string\"}}],\"inLanguage\":\"en-US\"},{\"@type\":[\"Person\",\"Organization\"],\"@id\":\"https:\/\/marialepucka.pl\/#\/schema\/person\/1ef7936d3440d25cd095172c104a774e\",\"name\":\"Maria Lepucka\",\"image\":{\"@type\":\"ImageObject\",\"inLanguage\":\"en-US\",\"@id\":\"https:\/\/marialepucka.pl\/#\/schema\/person\/image\/\",\"url\":\"https:\/\/marialepucka.pl\/wp-content\/uploads\/2021\/03\/Maria_Lepucka-96x96.png\",\"contentUrl\":\"https:\/\/marialepucka.pl\/wp-content\/uploads\/2021\/03\/Maria_Lepucka-96x96.png\",\"caption\":\"Maria Lepucka\"},\"logo\":{\"@id\":\"https:\/\/marialepucka.pl\/#\/schema\/person\/image\/\"},\"sameAs\":[\"https:\/\/marialepucka.pl\",\"https:\/\/www.facebook.com\/maria.lepucka.polozna\/\",\"https:\/\/www.instagram.com\/maria.lepucka.polozna\/\",\"https:\/\/www.youtube.com\/c\/MariaLepucka\"]}]}<\/script>\n<!-- \/ Yoast SEO plugin. -->","yoast_head_json":{"title":"Konsultacja po\u0142o\u017cnej online - Maria Lepucka - po\u0142o\u017cna, certyfikowany doradca laktacyjny","robots":{"index":"index","follow":"follow","max-snippet":"max-snippet:-1","max-image-preview":"max-image-preview:large","max-video-preview":"max-video-preview:-1"},"canonical":"https:\/\/marialepucka.pl\/en\/product\/konsultacja-poloznej-online\/","og_locale":"en_US","og_type":"article","og_title":"Konsultacja po\u0142o\u017cnej online - Maria Lepucka - po\u0142o\u017cna, certyfikowany doradca laktacyjny","og_description":"Konsultacja online z po\u0142o\u017cn\u0105 i certyfikowan\u0105 doradczyni\u0105 laktacyjn\u0105 (CDL) Mari\u0105 Lepuck\u0105 kierowana jest do pa\u0144 z ca\u0142ej Polski i nie tylko. Spotkanie odbywa si\u0119 w formie wideo-konwersacji na profesjonalnej i wygodnej platformie webinarowej, a terminy ustalane s\u0105 indywidualnie w dogodnym dla Ciebie czasie. W trakcie konsultacji mo\u017cesz zada\u0107 pytania dotycz\u0105ce swojego zdrowia, zdrowia dziecka, a tak\u017ce dotycz\u0105ce karmienia piersi\u0105 czy przygotowania do porodu i opieki nad dzieckiem. Mo\u017cesz tak\u017ce uzyska\u0107 pomoc i wskaz\u00f3wki w problemach laktacyjnych czy piel\u0119gnacyjnych.  Cena jest uzale\u017cniona od d\u0142ugo\u015bci spotkania. Przed zakupem skontaktuj si\u0119 ze mn\u0105 telefonicznie lub mailowo, aby si\u0119 upewni\u0107 czy Tw\u00f3j problem mo\u017cna rozwi\u0105za\u0107 online.","og_url":"https:\/\/marialepucka.pl\/en\/product\/konsultacja-poloznej-online\/","og_site_name":"Maria Lepucka - po\u0142o\u017cna, certyfikowany doradca laktacyjny","article_publisher":"https:\/\/www.facebook.com\/maria.lepucka.polozna\/","article_modified_time":"2025-08-05T19:11:00+00:00","og_image":[{"width":1400,"height":1000,"url":"https:\/\/marialepucka.pl\/wp-content\/uploads\/2021\/04\/konsultacje-online.png","type":"image\/png"}],"twitter_card":"summary_large_image","schema":{"@context":"https:\/\/schema.org","@graph":[{"@type":"WebPage","@id":"https:\/\/marialepucka.pl\/produkt\/konsultacja-poloznej-online\/","url":"https:\/\/marialepucka.pl\/produkt\/konsultacja-poloznej-online\/","name":"Konsultacja po\u0142o\u017cnej online - Maria Lepucka - po\u0142o\u017cna, certyfikowany doradca laktacyjny","isPartOf":{"@id":"https:\/\/marialepucka.pl\/#website"},"primaryImageOfPage":{"@id":"https:\/\/marialepucka.pl\/produkt\/konsultacja-poloznej-online\/#primaryimage"},"image":{"@id":"https:\/\/marialepucka.pl\/produkt\/konsultacja-poloznej-online\/#primaryimage"},"thumbnailUrl":"https:\/\/marialepucka.pl\/wp-content\/uploads\/2021\/04\/konsultacje-online.png","datePublished":"2021-06-01T17:28:07+00:00","dateModified":"2025-08-05T19:11:00+00:00","breadcrumb":{"@id":"https:\/\/marialepucka.pl\/produkt\/konsultacja-poloznej-online\/#breadcrumb"},"inLanguage":"en-US","potentialAction":[{"@type":"ReadAction","target":["https:\/\/marialepucka.pl\/produkt\/konsultacja-poloznej-online\/"]}]},{"@type":"ImageObject","inLanguage":"en-US","@id":"https:\/\/marialepucka.pl\/produkt\/konsultacja-poloznej-online\/#primaryimage","url":"https:\/\/marialepucka.pl\/wp-content\/uploads\/2021\/04\/konsultacje-online.png","contentUrl":"https:\/\/marialepucka.pl\/wp-content\/uploads\/2021\/04\/konsultacje-online.png","width":1400,"height":1000,"caption":"Konsultacja online"},{"@type":"BreadcrumbList","@id":"https:\/\/marialepucka.pl\/produkt\/konsultacja-poloznej-online\/#breadcrumb","itemListElement":[{"@type":"ListItem","position":1,"name":"Strona g\u0142\u00f3wna","item":"https:\/\/marialepucka.pl\/"},{"@type":"ListItem","position":2,"name":"Konsultacje","item":"https:\/\/marialepucka.pl\/konsultacje\/"},{"@type":"ListItem","position":3,"name":"Konsultacja po\u0142o\u017cnej online"}]},{"@type":"WebSite","@id":"https:\/\/marialepucka.pl\/#website","url":"https:\/\/marialepucka.pl\/","name":"Maria Lepucka - po\u0142o\u017cna, certyfikowany doradca laktacyjny","description":"Maria Lepucka - po\u0142o\u017cna, certyfikowany doradca laktacyjny, specjalista z zakresu psychodietetyki. Sprawd\u017a referencje, zapisz si\u0119 na szkolenia i konsultacje.","publisher":{"@id":"https:\/\/marialepucka.pl\/#\/schema\/person\/1ef7936d3440d25cd095172c104a774e"},"potentialAction":[{"@type":"SearchAction","target":{"@type":"EntryPoint","urlTemplate":"https:\/\/marialepucka.pl\/?s={search_term_string}"},"query-input":{"@type":"PropertyValueSpecification","valueRequired":true,"valueName":"search_term_string"}}],"inLanguage":"en-US"},{"@type":["Person","Organization"],"@id":"https:\/\/marialepucka.pl\/#\/schema\/person\/1ef7936d3440d25cd095172c104a774e","name":"Maria Lepucka","image":{"@type":"ImageObject","inLanguage":"en-US","@id":"https:\/\/marialepucka.pl\/#\/schema\/person\/image\/","url":"https:\/\/marialepucka.pl\/wp-content\/uploads\/2021\/03\/Maria_Lepucka-96x96.png","contentUrl":"https:\/\/marialepucka.pl\/wp-content\/uploads\/2021\/03\/Maria_Lepucka-96x96.png","caption":"Maria Lepucka"},"logo":{"@id":"https:\/\/marialepucka.pl\/#\/schema\/person\/image\/"},"sameAs":["https:\/\/marialepucka.pl","https:\/\/www.facebook.com\/maria.lepucka.polozna\/","https:\/\/www.instagram.com\/maria.lepucka.polozna\/","https:\/\/www.youtube.com\/c\/MariaLepucka"]}]}},"_links":{"self":[{"href":"https:\/\/marialepucka.pl\/en\/wp-json\/wp\/v2\/product\/6549","targetHints":{"allow":["GET"]}}],"collection":[{"href":"https:\/\/marialepucka.pl\/en\/wp-json\/wp\/v2\/product"}],"about":[{"href":"https:\/\/marialepucka.pl\/en\/wp-json\/wp\/v2\/types\/product"}],"version-history":[{"count":1,"href":"https:\/\/marialepucka.pl\/en\/wp-json\/wp\/v2\/product\/6549\/revisions"}],"predecessor-version":[{"id":8008,"href":"https:\/\/marialepucka.pl\/en\/wp-json\/wp\/v2\/product\/6549\/revisions\/8008"}],"wp:featuredmedia":[{"embeddable":true,"href":"https:\/\/marialepucka.pl\/en\/wp-json\/wp\/v2\/media\/6119"}],"wp:attachment":[{"href":"https:\/\/marialepucka.pl\/en\/wp-json\/wp\/v2\/media?parent=6549"}],"wp:term":[{"taxonomy":"product_cat","embeddable":true,"href":"https:\/\/marialepucka.pl\/en\/wp-json\/wp\/v2\/product_cat?post=6549"},{"taxonomy":"product_tag","embeddable":true,"href":"https:\/\/marialepucka.pl\/en\/wp-json\/wp\/v2\/product_tag?post=6549"}],"curies":[{"name":"wp","href":"https:\/\/api.w.org\/{rel}","templated":true}]}}