{"id":8409,"date":"2024-05-28T22:42:42","date_gmt":"2024-05-28T20:42:42","guid":{"rendered":"https:\/\/marialepucka.pl\/?page_id=8409"},"modified":"2024-05-28T22:53:54","modified_gmt":"2024-05-28T20:53:54","slug":"konsultacja-psychodietetyczna-online","status":"publish","type":"page","link":"https:\/\/marialepucka.pl\/en\/konsultacja-psychodietetyczna-online\/","title":{"rendered":"Konsultacja psychodietetyczna online"},"content":{"rendered":"<div data-elementor-type=\"wp-page\" data-elementor-id=\"8409\" class=\"elementor elementor-8409\">\n\t\t\t\t\t\t\t\t\t<section class=\"elementor-section elementor-top-section elementor-element elementor-element-d73e218 elementor-section-boxed elementor-section-gap-beside-yes elementor-section-height-default elementor-section-height-default elementor-section-column-vertical-align-stretch\" data-id=\"d73e218\" data-element_type=\"section\">\n\t\t\t\t\t\t<div class=\"elementor-container elementor-column-gap-extended\">\n\t\t\t\t\t<div class=\"elementor-column elementor-col-100 elementor-top-column elementor-element elementor-element-36ab41e\" data-id=\"36ab41e\" data-element_type=\"column\">\n\t\t\t<div class=\"elementor-widget-wrap elementor-element-populated\">\n\t\t\t\t\t\t\t\t<div class=\"elementor-element elementor-element-1bbc969 maxcoach-animation-zoom-in elementor-widget elementor-widget-tm-image-box\" data-id=\"1bbc969\" data-element_type=\"widget\" data-widget_type=\"tm-image-box.default\">\n\t\t\t\t<div class=\"elementor-widget-container\">\n\t\t\t\t\t<div class=\"tm-image-box maxcoach-box style-01 image-position-left content-alignment-middle\">\t\t<div class=\"content-wrap\">\n\n\t\t\t\t\t\t\t<div class=\"maxcoach-image image\">\n\t\t\t\t\t<img decoding=\"async\"  src=\"https:\/\/marialepucka.pl\/wp-content\/uploads\/2022\/01\/Konsultacja_psychodietetyczna_online.png\" alt=\"Konsultacja psychodietetyczna online\" \/>\t\t\t\t<\/div>\n\t\t\t\n\t\t\t<div class=\"content\">\n\t\t\t\t<div class=\"caption\">\n\t\t\t\t\t<h3 class=\"title\">Konsultacja psychodietetyczna online<\/h3>\n\t\t\t\t\t\t\t<div class=\"description\">\n\t\t\tJako specjalistka w dziedzinie psychodietetyki, a jednocze\u015bnie po\u0142o\u017cna i doradca laktacyjny (CDL), oferuj\u0119 kompleksow\u0105 i holistyczn\u0105 opiek\u0119 w zakresie \u017cywienia Mamy i Dziecka.\n<br><br>\n<b>Jak wygl\u0105da taka porada?<\/b>\nPorady online prowadzone s\u0105 na wygodnej platformie w formie wideokonsultacji, w czasie kt\u00f3rej mo\u017cemy si\u0119 widzie\u0107 i s\u0142ysze\u0107. Je\u015bli jednak bardziej odpowiada Ci forma teleporady, jest ona oczywi\u015bcie tak\u017ce mo\u017cliwa. Na pocz\u0105tku konsultacji przedstawiasz sw\u00f3j problem, a nast\u0119pnie pr\u00f3bujemy znale\u017a\u0107 jego przyczyny. Na tym etapie przeprowadzam szczeg\u00f3\u0142owy wywiad, analizuj\u0119 wszystkie informacje oraz wyniki Twoich bada\u0144. Je\u015bli jest taka potrzeba, zlecam wykonanie dodatkowych bada\u0144 lub konsultacji. Nast\u0119pnie ustalamy wsp\u00f3lnie wst\u0119pny plan dzia\u0142ania oraz termin ewentualnej wizyty kontrolnej. Pierwsza konsultacja trwa oko\u0142o 60 minut, natomiast konsultacja kontrolna 30-60 minut.\n<br><br>\n<b>W czym mog\u0119 Ci pom\u00f3c?<\/b>\nG\u0142\u00f3wne obszary mojej opieki psychodietetycznej to:\n<ul>\n<li>odchudzanie,<\/li>\n<li>prawid\u0142owe od\u017cywianie, utrzymanie zdrowia i prawid\u0142owej masy cia\u0142a w ci\u0105\u017cy,<\/li>\n<li>suplementacja dobrana indywidualnie na okres planowania ci\u0105\u017cy, w czasie ci\u0105\u017cy i karmienia piersi\u0105, a tak\u017ce w okresie po\u0142ogu i p\u00f3\u017aniejszym,<\/li>\n<li>powr\u00f3t do formy po ci\u0105\u017cy,<\/li>\n<li>\u017cywienie i suplementacja w najcz\u0119stszych problemach utrudniaj\u0105cych zaj\u015bcie w ci\u0105\u017c\u0119, a tak\u017ce wp\u0142ywaj\u0105cych na przebieg ci\u0105\u017cy i laktacji. np.: insulinooporno\u015b\u0107, cukrzyca ci\u0105\u017cowa, niedoczynno\u015b\u0107 tarczycy,<\/li>\n<li>\u017cywienie w okresie laktacji,<\/li>\n<li>od\u017cywianie matki karmi\u0105cej piersi\u0105 alergika,<\/li>\n<li>rozszerzanie diety dziecka, w tym dziecka z alergi\u0105.<\/li>\n<\/ul>\n<br>\n<b>Czym si\u0119 nie zajmuj\u0119?<\/b>\nNa pocz\u0105tek skupiam si\u0119 na pomocy mamie i dziecku, gdy\u017c przede wszystkim jestem po\u0142o\u017cn\u0105. Na ten moment nie zajmuj\u0119 si\u0119 dietoterapi\u0105 os\u00f3b z chorobami nowotworowymi, chorobami uk\u0142adu pokarmowego, czy te\u017c \u017cywieniem specjalistycznym os\u00f3b zdrowych, np. sportowc\u00f3w. Je\u015bli masz w\u0105tpliwo\u015bci, czy Twoja potrzeba mie\u015bci si\u0119 w zakresie moich kompetencji, zapytaj przed zakupem konsultacji.\n<br><br>\n<b>Jak przygotowa\u0107 si\u0119 do konsultacji online?<\/b><ul><li>przygotuj wyniki swoich ostatnich bada\u0144 krwi, a tak\u017ce pomiary masy cia\u0142a (lub masy i sk\u0142adu cia\u0142a, je\u015bli posiadasz),<\/li><li>zapisz przez dzie\u0144 lub kilka dni wszystko co jesz i pijesz wraz z ilo\u015bci\u0105,<\/li><li>przygotuj list\u0119 suplement\u00f3w i lek\u00f3w, kt\u00f3re przyjmujesz,<\/li><li>je\u015bli masz opisy aktualnych konsultacji lekarskich, przygotuj je tak\u017ce,<\/li><li>spisz swoje pytania, aby o \u017cadnym nie zapomnie\u0107,<\/li><li>swoje notatki oraz wyniki bada\u0144 mo\u017cesz wygodnie wys\u0142a\u0107 wcze\u015bniej na maila: kontakt@marialepucka.pl.<\/li><\/ul>\t\t<\/div>\n\t\t\t\t\t\t<\/div>\n\t\t\t\t\t\t<div class=\"tm-button-wrapper\">\n\t\t\t<a class=\"tm-button style-flat tm-button-xs icon-right\" href=\"\/en\/umow-wizyte\/\">\t\t\t<div class=\"button-content-wrapper\">\n\t\t\t\t\n\t\t\t\t\t\t\t\t\t<span class=\"button-text\">Um\u00f3w wizyt\u0119<\/span>\n\t\t\t\t\n\t\t\t\t\t\t\t\t\t<span class=\"button-icon\">\n\t\t\t\t\t\t\t<i class=\"fas fa-long-arrow-right\"><\/i>\t\t\t\t\t\t<\/span>\n\t\t\t\t\t\t\t<\/div>\n\t\t\t<\/a>\t\t<\/div>\n\t\t\t\t\t<\/div>\n\n\t\t<\/div>\n\t\t<\/div>\t\t\t\t<\/div>\n\t\t\t\t<\/div>\n\t\t\t\t\t<\/div>\n\t\t<\/div>\n\t\t\t\t\t\t\t<\/div>\n\t\t<\/section>\n\t\t\t\t\t\t\t<\/div>","protected":false},"excerpt":{"rendered":"<p>Konsultacja psychodietetyczna online Jako specjalistka w dziedzinie psychodietetyki, a jednocze\u015bnie po\u0142o\u017cna i doradca laktacyjny (CDL), oferuj\u0119 kompleksow\u0105 i holistyczn\u0105 opiek\u0119 w zakresie \u017cywienia Mamy i Dziecka. Jak wygl\u0105da taka porada? Porady online prowadzone s\u0105 na wygodnej platformie w formie wideokonsultacji, w czasie kt\u00f3rej mo\u017cemy si\u0119 widzie\u0107 i s\u0142ysze\u0107. Je\u015bli jednak bardziej odpowiada Ci forma teleporady, jest ona oczywi\u015bcie tak\u017ce mo\u017cliwa. Na pocz\u0105tku konsultacji przedstawiasz sw\u00f3j problem, a nast\u0119pnie pr\u00f3bujemy znale\u017a\u0107 jego przyczyny. Na tym etapie przeprowadzam szczeg\u00f3\u0142owy wywiad, analizuj\u0119 wszystkie informacje oraz wyniki Twoich bada\u0144. Je\u015bli jest taka potrzeba, zlecam wykonanie dodatkowych bada\u0144 lub konsultacji. Nast\u0119pnie ustalamy wsp\u00f3lnie wst\u0119pny plan dzia\u0142ania oraz termin ewentualnej wizyty kontrolnej. Pierwsza konsultacja trwa oko\u0142o 60 minut, natomiast konsultacja kontrolna 30-60 minut. W czym mog\u0119 Ci pom\u00f3c? G\u0142\u00f3wne obszary mojej opieki psychodietetycznej to: odchudzanie, prawid\u0142owe od\u017cywianie, utrzymanie zdrowia i prawid\u0142owej masy cia\u0142a w ci\u0105\u017cy, suplementacja dobrana indywidualnie na okres planowania ci\u0105\u017cy, w czasie ci\u0105\u017cy i karmienia piersi\u0105, a tak\u017ce w okresie po\u0142ogu i p\u00f3\u017aniejszym, powr\u00f3t do formy po ci\u0105\u017cy, \u017cywienie i suplementacja w najcz\u0119stszych problemach utrudniaj\u0105cych zaj\u015bcie w ci\u0105\u017c\u0119, a tak\u017ce wp\u0142ywaj\u0105cych na przebieg ci\u0105\u017cy i laktacji. np.: insulinooporno\u015b\u0107, cukrzyca ci\u0105\u017cowa, niedoczynno\u015b\u0107 tarczycy, \u017cywienie w okresie laktacji, od\u017cywianie matki karmi\u0105cej piersi\u0105 alergika, rozszerzanie diety dziecka, w tym dziecka z alergi\u0105. Czym si\u0119 nie zajmuj\u0119? Na pocz\u0105tek skupiam si\u0119 na pomocy mamie i dziecku, gdy\u017c przede wszystkim jestem po\u0142o\u017cn\u0105. Na ten moment nie zajmuj\u0119 si\u0119 dietoterapi\u0105 os\u00f3b z chorobami nowotworowymi, chorobami uk\u0142adu pokarmowego, czy te\u017c \u017cywieniem specjalistycznym os\u00f3b zdrowych, np. sportowc\u00f3w. Je\u015bli masz w\u0105tpliwo\u015bci, czy Twoja potrzeba mie\u015bci si\u0119 w zakresie moich kompetencji, zapytaj przed zakupem konsultacji. Jak przygotowa\u0107 si\u0119 do konsultacji online? przygotuj wyniki swoich ostatnich bada\u0144 krwi, a tak\u017ce pomiary masy cia\u0142a (lub masy i sk\u0142adu cia\u0142a, je\u015bli posiadasz), zapisz przez dzie\u0144 lub kilka dni wszystko co jesz i pijesz wraz z ilo\u015bci\u0105, przygotuj list\u0119 suplement\u00f3w i lek\u00f3w, kt\u00f3re przyjmujesz, je\u015bli masz opisy aktualnych konsultacji lekarskich, przygotuj je tak\u017ce, spisz swoje pytania, aby o \u017cadnym nie zapomnie\u0107, swoje notatki oraz wyniki bada\u0144 mo\u017cesz wygodnie wys\u0142a\u0107 wcze\u015bniej na maila: kontakt@marialepucka.pl. Um\u00f3w wizyt\u0119<\/p>","protected":false},"author":1,"featured_media":0,"parent":0,"menu_order":0,"comment_status":"closed","ping_status":"closed","template":"","meta":{"pmpro_default_level":"","inline_featured_image":false,"footnotes":""},"class_list":["post-8409","page","type-page","status-publish","hentry","pmpro-has-access","post-no-thumbnail"],"yoast_head":"<!-- This site is optimized with the Yoast SEO plugin v26.9 - https:\/\/yoast.com\/product\/yoast-seo-wordpress\/ -->\n<title>Konsultacja psychodietetyczna online - Maria Lepucka - po\u0142o\u017cna, certyfikowany doradca laktacyjny<\/title>\n<meta name=\"robots\" content=\"index, follow, max-snippet:-1, max-image-preview:large, max-video-preview:-1\" \/>\n<link rel=\"canonical\" href=\"https:\/\/marialepucka.pl\/en\/konsultacje-1__trashed\/konsultacja-psychodietetyczna-online\/\" \/>\n<meta property=\"og:locale\" content=\"en_US\" \/>\n<meta property=\"og:type\" content=\"article\" \/>\n<meta property=\"og:title\" content=\"Konsultacja psychodietetyczna online - Maria Lepucka - po\u0142o\u017cna, certyfikowany doradca laktacyjny\" \/>\n<meta property=\"og:description\" content=\"Konsultacja psychodietetyczna online Jako specjalistka w dziedzinie psychodietetyki, a jednocze\u015bnie po\u0142o\u017cna i doradca laktacyjny (CDL), oferuj\u0119 kompleksow\u0105 i holistyczn\u0105 opiek\u0119 w zakresie \u017cywienia Mamy i Dziecka. Jak wygl\u0105da taka porada? Porady online prowadzone s\u0105 na wygodnej platformie w formie wideokonsultacji, w czasie kt\u00f3rej mo\u017cemy si\u0119 widzie\u0107 i s\u0142ysze\u0107. Je\u015bli jednak bardziej odpowiada Ci forma teleporady, jest ona oczywi\u015bcie tak\u017ce mo\u017cliwa. Na pocz\u0105tku konsultacji przedstawiasz sw\u00f3j problem, a nast\u0119pnie pr\u00f3bujemy znale\u017a\u0107 jego przyczyny. Na tym etapie przeprowadzam szczeg\u00f3\u0142owy wywiad, analizuj\u0119 wszystkie informacje oraz wyniki Twoich bada\u0144. Je\u015bli jest taka potrzeba, zlecam wykonanie dodatkowych bada\u0144 lub konsultacji. Nast\u0119pnie ustalamy wsp\u00f3lnie wst\u0119pny plan dzia\u0142ania oraz termin ewentualnej wizyty kontrolnej. Pierwsza konsultacja trwa oko\u0142o 60 minut, natomiast konsultacja kontrolna 30-60 minut. W czym mog\u0119 Ci pom\u00f3c? G\u0142\u00f3wne obszary mojej opieki psychodietetycznej to: odchudzanie, prawid\u0142owe od\u017cywianie, utrzymanie zdrowia i prawid\u0142owej masy cia\u0142a w ci\u0105\u017cy, suplementacja dobrana indywidualnie na okres planowania ci\u0105\u017cy, w czasie ci\u0105\u017cy i karmienia piersi\u0105, a tak\u017ce w okresie po\u0142ogu i p\u00f3\u017aniejszym, powr\u00f3t do formy po ci\u0105\u017cy, \u017cywienie i suplementacja w najcz\u0119stszych problemach utrudniaj\u0105cych zaj\u015bcie w ci\u0105\u017c\u0119, a tak\u017ce wp\u0142ywaj\u0105cych na przebieg ci\u0105\u017cy i laktacji. np.: insulinooporno\u015b\u0107, cukrzyca ci\u0105\u017cowa, niedoczynno\u015b\u0107 tarczycy, \u017cywienie w okresie laktacji, od\u017cywianie matki karmi\u0105cej piersi\u0105 alergika, rozszerzanie diety dziecka, w tym dziecka z alergi\u0105. Czym si\u0119 nie zajmuj\u0119? Na pocz\u0105tek skupiam si\u0119 na pomocy mamie i dziecku, gdy\u017c przede wszystkim jestem po\u0142o\u017cn\u0105. Na ten moment nie zajmuj\u0119 si\u0119 dietoterapi\u0105 os\u00f3b z chorobami nowotworowymi, chorobami uk\u0142adu pokarmowego, czy te\u017c \u017cywieniem specjalistycznym os\u00f3b zdrowych, np. sportowc\u00f3w. Je\u015bli masz w\u0105tpliwo\u015bci, czy Twoja potrzeba mie\u015bci si\u0119 w zakresie moich kompetencji, zapytaj przed zakupem konsultacji. Jak przygotowa\u0107 si\u0119 do konsultacji online? przygotuj wyniki swoich ostatnich bada\u0144 krwi, a tak\u017ce pomiary masy cia\u0142a (lub masy i sk\u0142adu cia\u0142a, je\u015bli posiadasz), zapisz przez dzie\u0144 lub kilka dni wszystko co jesz i pijesz wraz z ilo\u015bci\u0105, przygotuj list\u0119 suplement\u00f3w i lek\u00f3w, kt\u00f3re przyjmujesz, je\u015bli masz opisy aktualnych konsultacji lekarskich, przygotuj je tak\u017ce, spisz swoje pytania, aby o \u017cadnym nie zapomnie\u0107, swoje notatki oraz wyniki bada\u0144 mo\u017cesz wygodnie wys\u0142a\u0107 wcze\u015bniej na maila: kontakt@marialepucka.pl. Um\u00f3w wizyt\u0119\" \/>\n<meta property=\"og:url\" content=\"https:\/\/marialepucka.pl\/en\/konsultacje-1__trashed\/konsultacja-psychodietetyczna-online\/\" \/>\n<meta property=\"og:site_name\" content=\"Maria Lepucka - po\u0142o\u017cna, certyfikowany doradca laktacyjny\" \/>\n<meta property=\"article:publisher\" content=\"https:\/\/www.facebook.com\/maria.lepucka.polozna\/\" \/>\n<meta property=\"article:modified_time\" content=\"2024-05-28T20:53:54+00:00\" \/>\n<meta property=\"og:image\" content=\"https:\/\/marialepucka.pl\/wp-content\/uploads\/2022\/01\/Konsultacja_psychodietetyczna_online.png\" \/>\n<meta name=\"twitter:card\" content=\"summary_large_image\" \/>\n<meta name=\"twitter:label1\" content=\"Est. reading time\" \/>\n\t<meta name=\"twitter:data1\" content=\"3 minutes\" \/>\n<script type=\"application\/ld+json\" class=\"yoast-schema-graph\">{\"@context\":\"https:\/\/schema.org\",\"@graph\":[{\"@type\":\"WebPage\",\"@id\":\"https:\/\/marialepucka.pl\/konsultacje-1__trashed\/konsultacja-psychodietetyczna-online\/\",\"url\":\"https:\/\/marialepucka.pl\/konsultacje-1__trashed\/konsultacja-psychodietetyczna-online\/\",\"name\":\"Konsultacja psychodietetyczna online - Maria Lepucka - po\u0142o\u017cna, certyfikowany doradca laktacyjny\",\"isPartOf\":{\"@id\":\"https:\/\/marialepucka.pl\/#website\"},\"primaryImageOfPage\":{\"@id\":\"https:\/\/marialepucka.pl\/konsultacje-1__trashed\/konsultacja-psychodietetyczna-online\/#primaryimage\"},\"image\":{\"@id\":\"https:\/\/marialepucka.pl\/konsultacje-1__trashed\/konsultacja-psychodietetyczna-online\/#primaryimage\"},\"thumbnailUrl\":\"https:\/\/marialepucka.pl\/wp-content\/uploads\/2022\/01\/Konsultacja_psychodietetyczna_online.png\",\"datePublished\":\"2024-05-28T20:42:42+00:00\",\"dateModified\":\"2024-05-28T20:53:54+00:00\",\"breadcrumb\":{\"@id\":\"https:\/\/marialepucka.pl\/konsultacje-1__trashed\/konsultacja-psychodietetyczna-online\/#breadcrumb\"},\"inLanguage\":\"en-US\",\"potentialAction\":[{\"@type\":\"ReadAction\",\"target\":[\"https:\/\/marialepucka.pl\/konsultacje-1__trashed\/konsultacja-psychodietetyczna-online\/\"]}]},{\"@type\":\"ImageObject\",\"inLanguage\":\"en-US\",\"@id\":\"https:\/\/marialepucka.pl\/konsultacje-1__trashed\/konsultacja-psychodietetyczna-online\/#primaryimage\",\"url\":\"https:\/\/marialepucka.pl\/wp-content\/uploads\/2022\/01\/Konsultacja_psychodietetyczna_online.png\",\"contentUrl\":\"https:\/\/marialepucka.pl\/wp-content\/uploads\/2022\/01\/Konsultacja_psychodietetyczna_online.png\"},{\"@type\":\"BreadcrumbList\",\"@id\":\"https:\/\/marialepucka.pl\/konsultacje-1__trashed\/konsultacja-psychodietetyczna-online\/#breadcrumb\",\"itemListElement\":[{\"@type\":\"ListItem\",\"position\":1,\"name\":\"Strona g\u0142\u00f3wna\",\"item\":\"https:\/\/marialepucka.pl\/\"},{\"@type\":\"ListItem\",\"position\":2,\"name\":\"Konsultacja psychodietetyczna online\"}]},{\"@type\":\"WebSite\",\"@id\":\"https:\/\/marialepucka.pl\/#website\",\"url\":\"https:\/\/marialepucka.pl\/\",\"name\":\"Maria Lepucka - po\u0142o\u017cna, certyfikowany doradca laktacyjny\",\"description\":\"Maria Lepucka - po\u0142o\u017cna, certyfikowany doradca laktacyjny, specjalista z zakresu psychodietetyki. Sprawd\u017a referencje, zapisz si\u0119 na szkolenia i konsultacje.\",\"publisher\":{\"@id\":\"https:\/\/marialepucka.pl\/#\/schema\/person\/1ef7936d3440d25cd095172c104a774e\"},\"potentialAction\":[{\"@type\":\"SearchAction\",\"target\":{\"@type\":\"EntryPoint\",\"urlTemplate\":\"https:\/\/marialepucka.pl\/?s={search_term_string}\"},\"query-input\":{\"@type\":\"PropertyValueSpecification\",\"valueRequired\":true,\"valueName\":\"search_term_string\"}}],\"inLanguage\":\"en-US\"},{\"@type\":[\"Person\",\"Organization\"],\"@id\":\"https:\/\/marialepucka.pl\/#\/schema\/person\/1ef7936d3440d25cd095172c104a774e\",\"name\":\"Maria Lepucka\",\"image\":{\"@type\":\"ImageObject\",\"inLanguage\":\"en-US\",\"@id\":\"https:\/\/marialepucka.pl\/#\/schema\/person\/image\/\",\"url\":\"https:\/\/marialepucka.pl\/wp-content\/uploads\/2021\/03\/Maria_Lepucka-96x96.png\",\"contentUrl\":\"https:\/\/marialepucka.pl\/wp-content\/uploads\/2021\/03\/Maria_Lepucka-96x96.png\",\"caption\":\"Maria Lepucka\"},\"logo\":{\"@id\":\"https:\/\/marialepucka.pl\/#\/schema\/person\/image\/\"},\"sameAs\":[\"https:\/\/marialepucka.pl\",\"https:\/\/www.facebook.com\/maria.lepucka.polozna\/\",\"https:\/\/www.instagram.com\/maria.lepucka.polozna\/\",\"https:\/\/www.youtube.com\/c\/MariaLepucka\"]}]}<\/script>\n<!-- \/ Yoast SEO plugin. -->","yoast_head_json":{"title":"Konsultacja psychodietetyczna online - Maria Lepucka - po\u0142o\u017cna, certyfikowany doradca laktacyjny","robots":{"index":"index","follow":"follow","max-snippet":"max-snippet:-1","max-image-preview":"max-image-preview:large","max-video-preview":"max-video-preview:-1"},"canonical":"https:\/\/marialepucka.pl\/en\/konsultacje-1__trashed\/konsultacja-psychodietetyczna-online\/","og_locale":"en_US","og_type":"article","og_title":"Konsultacja psychodietetyczna online - Maria Lepucka - po\u0142o\u017cna, certyfikowany doradca laktacyjny","og_description":"Konsultacja psychodietetyczna online Jako specjalistka w dziedzinie psychodietetyki, a jednocze\u015bnie po\u0142o\u017cna i doradca laktacyjny (CDL), oferuj\u0119 kompleksow\u0105 i holistyczn\u0105 opiek\u0119 w zakresie \u017cywienia Mamy i Dziecka. Jak wygl\u0105da taka porada? Porady online prowadzone s\u0105 na wygodnej platformie w formie wideokonsultacji, w czasie kt\u00f3rej mo\u017cemy si\u0119 widzie\u0107 i s\u0142ysze\u0107. Je\u015bli jednak bardziej odpowiada Ci forma teleporady, jest ona oczywi\u015bcie tak\u017ce mo\u017cliwa. Na pocz\u0105tku konsultacji przedstawiasz sw\u00f3j problem, a nast\u0119pnie pr\u00f3bujemy znale\u017a\u0107 jego przyczyny. Na tym etapie przeprowadzam szczeg\u00f3\u0142owy wywiad, analizuj\u0119 wszystkie informacje oraz wyniki Twoich bada\u0144. Je\u015bli jest taka potrzeba, zlecam wykonanie dodatkowych bada\u0144 lub konsultacji. Nast\u0119pnie ustalamy wsp\u00f3lnie wst\u0119pny plan dzia\u0142ania oraz termin ewentualnej wizyty kontrolnej. Pierwsza konsultacja trwa oko\u0142o 60 minut, natomiast konsultacja kontrolna 30-60 minut. W czym mog\u0119 Ci pom\u00f3c? G\u0142\u00f3wne obszary mojej opieki psychodietetycznej to: odchudzanie, prawid\u0142owe od\u017cywianie, utrzymanie zdrowia i prawid\u0142owej masy cia\u0142a w ci\u0105\u017cy, suplementacja dobrana indywidualnie na okres planowania ci\u0105\u017cy, w czasie ci\u0105\u017cy i karmienia piersi\u0105, a tak\u017ce w okresie po\u0142ogu i p\u00f3\u017aniejszym, powr\u00f3t do formy po ci\u0105\u017cy, \u017cywienie i suplementacja w najcz\u0119stszych problemach utrudniaj\u0105cych zaj\u015bcie w ci\u0105\u017c\u0119, a tak\u017ce wp\u0142ywaj\u0105cych na przebieg ci\u0105\u017cy i laktacji. np.: insulinooporno\u015b\u0107, cukrzyca ci\u0105\u017cowa, niedoczynno\u015b\u0107 tarczycy, \u017cywienie w okresie laktacji, od\u017cywianie matki karmi\u0105cej piersi\u0105 alergika, rozszerzanie diety dziecka, w tym dziecka z alergi\u0105. Czym si\u0119 nie zajmuj\u0119? Na pocz\u0105tek skupiam si\u0119 na pomocy mamie i dziecku, gdy\u017c przede wszystkim jestem po\u0142o\u017cn\u0105. Na ten moment nie zajmuj\u0119 si\u0119 dietoterapi\u0105 os\u00f3b z chorobami nowotworowymi, chorobami uk\u0142adu pokarmowego, czy te\u017c \u017cywieniem specjalistycznym os\u00f3b zdrowych, np. sportowc\u00f3w. Je\u015bli masz w\u0105tpliwo\u015bci, czy Twoja potrzeba mie\u015bci si\u0119 w zakresie moich kompetencji, zapytaj przed zakupem konsultacji. Jak przygotowa\u0107 si\u0119 do konsultacji online? przygotuj wyniki swoich ostatnich bada\u0144 krwi, a tak\u017ce pomiary masy cia\u0142a (lub masy i sk\u0142adu cia\u0142a, je\u015bli posiadasz), zapisz przez dzie\u0144 lub kilka dni wszystko co jesz i pijesz wraz z ilo\u015bci\u0105, przygotuj list\u0119 suplement\u00f3w i lek\u00f3w, kt\u00f3re przyjmujesz, je\u015bli masz opisy aktualnych konsultacji lekarskich, przygotuj je tak\u017ce, spisz swoje pytania, aby o \u017cadnym nie zapomnie\u0107, swoje notatki oraz wyniki bada\u0144 mo\u017cesz wygodnie wys\u0142a\u0107 wcze\u015bniej na maila: kontakt@marialepucka.pl. Um\u00f3w wizyt\u0119","og_url":"https:\/\/marialepucka.pl\/en\/konsultacje-1__trashed\/konsultacja-psychodietetyczna-online\/","og_site_name":"Maria Lepucka - po\u0142o\u017cna, certyfikowany doradca laktacyjny","article_publisher":"https:\/\/www.facebook.com\/maria.lepucka.polozna\/","article_modified_time":"2024-05-28T20:53:54+00:00","og_image":[{"url":"https:\/\/marialepucka.pl\/wp-content\/uploads\/2022\/01\/Konsultacja_psychodietetyczna_online.png","type":"","width":"","height":""}],"twitter_card":"summary_large_image","twitter_misc":{"Est. reading time":"3 minutes"},"schema":{"@context":"https:\/\/schema.org","@graph":[{"@type":"WebPage","@id":"https:\/\/marialepucka.pl\/konsultacje-1__trashed\/konsultacja-psychodietetyczna-online\/","url":"https:\/\/marialepucka.pl\/konsultacje-1__trashed\/konsultacja-psychodietetyczna-online\/","name":"Konsultacja psychodietetyczna online - Maria Lepucka - po\u0142o\u017cna, certyfikowany doradca laktacyjny","isPartOf":{"@id":"https:\/\/marialepucka.pl\/#website"},"primaryImageOfPage":{"@id":"https:\/\/marialepucka.pl\/konsultacje-1__trashed\/konsultacja-psychodietetyczna-online\/#primaryimage"},"image":{"@id":"https:\/\/marialepucka.pl\/konsultacje-1__trashed\/konsultacja-psychodietetyczna-online\/#primaryimage"},"thumbnailUrl":"https:\/\/marialepucka.pl\/wp-content\/uploads\/2022\/01\/Konsultacja_psychodietetyczna_online.png","datePublished":"2024-05-28T20:42:42+00:00","dateModified":"2024-05-28T20:53:54+00:00","breadcrumb":{"@id":"https:\/\/marialepucka.pl\/konsultacje-1__trashed\/konsultacja-psychodietetyczna-online\/#breadcrumb"},"inLanguage":"en-US","potentialAction":[{"@type":"ReadAction","target":["https:\/\/marialepucka.pl\/konsultacje-1__trashed\/konsultacja-psychodietetyczna-online\/"]}]},{"@type":"ImageObject","inLanguage":"en-US","@id":"https:\/\/marialepucka.pl\/konsultacje-1__trashed\/konsultacja-psychodietetyczna-online\/#primaryimage","url":"https:\/\/marialepucka.pl\/wp-content\/uploads\/2022\/01\/Konsultacja_psychodietetyczna_online.png","contentUrl":"https:\/\/marialepucka.pl\/wp-content\/uploads\/2022\/01\/Konsultacja_psychodietetyczna_online.png"},{"@type":"BreadcrumbList","@id":"https:\/\/marialepucka.pl\/konsultacje-1__trashed\/konsultacja-psychodietetyczna-online\/#breadcrumb","itemListElement":[{"@type":"ListItem","position":1,"name":"Strona g\u0142\u00f3wna","item":"https:\/\/marialepucka.pl\/"},{"@type":"ListItem","position":2,"name":"Konsultacja psychodietetyczna online"}]},{"@type":"WebSite","@id":"https:\/\/marialepucka.pl\/#website","url":"https:\/\/marialepucka.pl\/","name":"Maria Lepucka - po\u0142o\u017cna, certyfikowany doradca laktacyjny","description":"Maria Lepucka - po\u0142o\u017cna, certyfikowany doradca laktacyjny, specjalista z zakresu psychodietetyki. Sprawd\u017a referencje, zapisz si\u0119 na szkolenia i konsultacje.","publisher":{"@id":"https:\/\/marialepucka.pl\/#\/schema\/person\/1ef7936d3440d25cd095172c104a774e"},"potentialAction":[{"@type":"SearchAction","target":{"@type":"EntryPoint","urlTemplate":"https:\/\/marialepucka.pl\/?s={search_term_string}"},"query-input":{"@type":"PropertyValueSpecification","valueRequired":true,"valueName":"search_term_string"}}],"inLanguage":"en-US"},{"@type":["Person","Organization"],"@id":"https:\/\/marialepucka.pl\/#\/schema\/person\/1ef7936d3440d25cd095172c104a774e","name":"Maria Lepucka","image":{"@type":"ImageObject","inLanguage":"en-US","@id":"https:\/\/marialepucka.pl\/#\/schema\/person\/image\/","url":"https:\/\/marialepucka.pl\/wp-content\/uploads\/2021\/03\/Maria_Lepucka-96x96.png","contentUrl":"https:\/\/marialepucka.pl\/wp-content\/uploads\/2021\/03\/Maria_Lepucka-96x96.png","caption":"Maria Lepucka"},"logo":{"@id":"https:\/\/marialepucka.pl\/#\/schema\/person\/image\/"},"sameAs":["https:\/\/marialepucka.pl","https:\/\/www.facebook.com\/maria.lepucka.polozna\/","https:\/\/www.instagram.com\/maria.lepucka.polozna\/","https:\/\/www.youtube.com\/c\/MariaLepucka"]}]}},"_links":{"self":[{"href":"https:\/\/marialepucka.pl\/en\/wp-json\/wp\/v2\/pages\/8409","targetHints":{"allow":["GET"]}}],"collection":[{"href":"https:\/\/marialepucka.pl\/en\/wp-json\/wp\/v2\/pages"}],"about":[{"href":"https:\/\/marialepucka.pl\/en\/wp-json\/wp\/v2\/types\/page"}],"author":[{"embeddable":true,"href":"https:\/\/marialepucka.pl\/en\/wp-json\/wp\/v2\/users\/1"}],"replies":[{"embeddable":true,"href":"https:\/\/marialepucka.pl\/en\/wp-json\/wp\/v2\/comments?post=8409"}],"version-history":[{"count":13,"href":"https:\/\/marialepucka.pl\/en\/wp-json\/wp\/v2\/pages\/8409\/revisions"}],"predecessor-version":[{"id":8422,"href":"https:\/\/marialepucka.pl\/en\/wp-json\/wp\/v2\/pages\/8409\/revisions\/8422"}],"wp:attachment":[{"href":"https:\/\/marialepucka.pl\/en\/wp-json\/wp\/v2\/media?parent=8409"}],"curies":[{"name":"wp","href":"https:\/\/api.w.org\/{rel}","templated":true}]}}