{"id":8395,"date":"2024-05-28T22:36:04","date_gmt":"2024-05-28T20:36:04","guid":{"rendered":"https:\/\/marialepucka.pl\/?page_id=8395"},"modified":"2024-05-28T22:40:49","modified_gmt":"2024-05-28T20:40:49","slug":"konsultacja-poloznej-online","status":"publish","type":"page","link":"https:\/\/marialepucka.pl\/en\/konsultacja-poloznej-online\/","title":{"rendered":"Konsultacja po\u0142o\u017cnej online"},"content":{"rendered":"<div data-elementor-type=\"wp-page\" data-elementor-id=\"8395\" class=\"elementor elementor-8395\">\n\t\t\t\t\t\t\t\t\t<section class=\"elementor-section elementor-top-section elementor-element elementor-element-0a3ee9c elementor-section-boxed elementor-section-gap-beside-yes elementor-section-height-default elementor-section-height-default elementor-section-column-vertical-align-stretch\" data-id=\"0a3ee9c\" data-element_type=\"section\">\n\t\t\t\t\t\t<div class=\"elementor-container elementor-column-gap-extended\">\n\t\t\t\t\t<div class=\"elementor-column elementor-col-100 elementor-top-column elementor-element elementor-element-cf7dcbb\" data-id=\"cf7dcbb\" data-element_type=\"column\">\n\t\t\t<div class=\"elementor-widget-wrap elementor-element-populated\">\n\t\t\t\t\t\t\t\t<div class=\"elementor-element elementor-element-e4df4cb maxcoach-animation-zoom-in elementor-widget elementor-widget-tm-image-box\" data-id=\"e4df4cb\" data-element_type=\"widget\" data-widget_type=\"tm-image-box.default\">\n\t\t\t\t<div class=\"elementor-widget-container\">\n\t\t\t\t\t<div class=\"tm-image-box maxcoach-box style-01 image-position-left content-alignment-middle\">\t\t<div class=\"content-wrap\">\n\n\t\t\t\t\t\t\t<div class=\"maxcoach-image image\">\n\t\t\t\t\t<img decoding=\"async\"  src=\"https:\/\/marialepucka.pl\/wp-content\/uploads\/2021\/04\/konsultacje-online.png\" alt=\"Konsultacja online\" \/>\t\t\t\t<\/div>\n\t\t\t\n\t\t\t<div class=\"content\">\n\t\t\t\t<div class=\"caption\">\n\t\t\t\t\t<h2 class=\"title\"> Konsultacja po\u0142o\u017cnej online<\/h2>\n\t\t\t\t\t\t\t<div class=\"description\">\n\t\t\tKonsultacja online z po\u0142o\u017cn\u0105 i certyfikowan\u0105 doradczyni\u0105 laktacyjn\u0105 (CDL) Mari\u0105 Lepuck\u0105 kierowana jest do pa\u0144 z ca\u0142ej Polski i nie tylko. Spotkanie odbywa si\u0119 w formie wideo-konsultacji na profesjonalnej i wygodnej platformie webinarowej.<br><br>W trakcie konsultacji mo\u017cesz zada\u0107 pytania dotycz\u0105ce swojego zdrowia, zdrowia dziecka, a tak\u017ce dotycz\u0105ce karmienia piersi\u0105 czy przygotowania do porodu i opieki nad dzieckiem. Mo\u017cesz tak\u017ce uzyska\u0107 pomoc i wskaz\u00f3wki w problemach laktacyjnych czy piel\u0119gnacyjnych.<br><br>\n<b>Cena jest uzale\u017cniona od d\u0142ugo\u015bci spotkania.<\/b>\t\t<\/div>\n\t\t\t\t\t\t<\/div>\n\t\t\t\t\t\t<div class=\"tm-button-wrapper\">\n\t\t\t<a class=\"tm-button style-flat tm-button-xs icon-right\" href=\"\/en\/umow-wizyte\/\">\t\t\t<div class=\"button-content-wrapper\">\n\t\t\t\t\n\t\t\t\t\t\t\t\t\t<span class=\"button-text\">Um\u00f3w wizyt\u0119<\/span>\n\t\t\t\t\n\t\t\t\t\t\t\t\t\t<span class=\"button-icon\">\n\t\t\t\t\t\t\t<i class=\"fas fa-long-arrow-right\"><\/i>\t\t\t\t\t\t<\/span>\n\t\t\t\t\t\t\t<\/div>\n\t\t\t<\/a>\t\t<\/div>\n\t\t\t\t\t<\/div>\n\n\t\t<\/div>\n\t\t<\/div>\t\t\t\t<\/div>\n\t\t\t\t<\/div>\n\t\t\t\t\t<\/div>\n\t\t<\/div>\n\t\t\t\t\t\t\t<\/div>\n\t\t<\/section>\n\t\t\t\t\t\t\t<\/div>","protected":false},"excerpt":{"rendered":"<p>Konsultacja po\u0142o\u017cnej online Konsultacja online z po\u0142o\u017cn\u0105 i certyfikowan\u0105 doradczyni\u0105 laktacyjn\u0105 (CDL) Mari\u0105 Lepuck\u0105 kierowana jest do pa\u0144 z ca\u0142ej Polski i nie tylko. Spotkanie odbywa si\u0119 w formie wideo-konsultacji na profesjonalnej i wygodnej platformie webinarowej. W trakcie konsultacji mo\u017cesz zada\u0107 pytania dotycz\u0105ce swojego zdrowia, zdrowia dziecka, a tak\u017ce dotycz\u0105ce karmienia piersi\u0105 czy przygotowania do porodu i opieki nad dzieckiem. Mo\u017cesz tak\u017ce uzyska\u0107 pomoc i wskaz\u00f3wki w problemach laktacyjnych czy piel\u0119gnacyjnych. Cena jest uzale\u017cniona od d\u0142ugo\u015bci spotkania. Um\u00f3w wizyt\u0119<\/p>","protected":false},"author":1,"featured_media":0,"parent":0,"menu_order":0,"comment_status":"closed","ping_status":"closed","template":"","meta":{"pmpro_default_level":"","inline_featured_image":false,"footnotes":""},"class_list":["post-8395","page","type-page","status-publish","hentry","pmpro-has-access","post-no-thumbnail"],"yoast_head":"<!-- This site is optimized with the Yoast SEO plugin v26.9 - https:\/\/yoast.com\/product\/yoast-seo-wordpress\/ -->\n<title>Konsultacja po\u0142o\u017cnej online - Maria Lepucka - po\u0142o\u017cna, certyfikowany doradca laktacyjny<\/title>\n<meta name=\"robots\" content=\"index, follow, max-snippet:-1, max-image-preview:large, max-video-preview:-1\" \/>\n<link rel=\"canonical\" href=\"https:\/\/marialepucka.pl\/en\/konsultacje-1__trashed\/konsultacja-poloznej-online\/\" \/>\n<meta property=\"og:locale\" content=\"en_US\" \/>\n<meta property=\"og:type\" content=\"article\" \/>\n<meta property=\"og:title\" content=\"Konsultacja po\u0142o\u017cnej online - Maria Lepucka - po\u0142o\u017cna, certyfikowany doradca laktacyjny\" \/>\n<meta property=\"og:description\" content=\"Konsultacja po\u0142o\u017cnej online Konsultacja online z po\u0142o\u017cn\u0105 i certyfikowan\u0105 doradczyni\u0105 laktacyjn\u0105 (CDL) Mari\u0105 Lepuck\u0105 kierowana jest do pa\u0144 z ca\u0142ej Polski i nie tylko. Spotkanie odbywa si\u0119 w formie wideo-konsultacji na profesjonalnej i wygodnej platformie webinarowej. W trakcie konsultacji mo\u017cesz zada\u0107 pytania dotycz\u0105ce swojego zdrowia, zdrowia dziecka, a tak\u017ce dotycz\u0105ce karmienia piersi\u0105 czy przygotowania do porodu i opieki nad dzieckiem. Mo\u017cesz tak\u017ce uzyska\u0107 pomoc i wskaz\u00f3wki w problemach laktacyjnych czy piel\u0119gnacyjnych. Cena jest uzale\u017cniona od d\u0142ugo\u015bci spotkania. Um\u00f3w wizyt\u0119\" \/>\n<meta property=\"og:url\" content=\"https:\/\/marialepucka.pl\/en\/konsultacje-1__trashed\/konsultacja-poloznej-online\/\" \/>\n<meta property=\"og:site_name\" content=\"Maria Lepucka - po\u0142o\u017cna, certyfikowany doradca laktacyjny\" \/>\n<meta property=\"article:publisher\" content=\"https:\/\/www.facebook.com\/maria.lepucka.polozna\/\" \/>\n<meta property=\"article:modified_time\" content=\"2024-05-28T20:40:49+00:00\" \/>\n<meta property=\"og:image\" content=\"https:\/\/marialepucka.pl\/wp-content\/uploads\/2021\/04\/konsultacje-online.png\" \/>\n<meta name=\"twitter:card\" content=\"summary_large_image\" \/>\n<meta name=\"twitter:label1\" content=\"Est. reading time\" \/>\n\t<meta name=\"twitter:data1\" content=\"1 minute\" \/>\n<script type=\"application\/ld+json\" class=\"yoast-schema-graph\">{\"@context\":\"https:\/\/schema.org\",\"@graph\":[{\"@type\":\"WebPage\",\"@id\":\"https:\/\/marialepucka.pl\/konsultacje-1__trashed\/konsultacja-poloznej-online\/\",\"url\":\"https:\/\/marialepucka.pl\/konsultacje-1__trashed\/konsultacja-poloznej-online\/\",\"name\":\"Konsultacja po\u0142o\u017cnej online - Maria Lepucka - po\u0142o\u017cna, certyfikowany doradca laktacyjny\",\"isPartOf\":{\"@id\":\"https:\/\/marialepucka.pl\/#website\"},\"primaryImageOfPage\":{\"@id\":\"https:\/\/marialepucka.pl\/konsultacje-1__trashed\/konsultacja-poloznej-online\/#primaryimage\"},\"image\":{\"@id\":\"https:\/\/marialepucka.pl\/konsultacje-1__trashed\/konsultacja-poloznej-online\/#primaryimage\"},\"thumbnailUrl\":\"https:\/\/marialepucka.pl\/wp-content\/uploads\/2021\/04\/konsultacje-online.png\",\"datePublished\":\"2024-05-28T20:36:04+00:00\",\"dateModified\":\"2024-05-28T20:40:49+00:00\",\"breadcrumb\":{\"@id\":\"https:\/\/marialepucka.pl\/konsultacje-1__trashed\/konsultacja-poloznej-online\/#breadcrumb\"},\"inLanguage\":\"en-US\",\"potentialAction\":[{\"@type\":\"ReadAction\",\"target\":[\"https:\/\/marialepucka.pl\/konsultacje-1__trashed\/konsultacja-poloznej-online\/\"]}]},{\"@type\":\"ImageObject\",\"inLanguage\":\"en-US\",\"@id\":\"https:\/\/marialepucka.pl\/konsultacje-1__trashed\/konsultacja-poloznej-online\/#primaryimage\",\"url\":\"https:\/\/marialepucka.pl\/wp-content\/uploads\/2021\/04\/konsultacje-online.png\",\"contentUrl\":\"https:\/\/marialepucka.pl\/wp-content\/uploads\/2021\/04\/konsultacje-online.png\"},{\"@type\":\"BreadcrumbList\",\"@id\":\"https:\/\/marialepucka.pl\/konsultacje-1__trashed\/konsultacja-poloznej-online\/#breadcrumb\",\"itemListElement\":[{\"@type\":\"ListItem\",\"position\":1,\"name\":\"Strona g\u0142\u00f3wna\",\"item\":\"https:\/\/marialepucka.pl\/\"},{\"@type\":\"ListItem\",\"position\":2,\"name\":\"Konsultacja po\u0142o\u017cnej online\"}]},{\"@type\":\"WebSite\",\"@id\":\"https:\/\/marialepucka.pl\/#website\",\"url\":\"https:\/\/marialepucka.pl\/\",\"name\":\"Maria Lepucka - po\u0142o\u017cna, certyfikowany doradca laktacyjny\",\"description\":\"Maria Lepucka - po\u0142o\u017cna, certyfikowany doradca laktacyjny, specjalista z zakresu psychodietetyki. Sprawd\u017a referencje, zapisz si\u0119 na szkolenia i konsultacje.\",\"publisher\":{\"@id\":\"https:\/\/marialepucka.pl\/#\/schema\/person\/1ef7936d3440d25cd095172c104a774e\"},\"potentialAction\":[{\"@type\":\"SearchAction\",\"target\":{\"@type\":\"EntryPoint\",\"urlTemplate\":\"https:\/\/marialepucka.pl\/?s={search_term_string}\"},\"query-input\":{\"@type\":\"PropertyValueSpecification\",\"valueRequired\":true,\"valueName\":\"search_term_string\"}}],\"inLanguage\":\"en-US\"},{\"@type\":[\"Person\",\"Organization\"],\"@id\":\"https:\/\/marialepucka.pl\/#\/schema\/person\/1ef7936d3440d25cd095172c104a774e\",\"name\":\"Maria Lepucka\",\"image\":{\"@type\":\"ImageObject\",\"inLanguage\":\"en-US\",\"@id\":\"https:\/\/marialepucka.pl\/#\/schema\/person\/image\/\",\"url\":\"https:\/\/marialepucka.pl\/wp-content\/uploads\/2021\/03\/Maria_Lepucka-96x96.png\",\"contentUrl\":\"https:\/\/marialepucka.pl\/wp-content\/uploads\/2021\/03\/Maria_Lepucka-96x96.png\",\"caption\":\"Maria Lepucka\"},\"logo\":{\"@id\":\"https:\/\/marialepucka.pl\/#\/schema\/person\/image\/\"},\"sameAs\":[\"https:\/\/marialepucka.pl\",\"https:\/\/www.facebook.com\/maria.lepucka.polozna\/\",\"https:\/\/www.instagram.com\/maria.lepucka.polozna\/\",\"https:\/\/www.youtube.com\/c\/MariaLepucka\"]}]}<\/script>\n<!-- \/ Yoast SEO plugin. -->","yoast_head_json":{"title":"Konsultacja po\u0142o\u017cnej online - Maria Lepucka - po\u0142o\u017cna, certyfikowany doradca laktacyjny","robots":{"index":"index","follow":"follow","max-snippet":"max-snippet:-1","max-image-preview":"max-image-preview:large","max-video-preview":"max-video-preview:-1"},"canonical":"https:\/\/marialepucka.pl\/en\/konsultacje-1__trashed\/konsultacja-poloznej-online\/","og_locale":"en_US","og_type":"article","og_title":"Konsultacja po\u0142o\u017cnej online - Maria Lepucka - po\u0142o\u017cna, certyfikowany doradca laktacyjny","og_description":"Konsultacja po\u0142o\u017cnej online Konsultacja online z po\u0142o\u017cn\u0105 i certyfikowan\u0105 doradczyni\u0105 laktacyjn\u0105 (CDL) Mari\u0105 Lepuck\u0105 kierowana jest do pa\u0144 z ca\u0142ej Polski i nie tylko. Spotkanie odbywa si\u0119 w formie wideo-konsultacji na profesjonalnej i wygodnej platformie webinarowej. W trakcie konsultacji mo\u017cesz zada\u0107 pytania dotycz\u0105ce swojego zdrowia, zdrowia dziecka, a tak\u017ce dotycz\u0105ce karmienia piersi\u0105 czy przygotowania do porodu i opieki nad dzieckiem. Mo\u017cesz tak\u017ce uzyska\u0107 pomoc i wskaz\u00f3wki w problemach laktacyjnych czy piel\u0119gnacyjnych. Cena jest uzale\u017cniona od d\u0142ugo\u015bci spotkania. Um\u00f3w wizyt\u0119","og_url":"https:\/\/marialepucka.pl\/en\/konsultacje-1__trashed\/konsultacja-poloznej-online\/","og_site_name":"Maria Lepucka - po\u0142o\u017cna, certyfikowany doradca laktacyjny","article_publisher":"https:\/\/www.facebook.com\/maria.lepucka.polozna\/","article_modified_time":"2024-05-28T20:40:49+00:00","og_image":[{"url":"https:\/\/marialepucka.pl\/wp-content\/uploads\/2021\/04\/konsultacje-online.png","type":"","width":"","height":""}],"twitter_card":"summary_large_image","twitter_misc":{"Est. reading time":"1 minute"},"schema":{"@context":"https:\/\/schema.org","@graph":[{"@type":"WebPage","@id":"https:\/\/marialepucka.pl\/konsultacje-1__trashed\/konsultacja-poloznej-online\/","url":"https:\/\/marialepucka.pl\/konsultacje-1__trashed\/konsultacja-poloznej-online\/","name":"Konsultacja po\u0142o\u017cnej online - Maria Lepucka - po\u0142o\u017cna, certyfikowany doradca laktacyjny","isPartOf":{"@id":"https:\/\/marialepucka.pl\/#website"},"primaryImageOfPage":{"@id":"https:\/\/marialepucka.pl\/konsultacje-1__trashed\/konsultacja-poloznej-online\/#primaryimage"},"image":{"@id":"https:\/\/marialepucka.pl\/konsultacje-1__trashed\/konsultacja-poloznej-online\/#primaryimage"},"thumbnailUrl":"https:\/\/marialepucka.pl\/wp-content\/uploads\/2021\/04\/konsultacje-online.png","datePublished":"2024-05-28T20:36:04+00:00","dateModified":"2024-05-28T20:40:49+00:00","breadcrumb":{"@id":"https:\/\/marialepucka.pl\/konsultacje-1__trashed\/konsultacja-poloznej-online\/#breadcrumb"},"inLanguage":"en-US","potentialAction":[{"@type":"ReadAction","target":["https:\/\/marialepucka.pl\/konsultacje-1__trashed\/konsultacja-poloznej-online\/"]}]},{"@type":"ImageObject","inLanguage":"en-US","@id":"https:\/\/marialepucka.pl\/konsultacje-1__trashed\/konsultacja-poloznej-online\/#primaryimage","url":"https:\/\/marialepucka.pl\/wp-content\/uploads\/2021\/04\/konsultacje-online.png","contentUrl":"https:\/\/marialepucka.pl\/wp-content\/uploads\/2021\/04\/konsultacje-online.png"},{"@type":"BreadcrumbList","@id":"https:\/\/marialepucka.pl\/konsultacje-1__trashed\/konsultacja-poloznej-online\/#breadcrumb","itemListElement":[{"@type":"ListItem","position":1,"name":"Strona g\u0142\u00f3wna","item":"https:\/\/marialepucka.pl\/"},{"@type":"ListItem","position":2,"name":"Konsultacja po\u0142o\u017cnej online"}]},{"@type":"WebSite","@id":"https:\/\/marialepucka.pl\/#website","url":"https:\/\/marialepucka.pl\/","name":"Maria Lepucka - po\u0142o\u017cna, certyfikowany doradca laktacyjny","description":"Maria Lepucka - po\u0142o\u017cna, certyfikowany doradca laktacyjny, specjalista z zakresu psychodietetyki. Sprawd\u017a referencje, zapisz si\u0119 na szkolenia i konsultacje.","publisher":{"@id":"https:\/\/marialepucka.pl\/#\/schema\/person\/1ef7936d3440d25cd095172c104a774e"},"potentialAction":[{"@type":"SearchAction","target":{"@type":"EntryPoint","urlTemplate":"https:\/\/marialepucka.pl\/?s={search_term_string}"},"query-input":{"@type":"PropertyValueSpecification","valueRequired":true,"valueName":"search_term_string"}}],"inLanguage":"en-US"},{"@type":["Person","Organization"],"@id":"https:\/\/marialepucka.pl\/#\/schema\/person\/1ef7936d3440d25cd095172c104a774e","name":"Maria Lepucka","image":{"@type":"ImageObject","inLanguage":"en-US","@id":"https:\/\/marialepucka.pl\/#\/schema\/person\/image\/","url":"https:\/\/marialepucka.pl\/wp-content\/uploads\/2021\/03\/Maria_Lepucka-96x96.png","contentUrl":"https:\/\/marialepucka.pl\/wp-content\/uploads\/2021\/03\/Maria_Lepucka-96x96.png","caption":"Maria Lepucka"},"logo":{"@id":"https:\/\/marialepucka.pl\/#\/schema\/person\/image\/"},"sameAs":["https:\/\/marialepucka.pl","https:\/\/www.facebook.com\/maria.lepucka.polozna\/","https:\/\/www.instagram.com\/maria.lepucka.polozna\/","https:\/\/www.youtube.com\/c\/MariaLepucka"]}]}},"_links":{"self":[{"href":"https:\/\/marialepucka.pl\/en\/wp-json\/wp\/v2\/pages\/8395","targetHints":{"allow":["GET"]}}],"collection":[{"href":"https:\/\/marialepucka.pl\/en\/wp-json\/wp\/v2\/pages"}],"about":[{"href":"https:\/\/marialepucka.pl\/en\/wp-json\/wp\/v2\/types\/page"}],"author":[{"embeddable":true,"href":"https:\/\/marialepucka.pl\/en\/wp-json\/wp\/v2\/users\/1"}],"replies":[{"embeddable":true,"href":"https:\/\/marialepucka.pl\/en\/wp-json\/wp\/v2\/comments?post=8395"}],"version-history":[{"count":13,"href":"https:\/\/marialepucka.pl\/en\/wp-json\/wp\/v2\/pages\/8395\/revisions"}],"predecessor-version":[{"id":8408,"href":"https:\/\/marialepucka.pl\/en\/wp-json\/wp\/v2\/pages\/8395\/revisions\/8408"}],"wp:attachment":[{"href":"https:\/\/marialepucka.pl\/en\/wp-json\/wp\/v2\/media?parent=8395"}],"curies":[{"name":"wp","href":"https:\/\/api.w.org\/{rel}","templated":true}]}}