{"id":8387,"date":"2024-05-28T22:26:48","date_gmt":"2024-05-28T20:26:48","guid":{"rendered":"https:\/\/marialepucka.pl\/?page_id=8387"},"modified":"2024-05-28T22:33:23","modified_gmt":"2024-05-28T20:33:23","slug":"konsultacja-laktacyjna-online","status":"publish","type":"page","link":"https:\/\/marialepucka.pl\/en\/konsultacja-laktacyjna-online\/","title":{"rendered":"Konsultacja laktacyjna online"},"content":{"rendered":"<div data-elementor-type=\"wp-page\" data-elementor-id=\"8387\" class=\"elementor elementor-8387\">\n\t\t\t\t\t\t\t\t\t<section class=\"elementor-section elementor-top-section elementor-element elementor-element-6f2196b elementor-section-boxed elementor-section-gap-beside-yes elementor-section-height-default elementor-section-height-default elementor-section-column-vertical-align-stretch\" data-id=\"6f2196b\" data-element_type=\"section\">\n\t\t\t\t\t\t<div class=\"elementor-container elementor-column-gap-extended\">\n\t\t\t\t\t<div class=\"elementor-column elementor-col-100 elementor-top-column elementor-element elementor-element-e4ab643\" data-id=\"e4ab643\" data-element_type=\"column\">\n\t\t\t<div class=\"elementor-widget-wrap elementor-element-populated\">\n\t\t\t\t\t\t\t\t<div class=\"elementor-element elementor-element-902714f maxcoach-animation-zoom-in elementor-widget elementor-widget-tm-image-box\" data-id=\"902714f\" data-element_type=\"widget\" data-widget_type=\"tm-image-box.default\">\n\t\t\t\t<div class=\"elementor-widget-container\">\n\t\t\t\t\t<div class=\"tm-image-box maxcoach-box style-01 image-position-left content-alignment-middle\">\t\t<div class=\"content-wrap\">\n\n\t\t\t\t\t\t\t<div class=\"maxcoach-image image\">\n\t\t\t\t\t<img decoding=\"async\"  src=\"https:\/\/marialepucka.pl\/wp-content\/uploads\/2023\/08\/konsultacja-laktacyjna-online.png\" alt=\"Konsultacja laktacyjna online\" \/>\t\t\t\t<\/div>\n\t\t\t\n\t\t\t<div class=\"content\">\n\t\t\t\t<div class=\"caption\">\n\t\t\t\t\t<h2 class=\"title\">Konsultacja laktacyjna online<\/h2>\n\t\t\t\t\t\t\t<div class=\"description\">\n\t\t\tKonsultacja laktacyjna online z po\u0142o\u017cn\u0105 i certyfikowan\u0105 doradczyni\u0105 laktacyjn\u0105 (CDL) Mari\u0105 Lepuck\u0105 w formie wideo-konsultacji na profesjonalnej i wygodnej platformie webinarowej.\n<br>\n<br>\nMo\u017cesz uzyska\u0107 pomoc w karmieniu piersi\u0105 gdziekolwiek jeste\u015b bez wychodzenia z domu. \n<br>\n<br>\nW trakcie konsultacji mo\u017cesz zada\u0107 pytania dotycz\u0105ce swojej laktacji, karmienia piersi\u0105 a tak\u017ce uzyska\u0107 wskaz\u00f3wki, pomoc i instrukta\u017c dotycz\u0105cy karmienia dziecka piersi\u0105, butelk\u0105 czy u\u017cywania laktatora. \n<br>\n<br>\nWarto skorzysta\u0107 z pomocy tak\u017ce w przypadku b\u00f3lu piersi, uszkodze\u0144 brodawek. Uzyskasz te\u017c pomoc w problemach ze strony uk\u0142adu pokarmowego dziecka takich jak: wzd\u0119cia, ulewania, zaparcia, b\u00f3le brzuszka czy refluks, a tak\u017ce w przypadku np nieprawid\u0142owych przyrost\u00f3w masy cia\u0142a u dziecka.\n<br>\n<br>\nPrzed konsultacj\u0105 mo\u017ce by\u0107 potrzebne przes\u0142anie zdj\u0119\u0107 i materia\u0142\u00f3w wideo (np. obrazuj\u0105cych karmienie czy jam\u0119 ustn\u0105 dziecka).\n<br>\n<br>\n<b>Cena jest uzale\u017cniona od d\u0142ugo\u015bci spotkania. Pierwsze spotkanie trwa zwykle 60 minut, a w bardziej z\u0142o\u017conych przypadkach lub gdy masz wi\u0119cej pyta\u0144 - 90 minut. Spotkanie do 30 minut mo\u017ce wystarczy\u0107 jako spotkanie kontrolne lub gdy masz do zadania kilka pyta\u0144.<\/b>\t\t<\/div>\n\t\t\t\t\t\t<\/div>\n\t\t\t\t\t\t<div class=\"tm-button-wrapper\">\n\t\t\t<a class=\"tm-button style-flat tm-button-xs icon-right\" href=\"\/en\/umow-wizyte\/\">\t\t\t<div class=\"button-content-wrapper\">\n\t\t\t\t\n\t\t\t\t\t\t\t\t\t<span class=\"button-text\">Um\u00f3w wizyt\u0119<\/span>\n\t\t\t\t\n\t\t\t\t\t\t\t\t\t<span class=\"button-icon\">\n\t\t\t\t\t\t\t<i class=\"fas fa-long-arrow-right\"><\/i>\t\t\t\t\t\t<\/span>\n\t\t\t\t\t\t\t<\/div>\n\t\t\t<\/a>\t\t<\/div>\n\t\t\t\t\t<\/div>\n\n\t\t<\/div>\n\t\t<\/div>\t\t\t\t<\/div>\n\t\t\t\t<\/div>\n\t\t\t\t\t<\/div>\n\t\t<\/div>\n\t\t\t\t\t\t\t<\/div>\n\t\t<\/section>\n\t\t\t\t\t\t\t<\/div>","protected":false},"excerpt":{"rendered":"<p>Konsultacja laktacyjna online Konsultacja laktacyjna online z po\u0142o\u017cn\u0105 i certyfikowan\u0105 doradczyni\u0105 laktacyjn\u0105 (CDL) Mari\u0105 Lepuck\u0105 w formie wideo-konsultacji na profesjonalnej i wygodnej platformie webinarowej. Mo\u017cesz uzyska\u0107 pomoc w karmieniu piersi\u0105 gdziekolwiek jeste\u015b bez wychodzenia z domu. W trakcie konsultacji mo\u017cesz zada\u0107 pytania dotycz\u0105ce swojej laktacji, karmienia piersi\u0105 a tak\u017ce uzyska\u0107 wskaz\u00f3wki, pomoc i instrukta\u017c dotycz\u0105cy karmienia dziecka piersi\u0105, butelk\u0105 czy u\u017cywania laktatora. Warto skorzysta\u0107 z pomocy tak\u017ce w przypadku b\u00f3lu piersi, uszkodze\u0144 brodawek. Uzyskasz te\u017c pomoc w problemach ze strony uk\u0142adu pokarmowego dziecka takich jak: wzd\u0119cia, ulewania, zaparcia, b\u00f3le brzuszka czy refluks, a tak\u017ce w przypadku np nieprawid\u0142owych przyrost\u00f3w masy cia\u0142a u dziecka. Przed konsultacj\u0105 mo\u017ce by\u0107 potrzebne przes\u0142anie zdj\u0119\u0107 i materia\u0142\u00f3w wideo (np. obrazuj\u0105cych karmienie czy jam\u0119 ustn\u0105 dziecka). Cena jest uzale\u017cniona od d\u0142ugo\u015bci spotkania. Pierwsze spotkanie trwa zwykle 60 minut, a w bardziej z\u0142o\u017conych przypadkach lub gdy masz wi\u0119cej pyta\u0144 &#8211; 90 minut. Spotkanie do 30 minut mo\u017ce wystarczy\u0107 jako spotkanie kontrolne lub gdy masz do zadania kilka pyta\u0144. Um\u00f3w wizyt\u0119<\/p>","protected":false},"author":1,"featured_media":0,"parent":0,"menu_order":0,"comment_status":"closed","ping_status":"closed","template":"","meta":{"pmpro_default_level":"","inline_featured_image":false,"footnotes":""},"class_list":["post-8387","page","type-page","status-publish","hentry","pmpro-has-access","post-no-thumbnail"],"yoast_head":"<!-- This site is optimized with the Yoast SEO plugin v26.9 - https:\/\/yoast.com\/product\/yoast-seo-wordpress\/ -->\n<title>Konsultacja laktacyjna online - Maria Lepucka - po\u0142o\u017cna, certyfikowany doradca laktacyjny<\/title>\n<meta name=\"robots\" content=\"index, follow, max-snippet:-1, max-image-preview:large, max-video-preview:-1\" \/>\n<link rel=\"canonical\" href=\"https:\/\/marialepucka.pl\/en\/konsultacje-1__trashed\/konsultacja-laktacyjna-online\/\" \/>\n<meta property=\"og:locale\" content=\"en_US\" \/>\n<meta property=\"og:type\" content=\"article\" \/>\n<meta property=\"og:title\" content=\"Konsultacja laktacyjna online - Maria Lepucka - po\u0142o\u017cna, certyfikowany doradca laktacyjny\" \/>\n<meta property=\"og:description\" content=\"Konsultacja laktacyjna online Konsultacja laktacyjna online z po\u0142o\u017cn\u0105 i certyfikowan\u0105 doradczyni\u0105 laktacyjn\u0105 (CDL) Mari\u0105 Lepuck\u0105 w formie wideo-konsultacji na profesjonalnej i wygodnej platformie webinarowej. Mo\u017cesz uzyska\u0107 pomoc w karmieniu piersi\u0105 gdziekolwiek jeste\u015b bez wychodzenia z domu. W trakcie konsultacji mo\u017cesz zada\u0107 pytania dotycz\u0105ce swojej laktacji, karmienia piersi\u0105 a tak\u017ce uzyska\u0107 wskaz\u00f3wki, pomoc i instrukta\u017c dotycz\u0105cy karmienia dziecka piersi\u0105, butelk\u0105 czy u\u017cywania laktatora. Warto skorzysta\u0107 z pomocy tak\u017ce w przypadku b\u00f3lu piersi, uszkodze\u0144 brodawek. Uzyskasz te\u017c pomoc w problemach ze strony uk\u0142adu pokarmowego dziecka takich jak: wzd\u0119cia, ulewania, zaparcia, b\u00f3le brzuszka czy refluks, a tak\u017ce w przypadku np nieprawid\u0142owych przyrost\u00f3w masy cia\u0142a u dziecka. Przed konsultacj\u0105 mo\u017ce by\u0107 potrzebne przes\u0142anie zdj\u0119\u0107 i materia\u0142\u00f3w wideo (np. obrazuj\u0105cych karmienie czy jam\u0119 ustn\u0105 dziecka). Cena jest uzale\u017cniona od d\u0142ugo\u015bci spotkania. Pierwsze spotkanie trwa zwykle 60 minut, a w bardziej z\u0142o\u017conych przypadkach lub gdy masz wi\u0119cej pyta\u0144 &#8211; 90 minut. Spotkanie do 30 minut mo\u017ce wystarczy\u0107 jako spotkanie kontrolne lub gdy masz do zadania kilka pyta\u0144. Um\u00f3w wizyt\u0119\" \/>\n<meta property=\"og:url\" content=\"https:\/\/marialepucka.pl\/en\/konsultacje-1__trashed\/konsultacja-laktacyjna-online\/\" \/>\n<meta property=\"og:site_name\" content=\"Maria Lepucka - po\u0142o\u017cna, certyfikowany doradca laktacyjny\" \/>\n<meta property=\"article:publisher\" content=\"https:\/\/www.facebook.com\/maria.lepucka.polozna\/\" \/>\n<meta property=\"article:modified_time\" content=\"2024-05-28T20:33:23+00:00\" \/>\n<meta property=\"og:image\" content=\"https:\/\/marialepucka.pl\/wp-content\/uploads\/2023\/08\/konsultacja-laktacyjna-online.png\" \/>\n<meta name=\"twitter:card\" content=\"summary_large_image\" \/>\n<meta name=\"twitter:label1\" content=\"Est. reading time\" \/>\n\t<meta name=\"twitter:data1\" content=\"2 minutes\" \/>\n<script type=\"application\/ld+json\" class=\"yoast-schema-graph\">{\"@context\":\"https:\/\/schema.org\",\"@graph\":[{\"@type\":\"WebPage\",\"@id\":\"https:\/\/marialepucka.pl\/konsultacje-1__trashed\/konsultacja-laktacyjna-online\/\",\"url\":\"https:\/\/marialepucka.pl\/konsultacje-1__trashed\/konsultacja-laktacyjna-online\/\",\"name\":\"Konsultacja laktacyjna online - Maria Lepucka - po\u0142o\u017cna, certyfikowany doradca laktacyjny\",\"isPartOf\":{\"@id\":\"https:\/\/marialepucka.pl\/#website\"},\"primaryImageOfPage\":{\"@id\":\"https:\/\/marialepucka.pl\/konsultacje-1__trashed\/konsultacja-laktacyjna-online\/#primaryimage\"},\"image\":{\"@id\":\"https:\/\/marialepucka.pl\/konsultacje-1__trashed\/konsultacja-laktacyjna-online\/#primaryimage\"},\"thumbnailUrl\":\"https:\/\/marialepucka.pl\/wp-content\/uploads\/2023\/08\/konsultacja-laktacyjna-online.png\",\"datePublished\":\"2024-05-28T20:26:48+00:00\",\"dateModified\":\"2024-05-28T20:33:23+00:00\",\"breadcrumb\":{\"@id\":\"https:\/\/marialepucka.pl\/konsultacje-1__trashed\/konsultacja-laktacyjna-online\/#breadcrumb\"},\"inLanguage\":\"en-US\",\"potentialAction\":[{\"@type\":\"ReadAction\",\"target\":[\"https:\/\/marialepucka.pl\/konsultacje-1__trashed\/konsultacja-laktacyjna-online\/\"]}]},{\"@type\":\"ImageObject\",\"inLanguage\":\"en-US\",\"@id\":\"https:\/\/marialepucka.pl\/konsultacje-1__trashed\/konsultacja-laktacyjna-online\/#primaryimage\",\"url\":\"https:\/\/marialepucka.pl\/wp-content\/uploads\/2023\/08\/konsultacja-laktacyjna-online.png\",\"contentUrl\":\"https:\/\/marialepucka.pl\/wp-content\/uploads\/2023\/08\/konsultacja-laktacyjna-online.png\"},{\"@type\":\"BreadcrumbList\",\"@id\":\"https:\/\/marialepucka.pl\/konsultacje-1__trashed\/konsultacja-laktacyjna-online\/#breadcrumb\",\"itemListElement\":[{\"@type\":\"ListItem\",\"position\":1,\"name\":\"Strona g\u0142\u00f3wna\",\"item\":\"https:\/\/marialepucka.pl\/\"},{\"@type\":\"ListItem\",\"position\":2,\"name\":\"Konsultacja laktacyjna online\"}]},{\"@type\":\"WebSite\",\"@id\":\"https:\/\/marialepucka.pl\/#website\",\"url\":\"https:\/\/marialepucka.pl\/\",\"name\":\"Maria Lepucka - po\u0142o\u017cna, certyfikowany doradca laktacyjny\",\"description\":\"Maria Lepucka - po\u0142o\u017cna, certyfikowany doradca laktacyjny, specjalista z zakresu psychodietetyki. Sprawd\u017a referencje, zapisz si\u0119 na szkolenia i konsultacje.\",\"publisher\":{\"@id\":\"https:\/\/marialepucka.pl\/#\/schema\/person\/1ef7936d3440d25cd095172c104a774e\"},\"potentialAction\":[{\"@type\":\"SearchAction\",\"target\":{\"@type\":\"EntryPoint\",\"urlTemplate\":\"https:\/\/marialepucka.pl\/?s={search_term_string}\"},\"query-input\":{\"@type\":\"PropertyValueSpecification\",\"valueRequired\":true,\"valueName\":\"search_term_string\"}}],\"inLanguage\":\"en-US\"},{\"@type\":[\"Person\",\"Organization\"],\"@id\":\"https:\/\/marialepucka.pl\/#\/schema\/person\/1ef7936d3440d25cd095172c104a774e\",\"name\":\"Maria Lepucka\",\"image\":{\"@type\":\"ImageObject\",\"inLanguage\":\"en-US\",\"@id\":\"https:\/\/marialepucka.pl\/#\/schema\/person\/image\/\",\"url\":\"https:\/\/marialepucka.pl\/wp-content\/uploads\/2021\/03\/Maria_Lepucka-96x96.png\",\"contentUrl\":\"https:\/\/marialepucka.pl\/wp-content\/uploads\/2021\/03\/Maria_Lepucka-96x96.png\",\"caption\":\"Maria Lepucka\"},\"logo\":{\"@id\":\"https:\/\/marialepucka.pl\/#\/schema\/person\/image\/\"},\"sameAs\":[\"https:\/\/marialepucka.pl\",\"https:\/\/www.facebook.com\/maria.lepucka.polozna\/\",\"https:\/\/www.instagram.com\/maria.lepucka.polozna\/\",\"https:\/\/www.youtube.com\/c\/MariaLepucka\"]}]}<\/script>\n<!-- \/ Yoast SEO plugin. -->","yoast_head_json":{"title":"Konsultacja laktacyjna online - Maria Lepucka - po\u0142o\u017cna, certyfikowany doradca laktacyjny","robots":{"index":"index","follow":"follow","max-snippet":"max-snippet:-1","max-image-preview":"max-image-preview:large","max-video-preview":"max-video-preview:-1"},"canonical":"https:\/\/marialepucka.pl\/en\/konsultacje-1__trashed\/konsultacja-laktacyjna-online\/","og_locale":"en_US","og_type":"article","og_title":"Konsultacja laktacyjna online - Maria Lepucka - po\u0142o\u017cna, certyfikowany doradca laktacyjny","og_description":"Konsultacja laktacyjna online Konsultacja laktacyjna online z po\u0142o\u017cn\u0105 i certyfikowan\u0105 doradczyni\u0105 laktacyjn\u0105 (CDL) Mari\u0105 Lepuck\u0105 w formie wideo-konsultacji na profesjonalnej i wygodnej platformie webinarowej. Mo\u017cesz uzyska\u0107 pomoc w karmieniu piersi\u0105 gdziekolwiek jeste\u015b bez wychodzenia z domu. W trakcie konsultacji mo\u017cesz zada\u0107 pytania dotycz\u0105ce swojej laktacji, karmienia piersi\u0105 a tak\u017ce uzyska\u0107 wskaz\u00f3wki, pomoc i instrukta\u017c dotycz\u0105cy karmienia dziecka piersi\u0105, butelk\u0105 czy u\u017cywania laktatora. Warto skorzysta\u0107 z pomocy tak\u017ce w przypadku b\u00f3lu piersi, uszkodze\u0144 brodawek. Uzyskasz te\u017c pomoc w problemach ze strony uk\u0142adu pokarmowego dziecka takich jak: wzd\u0119cia, ulewania, zaparcia, b\u00f3le brzuszka czy refluks, a tak\u017ce w przypadku np nieprawid\u0142owych przyrost\u00f3w masy cia\u0142a u dziecka. Przed konsultacj\u0105 mo\u017ce by\u0107 potrzebne przes\u0142anie zdj\u0119\u0107 i materia\u0142\u00f3w wideo (np. obrazuj\u0105cych karmienie czy jam\u0119 ustn\u0105 dziecka). Cena jest uzale\u017cniona od d\u0142ugo\u015bci spotkania. Pierwsze spotkanie trwa zwykle 60 minut, a w bardziej z\u0142o\u017conych przypadkach lub gdy masz wi\u0119cej pyta\u0144 &#8211; 90 minut. Spotkanie do 30 minut mo\u017ce wystarczy\u0107 jako spotkanie kontrolne lub gdy masz do zadania kilka pyta\u0144. Um\u00f3w wizyt\u0119","og_url":"https:\/\/marialepucka.pl\/en\/konsultacje-1__trashed\/konsultacja-laktacyjna-online\/","og_site_name":"Maria Lepucka - po\u0142o\u017cna, certyfikowany doradca laktacyjny","article_publisher":"https:\/\/www.facebook.com\/maria.lepucka.polozna\/","article_modified_time":"2024-05-28T20:33:23+00:00","og_image":[{"url":"https:\/\/marialepucka.pl\/wp-content\/uploads\/2023\/08\/konsultacja-laktacyjna-online.png","type":"","width":"","height":""}],"twitter_card":"summary_large_image","twitter_misc":{"Est. reading time":"2 minutes"},"schema":{"@context":"https:\/\/schema.org","@graph":[{"@type":"WebPage","@id":"https:\/\/marialepucka.pl\/konsultacje-1__trashed\/konsultacja-laktacyjna-online\/","url":"https:\/\/marialepucka.pl\/konsultacje-1__trashed\/konsultacja-laktacyjna-online\/","name":"Konsultacja laktacyjna online - Maria Lepucka - po\u0142o\u017cna, certyfikowany doradca laktacyjny","isPartOf":{"@id":"https:\/\/marialepucka.pl\/#website"},"primaryImageOfPage":{"@id":"https:\/\/marialepucka.pl\/konsultacje-1__trashed\/konsultacja-laktacyjna-online\/#primaryimage"},"image":{"@id":"https:\/\/marialepucka.pl\/konsultacje-1__trashed\/konsultacja-laktacyjna-online\/#primaryimage"},"thumbnailUrl":"https:\/\/marialepucka.pl\/wp-content\/uploads\/2023\/08\/konsultacja-laktacyjna-online.png","datePublished":"2024-05-28T20:26:48+00:00","dateModified":"2024-05-28T20:33:23+00:00","breadcrumb":{"@id":"https:\/\/marialepucka.pl\/konsultacje-1__trashed\/konsultacja-laktacyjna-online\/#breadcrumb"},"inLanguage":"en-US","potentialAction":[{"@type":"ReadAction","target":["https:\/\/marialepucka.pl\/konsultacje-1__trashed\/konsultacja-laktacyjna-online\/"]}]},{"@type":"ImageObject","inLanguage":"en-US","@id":"https:\/\/marialepucka.pl\/konsultacje-1__trashed\/konsultacja-laktacyjna-online\/#primaryimage","url":"https:\/\/marialepucka.pl\/wp-content\/uploads\/2023\/08\/konsultacja-laktacyjna-online.png","contentUrl":"https:\/\/marialepucka.pl\/wp-content\/uploads\/2023\/08\/konsultacja-laktacyjna-online.png"},{"@type":"BreadcrumbList","@id":"https:\/\/marialepucka.pl\/konsultacje-1__trashed\/konsultacja-laktacyjna-online\/#breadcrumb","itemListElement":[{"@type":"ListItem","position":1,"name":"Strona g\u0142\u00f3wna","item":"https:\/\/marialepucka.pl\/"},{"@type":"ListItem","position":2,"name":"Konsultacja laktacyjna online"}]},{"@type":"WebSite","@id":"https:\/\/marialepucka.pl\/#website","url":"https:\/\/marialepucka.pl\/","name":"Maria Lepucka - po\u0142o\u017cna, certyfikowany doradca laktacyjny","description":"Maria Lepucka - po\u0142o\u017cna, certyfikowany doradca laktacyjny, specjalista z zakresu psychodietetyki. Sprawd\u017a referencje, zapisz si\u0119 na szkolenia i konsultacje.","publisher":{"@id":"https:\/\/marialepucka.pl\/#\/schema\/person\/1ef7936d3440d25cd095172c104a774e"},"potentialAction":[{"@type":"SearchAction","target":{"@type":"EntryPoint","urlTemplate":"https:\/\/marialepucka.pl\/?s={search_term_string}"},"query-input":{"@type":"PropertyValueSpecification","valueRequired":true,"valueName":"search_term_string"}}],"inLanguage":"en-US"},{"@type":["Person","Organization"],"@id":"https:\/\/marialepucka.pl\/#\/schema\/person\/1ef7936d3440d25cd095172c104a774e","name":"Maria Lepucka","image":{"@type":"ImageObject","inLanguage":"en-US","@id":"https:\/\/marialepucka.pl\/#\/schema\/person\/image\/","url":"https:\/\/marialepucka.pl\/wp-content\/uploads\/2021\/03\/Maria_Lepucka-96x96.png","contentUrl":"https:\/\/marialepucka.pl\/wp-content\/uploads\/2021\/03\/Maria_Lepucka-96x96.png","caption":"Maria Lepucka"},"logo":{"@id":"https:\/\/marialepucka.pl\/#\/schema\/person\/image\/"},"sameAs":["https:\/\/marialepucka.pl","https:\/\/www.facebook.com\/maria.lepucka.polozna\/","https:\/\/www.instagram.com\/maria.lepucka.polozna\/","https:\/\/www.youtube.com\/c\/MariaLepucka"]}]}},"_links":{"self":[{"href":"https:\/\/marialepucka.pl\/en\/wp-json\/wp\/v2\/pages\/8387","targetHints":{"allow":["GET"]}}],"collection":[{"href":"https:\/\/marialepucka.pl\/en\/wp-json\/wp\/v2\/pages"}],"about":[{"href":"https:\/\/marialepucka.pl\/en\/wp-json\/wp\/v2\/types\/page"}],"author":[{"embeddable":true,"href":"https:\/\/marialepucka.pl\/en\/wp-json\/wp\/v2\/users\/1"}],"replies":[{"embeddable":true,"href":"https:\/\/marialepucka.pl\/en\/wp-json\/wp\/v2\/comments?post=8387"}],"version-history":[{"count":7,"href":"https:\/\/marialepucka.pl\/en\/wp-json\/wp\/v2\/pages\/8387\/revisions"}],"predecessor-version":[{"id":8394,"href":"https:\/\/marialepucka.pl\/en\/wp-json\/wp\/v2\/pages\/8387\/revisions\/8394"}],"wp:attachment":[{"href":"https:\/\/marialepucka.pl\/en\/wp-json\/wp\/v2\/media?parent=8387"}],"curies":[{"name":"wp","href":"https:\/\/api.w.org\/{rel}","templated":true}]}}