{"id":8335,"date":"2024-05-28T21:43:25","date_gmt":"2024-05-28T19:43:25","guid":{"rendered":"https:\/\/marialepucka.pl\/?page_id=8335"},"modified":"2024-05-28T22:25:12","modified_gmt":"2024-05-28T20:25:12","slug":"indywidualna-szkola-rodzenia-online","status":"publish","type":"page","link":"https:\/\/marialepucka.pl\/en\/indywidualna-szkola-rodzenia-online\/","title":{"rendered":"Indywidualna szko\u0142a rodzenia online"},"content":{"rendered":"<div data-elementor-type=\"wp-page\" data-elementor-id=\"8335\" class=\"elementor elementor-8335\">\n\t\t\t\t\t\t\t\t\t<section class=\"elementor-section elementor-top-section elementor-element elementor-element-aaccdaa elementor-section-boxed elementor-section-gap-beside-yes elementor-section-height-default elementor-section-height-default elementor-section-column-vertical-align-stretch\" data-id=\"aaccdaa\" data-element_type=\"section\">\n\t\t\t\t\t\t<div class=\"elementor-container elementor-column-gap-extended\">\n\t\t\t\t\t<div class=\"elementor-column elementor-col-100 elementor-top-column elementor-element elementor-element-8e4992d\" data-id=\"8e4992d\" data-element_type=\"column\">\n\t\t\t<div class=\"elementor-widget-wrap elementor-element-populated\">\n\t\t\t\t\t\t\t\t<div class=\"elementor-element elementor-element-2c2277b maxcoach-animation-zoom-in elementor-widget elementor-widget-tm-image-box\" data-id=\"2c2277b\" data-element_type=\"widget\" data-widget_type=\"tm-image-box.default\">\n\t\t\t\t<div class=\"elementor-widget-container\">\n\t\t\t\t\t<div class=\"tm-image-box maxcoach-box style-01 image-position-left content-alignment-middle\">\t\t<div class=\"content-wrap\">\n\n\t\t\t\t\t\t\t<div class=\"maxcoach-image image\">\n\t\t\t\t\t<img decoding=\"async\"  src=\"https:\/\/marialepucka.pl\/wp-content\/uploads\/2021\/06\/szkola-rodzenia-indywidualna.png\" alt=\"Szko\u0142a rodzenia online\" \/>\t\t\t\t<\/div>\n\t\t\t\n\t\t\t<div class=\"content\">\n\t\t\t\t<div class=\"caption\">\n\t\t\t\t\t<h2 class=\"title\">Indywidualna szko\u0142a rodzenia online<\/h2>\n\t\t\t\t\t\t\t<div class=\"description\">\n\t\t\tIndywidualne spotkania szko\u0142y rodzenia online to przygotowanie do rodzicielstwa na miar\u0119 Twoich potrzeb. Mo\u017cesz sama wybra\u0107 tematyk\u0119 lub skorzysta\u0107 z zaj\u0119\u0107 wg autorskiego programu po\u0142o\u017cnej i certyfikowanej doradczyni laktacyjnej (CDL) Marii Lepuckiej. Zaj\u0119cia prowadzone s\u0105 na profesjonalnej, interaktywnej platformie webinarowej. Spotkania indywidualne maj\u0105 form\u0119 wideokonferencji, a terminy ustalane s\u0105 indywidualnie. Tre\u015bci oparte s\u0105 o aktualn\u0105 wiedz\u0119 medyczn\u0105, naukow\u0105, a tak\u017ce ponad 15 letnie do\u015bwiadczenie. To kompleksowe przygotowanie do rodzicielstwa z punktu widzenia praktyka, po\u0142o\u017cnej, pod kt\u00f3rej opiek\u0105 znalaz\u0142o si\u0119 ju\u017c wiele tysi\u0119cy rodzin.\n<br>\n<br>\nSzczeg\u00f3\u0142owy program szko\u0142y rodzenia online dost\u0119pny jest tutaj: <a href=\"https:\/\/marialepucka.pl\/en\/szkola-rodzenia-online-program\/\"><b>Program szko\u0142y rodzenia online<\/b><\/a>.\n<br>\n<br>\n<b>Cena uzale\u017cniona jest od wybranego pakietu spotka\u0144. Pojedyncze spotkanie trwa 90 minut.<\/b>\n\t\t<\/div>\n\t\t\t\t\t\t<\/div>\n\t\t\t\t\t\t<div class=\"tm-button-wrapper\">\n\t\t\t<a class=\"tm-button style-flat tm-button-xs icon-right\" href=\"\/en\/umow-wizyte\/\" target=\"_blank\">\t\t\t<div class=\"button-content-wrapper\">\n\t\t\t\t\n\t\t\t\t\t\t\t\t\t<span class=\"button-text\">Um\u00f3w wizyt\u0119<\/span>\n\t\t\t\t\n\t\t\t\t\t\t\t\t\t<span class=\"button-icon\">\n\t\t\t\t\t\t\t<i class=\"fas fa-long-arrow-right\"><\/i>\t\t\t\t\t\t<\/span>\n\t\t\t\t\t\t\t<\/div>\n\t\t\t<\/a>\t\t<\/div>\n\t\t\t\t\t<\/div>\n\n\t\t<\/div>\n\t\t<\/div>\t\t\t\t<\/div>\n\t\t\t\t<\/div>\n\t\t\t\t\t<\/div>\n\t\t<\/div>\n\t\t\t\t\t\t\t<\/div>\n\t\t<\/section>\n\t\t\t\t\t\t\t<\/div>","protected":false},"excerpt":{"rendered":"<p>Indywidualna szko\u0142a rodzenia online Indywidualne spotkania szko\u0142y rodzenia online to przygotowanie do rodzicielstwa na miar\u0119 Twoich potrzeb. Mo\u017cesz sama wybra\u0107 tematyk\u0119 lub skorzysta\u0107 z zaj\u0119\u0107 wg autorskiego programu po\u0142o\u017cnej i certyfikowanej doradczyni laktacyjnej (CDL) Marii Lepuckiej. Zaj\u0119cia prowadzone s\u0105 na profesjonalnej, interaktywnej platformie webinarowej. Spotkania indywidualne maj\u0105 form\u0119 wideokonferencji, a terminy ustalane s\u0105 indywidualnie. Tre\u015bci oparte s\u0105 o aktualn\u0105 wiedz\u0119 medyczn\u0105, naukow\u0105, a tak\u017ce ponad 15 letnie do\u015bwiadczenie. To kompleksowe przygotowanie do rodzicielstwa z punktu widzenia praktyka, po\u0142o\u017cnej, pod kt\u00f3rej opiek\u0105 znalaz\u0142o si\u0119 ju\u017c wiele tysi\u0119cy rodzin. Szczeg\u00f3\u0142owy program szko\u0142y rodzenia online dost\u0119pny jest tutaj: Program szko\u0142y rodzenia online. Cena uzale\u017cniona jest od wybranego pakietu spotka\u0144. Pojedyncze spotkanie trwa 90 minut. Um\u00f3w wizyt\u0119<\/p>","protected":false},"author":1,"featured_media":0,"parent":0,"menu_order":0,"comment_status":"closed","ping_status":"closed","template":"","meta":{"pmpro_default_level":"","inline_featured_image":false,"footnotes":""},"class_list":["post-8335","page","type-page","status-publish","hentry","pmpro-has-access","post-no-thumbnail"],"yoast_head":"<!-- This site is optimized with the Yoast SEO plugin v26.9 - https:\/\/yoast.com\/product\/yoast-seo-wordpress\/ -->\n<title>Indywidualna szko\u0142a rodzenia online - Maria Lepucka - po\u0142o\u017cna, certyfikowany doradca laktacyjny<\/title>\n<meta name=\"robots\" content=\"index, follow, max-snippet:-1, max-image-preview:large, max-video-preview:-1\" \/>\n<link rel=\"canonical\" href=\"https:\/\/marialepucka.pl\/en\/konsultacje-1__trashed\/indywidualna-szkola-rodzenia-online\/\" \/>\n<meta property=\"og:locale\" content=\"en_US\" \/>\n<meta property=\"og:type\" content=\"article\" \/>\n<meta property=\"og:title\" content=\"Indywidualna szko\u0142a rodzenia online - Maria Lepucka - po\u0142o\u017cna, certyfikowany doradca laktacyjny\" \/>\n<meta property=\"og:description\" content=\"Indywidualna szko\u0142a rodzenia online Indywidualne spotkania szko\u0142y rodzenia online to przygotowanie do rodzicielstwa na miar\u0119 Twoich potrzeb. Mo\u017cesz sama wybra\u0107 tematyk\u0119 lub skorzysta\u0107 z zaj\u0119\u0107 wg autorskiego programu po\u0142o\u017cnej i certyfikowanej doradczyni laktacyjnej (CDL) Marii Lepuckiej. Zaj\u0119cia prowadzone s\u0105 na profesjonalnej, interaktywnej platformie webinarowej. Spotkania indywidualne maj\u0105 form\u0119 wideokonferencji, a terminy ustalane s\u0105 indywidualnie. Tre\u015bci oparte s\u0105 o aktualn\u0105 wiedz\u0119 medyczn\u0105, naukow\u0105, a tak\u017ce ponad 15 letnie do\u015bwiadczenie. To kompleksowe przygotowanie do rodzicielstwa z punktu widzenia praktyka, po\u0142o\u017cnej, pod kt\u00f3rej opiek\u0105 znalaz\u0142o si\u0119 ju\u017c wiele tysi\u0119cy rodzin. Szczeg\u00f3\u0142owy program szko\u0142y rodzenia online dost\u0119pny jest tutaj: Program szko\u0142y rodzenia online. Cena uzale\u017cniona jest od wybranego pakietu spotka\u0144. Pojedyncze spotkanie trwa 90 minut. Um\u00f3w wizyt\u0119\" \/>\n<meta property=\"og:url\" content=\"https:\/\/marialepucka.pl\/en\/konsultacje-1__trashed\/indywidualna-szkola-rodzenia-online\/\" \/>\n<meta property=\"og:site_name\" content=\"Maria Lepucka - po\u0142o\u017cna, certyfikowany doradca laktacyjny\" \/>\n<meta property=\"article:publisher\" content=\"https:\/\/www.facebook.com\/maria.lepucka.polozna\/\" \/>\n<meta property=\"article:modified_time\" content=\"2024-05-28T20:25:12+00:00\" \/>\n<meta property=\"og:image\" content=\"https:\/\/marialepucka.pl\/wp-content\/uploads\/2021\/06\/szkola-rodzenia-indywidualna.png\" \/>\n<meta name=\"twitter:card\" content=\"summary_large_image\" \/>\n<meta name=\"twitter:label1\" content=\"Est. reading time\" \/>\n\t<meta name=\"twitter:data1\" content=\"1 minute\" \/>\n<script type=\"application\/ld+json\" class=\"yoast-schema-graph\">{\"@context\":\"https:\/\/schema.org\",\"@graph\":[{\"@type\":\"WebPage\",\"@id\":\"https:\/\/marialepucka.pl\/konsultacje-1__trashed\/indywidualna-szkola-rodzenia-online\/\",\"url\":\"https:\/\/marialepucka.pl\/konsultacje-1__trashed\/indywidualna-szkola-rodzenia-online\/\",\"name\":\"Indywidualna szko\u0142a rodzenia online - Maria Lepucka - po\u0142o\u017cna, certyfikowany doradca laktacyjny\",\"isPartOf\":{\"@id\":\"https:\/\/marialepucka.pl\/#website\"},\"primaryImageOfPage\":{\"@id\":\"https:\/\/marialepucka.pl\/konsultacje-1__trashed\/indywidualna-szkola-rodzenia-online\/#primaryimage\"},\"image\":{\"@id\":\"https:\/\/marialepucka.pl\/konsultacje-1__trashed\/indywidualna-szkola-rodzenia-online\/#primaryimage\"},\"thumbnailUrl\":\"https:\/\/marialepucka.pl\/wp-content\/uploads\/2021\/06\/szkola-rodzenia-indywidualna.png\",\"datePublished\":\"2024-05-28T19:43:25+00:00\",\"dateModified\":\"2024-05-28T20:25:12+00:00\",\"breadcrumb\":{\"@id\":\"https:\/\/marialepucka.pl\/konsultacje-1__trashed\/indywidualna-szkola-rodzenia-online\/#breadcrumb\"},\"inLanguage\":\"en-US\",\"potentialAction\":[{\"@type\":\"ReadAction\",\"target\":[\"https:\/\/marialepucka.pl\/konsultacje-1__trashed\/indywidualna-szkola-rodzenia-online\/\"]}]},{\"@type\":\"ImageObject\",\"inLanguage\":\"en-US\",\"@id\":\"https:\/\/marialepucka.pl\/konsultacje-1__trashed\/indywidualna-szkola-rodzenia-online\/#primaryimage\",\"url\":\"https:\/\/marialepucka.pl\/wp-content\/uploads\/2021\/06\/szkola-rodzenia-indywidualna.png\",\"contentUrl\":\"https:\/\/marialepucka.pl\/wp-content\/uploads\/2021\/06\/szkola-rodzenia-indywidualna.png\"},{\"@type\":\"BreadcrumbList\",\"@id\":\"https:\/\/marialepucka.pl\/konsultacje-1__trashed\/indywidualna-szkola-rodzenia-online\/#breadcrumb\",\"itemListElement\":[{\"@type\":\"ListItem\",\"position\":1,\"name\":\"Strona g\u0142\u00f3wna\",\"item\":\"https:\/\/marialepucka.pl\/\"},{\"@type\":\"ListItem\",\"position\":2,\"name\":\"Indywidualna szko\u0142a rodzenia online\"}]},{\"@type\":\"WebSite\",\"@id\":\"https:\/\/marialepucka.pl\/#website\",\"url\":\"https:\/\/marialepucka.pl\/\",\"name\":\"Maria Lepucka - po\u0142o\u017cna, certyfikowany doradca laktacyjny\",\"description\":\"Maria Lepucka - po\u0142o\u017cna, certyfikowany doradca laktacyjny, specjalista z zakresu psychodietetyki. Sprawd\u017a referencje, zapisz si\u0119 na szkolenia i konsultacje.\",\"publisher\":{\"@id\":\"https:\/\/marialepucka.pl\/#\/schema\/person\/1ef7936d3440d25cd095172c104a774e\"},\"potentialAction\":[{\"@type\":\"SearchAction\",\"target\":{\"@type\":\"EntryPoint\",\"urlTemplate\":\"https:\/\/marialepucka.pl\/?s={search_term_string}\"},\"query-input\":{\"@type\":\"PropertyValueSpecification\",\"valueRequired\":true,\"valueName\":\"search_term_string\"}}],\"inLanguage\":\"en-US\"},{\"@type\":[\"Person\",\"Organization\"],\"@id\":\"https:\/\/marialepucka.pl\/#\/schema\/person\/1ef7936d3440d25cd095172c104a774e\",\"name\":\"Maria Lepucka\",\"image\":{\"@type\":\"ImageObject\",\"inLanguage\":\"en-US\",\"@id\":\"https:\/\/marialepucka.pl\/#\/schema\/person\/image\/\",\"url\":\"https:\/\/marialepucka.pl\/wp-content\/uploads\/2021\/03\/Maria_Lepucka-96x96.png\",\"contentUrl\":\"https:\/\/marialepucka.pl\/wp-content\/uploads\/2021\/03\/Maria_Lepucka-96x96.png\",\"caption\":\"Maria Lepucka\"},\"logo\":{\"@id\":\"https:\/\/marialepucka.pl\/#\/schema\/person\/image\/\"},\"sameAs\":[\"https:\/\/marialepucka.pl\",\"https:\/\/www.facebook.com\/maria.lepucka.polozna\/\",\"https:\/\/www.instagram.com\/maria.lepucka.polozna\/\",\"https:\/\/www.youtube.com\/c\/MariaLepucka\"]}]}<\/script>\n<!-- \/ Yoast SEO plugin. -->","yoast_head_json":{"title":"Indywidualna szko\u0142a rodzenia online - Maria Lepucka - po\u0142o\u017cna, certyfikowany doradca laktacyjny","robots":{"index":"index","follow":"follow","max-snippet":"max-snippet:-1","max-image-preview":"max-image-preview:large","max-video-preview":"max-video-preview:-1"},"canonical":"https:\/\/marialepucka.pl\/en\/konsultacje-1__trashed\/indywidualna-szkola-rodzenia-online\/","og_locale":"en_US","og_type":"article","og_title":"Indywidualna szko\u0142a rodzenia online - Maria Lepucka - po\u0142o\u017cna, certyfikowany doradca laktacyjny","og_description":"Indywidualna szko\u0142a rodzenia online Indywidualne spotkania szko\u0142y rodzenia online to przygotowanie do rodzicielstwa na miar\u0119 Twoich potrzeb. Mo\u017cesz sama wybra\u0107 tematyk\u0119 lub skorzysta\u0107 z zaj\u0119\u0107 wg autorskiego programu po\u0142o\u017cnej i certyfikowanej doradczyni laktacyjnej (CDL) Marii Lepuckiej. Zaj\u0119cia prowadzone s\u0105 na profesjonalnej, interaktywnej platformie webinarowej. Spotkania indywidualne maj\u0105 form\u0119 wideokonferencji, a terminy ustalane s\u0105 indywidualnie. Tre\u015bci oparte s\u0105 o aktualn\u0105 wiedz\u0119 medyczn\u0105, naukow\u0105, a tak\u017ce ponad 15 letnie do\u015bwiadczenie. To kompleksowe przygotowanie do rodzicielstwa z punktu widzenia praktyka, po\u0142o\u017cnej, pod kt\u00f3rej opiek\u0105 znalaz\u0142o si\u0119 ju\u017c wiele tysi\u0119cy rodzin. Szczeg\u00f3\u0142owy program szko\u0142y rodzenia online dost\u0119pny jest tutaj: Program szko\u0142y rodzenia online. Cena uzale\u017cniona jest od wybranego pakietu spotka\u0144. Pojedyncze spotkanie trwa 90 minut. Um\u00f3w wizyt\u0119","og_url":"https:\/\/marialepucka.pl\/en\/konsultacje-1__trashed\/indywidualna-szkola-rodzenia-online\/","og_site_name":"Maria Lepucka - po\u0142o\u017cna, certyfikowany doradca laktacyjny","article_publisher":"https:\/\/www.facebook.com\/maria.lepucka.polozna\/","article_modified_time":"2024-05-28T20:25:12+00:00","og_image":[{"url":"https:\/\/marialepucka.pl\/wp-content\/uploads\/2021\/06\/szkola-rodzenia-indywidualna.png","type":"","width":"","height":""}],"twitter_card":"summary_large_image","twitter_misc":{"Est. reading time":"1 minute"},"schema":{"@context":"https:\/\/schema.org","@graph":[{"@type":"WebPage","@id":"https:\/\/marialepucka.pl\/konsultacje-1__trashed\/indywidualna-szkola-rodzenia-online\/","url":"https:\/\/marialepucka.pl\/konsultacje-1__trashed\/indywidualna-szkola-rodzenia-online\/","name":"Indywidualna szko\u0142a rodzenia online - Maria Lepucka - po\u0142o\u017cna, certyfikowany doradca laktacyjny","isPartOf":{"@id":"https:\/\/marialepucka.pl\/#website"},"primaryImageOfPage":{"@id":"https:\/\/marialepucka.pl\/konsultacje-1__trashed\/indywidualna-szkola-rodzenia-online\/#primaryimage"},"image":{"@id":"https:\/\/marialepucka.pl\/konsultacje-1__trashed\/indywidualna-szkola-rodzenia-online\/#primaryimage"},"thumbnailUrl":"https:\/\/marialepucka.pl\/wp-content\/uploads\/2021\/06\/szkola-rodzenia-indywidualna.png","datePublished":"2024-05-28T19:43:25+00:00","dateModified":"2024-05-28T20:25:12+00:00","breadcrumb":{"@id":"https:\/\/marialepucka.pl\/konsultacje-1__trashed\/indywidualna-szkola-rodzenia-online\/#breadcrumb"},"inLanguage":"en-US","potentialAction":[{"@type":"ReadAction","target":["https:\/\/marialepucka.pl\/konsultacje-1__trashed\/indywidualna-szkola-rodzenia-online\/"]}]},{"@type":"ImageObject","inLanguage":"en-US","@id":"https:\/\/marialepucka.pl\/konsultacje-1__trashed\/indywidualna-szkola-rodzenia-online\/#primaryimage","url":"https:\/\/marialepucka.pl\/wp-content\/uploads\/2021\/06\/szkola-rodzenia-indywidualna.png","contentUrl":"https:\/\/marialepucka.pl\/wp-content\/uploads\/2021\/06\/szkola-rodzenia-indywidualna.png"},{"@type":"BreadcrumbList","@id":"https:\/\/marialepucka.pl\/konsultacje-1__trashed\/indywidualna-szkola-rodzenia-online\/#breadcrumb","itemListElement":[{"@type":"ListItem","position":1,"name":"Strona g\u0142\u00f3wna","item":"https:\/\/marialepucka.pl\/"},{"@type":"ListItem","position":2,"name":"Indywidualna szko\u0142a rodzenia online"}]},{"@type":"WebSite","@id":"https:\/\/marialepucka.pl\/#website","url":"https:\/\/marialepucka.pl\/","name":"Maria Lepucka - po\u0142o\u017cna, certyfikowany doradca laktacyjny","description":"Maria Lepucka - po\u0142o\u017cna, certyfikowany doradca laktacyjny, specjalista z zakresu psychodietetyki. Sprawd\u017a referencje, zapisz si\u0119 na szkolenia i konsultacje.","publisher":{"@id":"https:\/\/marialepucka.pl\/#\/schema\/person\/1ef7936d3440d25cd095172c104a774e"},"potentialAction":[{"@type":"SearchAction","target":{"@type":"EntryPoint","urlTemplate":"https:\/\/marialepucka.pl\/?s={search_term_string}"},"query-input":{"@type":"PropertyValueSpecification","valueRequired":true,"valueName":"search_term_string"}}],"inLanguage":"en-US"},{"@type":["Person","Organization"],"@id":"https:\/\/marialepucka.pl\/#\/schema\/person\/1ef7936d3440d25cd095172c104a774e","name":"Maria Lepucka","image":{"@type":"ImageObject","inLanguage":"en-US","@id":"https:\/\/marialepucka.pl\/#\/schema\/person\/image\/","url":"https:\/\/marialepucka.pl\/wp-content\/uploads\/2021\/03\/Maria_Lepucka-96x96.png","contentUrl":"https:\/\/marialepucka.pl\/wp-content\/uploads\/2021\/03\/Maria_Lepucka-96x96.png","caption":"Maria Lepucka"},"logo":{"@id":"https:\/\/marialepucka.pl\/#\/schema\/person\/image\/"},"sameAs":["https:\/\/marialepucka.pl","https:\/\/www.facebook.com\/maria.lepucka.polozna\/","https:\/\/www.instagram.com\/maria.lepucka.polozna\/","https:\/\/www.youtube.com\/c\/MariaLepucka"]}]}},"_links":{"self":[{"href":"https:\/\/marialepucka.pl\/en\/wp-json\/wp\/v2\/pages\/8335","targetHints":{"allow":["GET"]}}],"collection":[{"href":"https:\/\/marialepucka.pl\/en\/wp-json\/wp\/v2\/pages"}],"about":[{"href":"https:\/\/marialepucka.pl\/en\/wp-json\/wp\/v2\/types\/page"}],"author":[{"embeddable":true,"href":"https:\/\/marialepucka.pl\/en\/wp-json\/wp\/v2\/users\/1"}],"replies":[{"embeddable":true,"href":"https:\/\/marialepucka.pl\/en\/wp-json\/wp\/v2\/comments?post=8335"}],"version-history":[{"count":17,"href":"https:\/\/marialepucka.pl\/en\/wp-json\/wp\/v2\/pages\/8335\/revisions"}],"predecessor-version":[{"id":8386,"href":"https:\/\/marialepucka.pl\/en\/wp-json\/wp\/v2\/pages\/8335\/revisions\/8386"}],"wp:attachment":[{"href":"https:\/\/marialepucka.pl\/en\/wp-json\/wp\/v2\/media?parent=8335"}],"curies":[{"name":"wp","href":"https:\/\/api.w.org\/{rel}","templated":true}]}}